{"id":11,"date":"2021-08-02T21:16:25","date_gmt":"2021-08-03T00:16:25","guid":{"rendered":"https:\/\/cdvr.com.br\/matsuri\/?page_id=11"},"modified":"2024-04-04T13:42:40","modified_gmt":"2024-04-04T16:42:40","slug":"noticias","status":"publish","type":"page","link":"https:\/\/cdvr.com.br\/matsuri\/noticias\/","title":{"rendered":"Not\u00edcias"},"content":{"rendered":"\n<h2 class=\"has-medium-font-size wp-block-heading\" id=\"h-conheca-a-northen-uma-completa-estrutura-para-atende-lo\">Conhe\u00e7a a Northen, uma completa estrutura para atende-lo!<\/h2>\n\n\n\n<figure class=\"wp-block-embed is-type-video is-provider-youtube wp-block-embed-youtube wp-embed-aspect-16-9 wp-has-aspect-ratio\"><div class=\"wp-block-embed__wrapper\">\n<iframe title=\"institucional northen 07 11\" width=\"800\" height=\"450\" src=\"https:\/\/www.youtube.com\/embed\/BppJDv-SoWI?feature=oembed\" frameborder=\"0\" allow=\"accelerometer; autoplay; clipboard-write; encrypted-media; gyroscope; picture-in-picture; web-share\" referrerpolicy=\"strict-origin-when-cross-origin\" allowfullscreen><\/iframe>\n<\/div><\/figure>\n\n\n\n<p><\/p>\n\n\n\n<p><strong>Festa 250 anos LOBAFEST 2021 em Guaratuba<\/strong><\/p>\n\n\n\n<figure class=\"wp-block-gallery has-nested-images columns-default is-cropped wp-block-gallery-1 is-layout-flex wp-block-gallery-is-layout-flex\">\n<figure class=\"wp-block-image size-large\"><img fetchpriority=\"high\" decoding=\"async\" width=\"724\" height=\"483\" data-id=\"424\" src=\"https:\/\/cdvr.com.br\/matsuri\/wp-content\/uploads\/2021\/12\/1bdcf88e-ab37-475e-b42d-ca21be01a4cf.jpg\" alt=\"\" class=\"wp-image-424\" srcset=\"https:\/\/cdvr.com.br\/matsuri\/wp-content\/uploads\/2021\/12\/1bdcf88e-ab37-475e-b42d-ca21be01a4cf.jpg 724w, https:\/\/cdvr.com.br\/matsuri\/wp-content\/uploads\/2021\/12\/1bdcf88e-ab37-475e-b42d-ca21be01a4cf-300x200.jpg 300w\" sizes=\"(max-width: 724px) 100vw, 724px\" \/><\/figure>\n\n\n\n<figure class=\"wp-block-image size-large\"><img decoding=\"async\" width=\"706\" height=\"1060\" data-id=\"425\" src=\"https:\/\/cdvr.com.br\/matsuri\/wp-content\/uploads\/2021\/12\/35a927a8-cd67-4819-8257-1903f4c7257d-706x1060.jpg\" alt=\"\" class=\"wp-image-425\" srcset=\"https:\/\/cdvr.com.br\/matsuri\/wp-content\/uploads\/2021\/12\/35a927a8-cd67-4819-8257-1903f4c7257d-706x1060.jpg 706w, https:\/\/cdvr.com.br\/matsuri\/wp-content\/uploads\/2021\/12\/35a927a8-cd67-4819-8257-1903f4c7257d-200x300.jpg 200w, https:\/\/cdvr.com.br\/matsuri\/wp-content\/uploads\/2021\/12\/35a927a8-cd67-4819-8257-1903f4c7257d-768x1152.jpg 768w, https:\/\/cdvr.com.br\/matsuri\/wp-content\/uploads\/2021\/12\/35a927a8-cd67-4819-8257-1903f4c7257d.jpg 853w\" sizes=\"(max-width: 706px) 100vw, 706px\" \/><\/figure>\n\n\n\n<figure class=\"wp-block-image size-large\"><img decoding=\"async\" width=\"1060\" height=\"706\" data-id=\"426\" src=\"https:\/\/cdvr.com.br\/matsuri\/wp-content\/uploads\/2021\/12\/7075d759-a1de-48fb-bb08-735845665a6d-1060x706.jpg\" alt=\"\" class=\"wp-image-426\" srcset=\"https:\/\/cdvr.com.br\/matsuri\/wp-content\/uploads\/2021\/12\/7075d759-a1de-48fb-bb08-735845665a6d-1060x706.jpg 1060w, https:\/\/cdvr.com.br\/matsuri\/wp-content\/uploads\/2021\/12\/7075d759-a1de-48fb-bb08-735845665a6d-300x200.jpg 300w, https:\/\/cdvr.com.br\/matsuri\/wp-content\/uploads\/2021\/12\/7075d759-a1de-48fb-bb08-735845665a6d-768x512.jpg 768w, https:\/\/cdvr.com.br\/matsuri\/wp-content\/uploads\/2021\/12\/7075d759-a1de-48fb-bb08-735845665a6d.jpg 1280w\" sizes=\"(max-width: 1060px) 100vw, 1060px\" \/><\/figure>\n\n\n\n<figure class=\"wp-block-image size-large\"><img loading=\"lazy\" decoding=\"async\" width=\"1060\" height=\"706\" data-id=\"427\" src=\"https:\/\/cdvr.com.br\/matsuri\/wp-content\/uploads\/2021\/12\/ad3de084-6480-49d5-ad1c-0de0ec8ea634-1060x706.jpg\" alt=\"\" class=\"wp-image-427\" srcset=\"https:\/\/cdvr.com.br\/matsuri\/wp-content\/uploads\/2021\/12\/ad3de084-6480-49d5-ad1c-0de0ec8ea634-1060x706.jpg 1060w, https:\/\/cdvr.com.br\/matsuri\/wp-content\/uploads\/2021\/12\/ad3de084-6480-49d5-ad1c-0de0ec8ea634-300x200.jpg 300w, https:\/\/cdvr.com.br\/matsuri\/wp-content\/uploads\/2021\/12\/ad3de084-6480-49d5-ad1c-0de0ec8ea634-768x512.jpg 768w, https:\/\/cdvr.com.br\/matsuri\/wp-content\/uploads\/2021\/12\/ad3de084-6480-49d5-ad1c-0de0ec8ea634.jpg 1280w\" sizes=\"(max-width: 1060px) 100vw, 1060px\" \/><\/figure>\n<\/figure>\n\n\n\n<p class=\"has-black-color has-text-color has-medium-font-size\">Participa\u00e7\u00e3o  no evento <strong>LOBAFEST<\/strong> no  ver\u00e3o de 2021. Sempre apoiando nossos parceiros. <br>Um grandioso e belo evento com uma organiza\u00e7\u00e3o impec\u00e1vel da <strong><a href=\"http:\/\/lobadomar.com.br\/\">Loba do Mar Eventos<\/a><\/strong>.<\/p>\n\n\n\n<p><\/p>\n\n\n\n<p><\/p>\n\n\n\n<h2 class=\"has-black-color has-text-color has-medium-font-size wp-block-heading\" id=\"h-expomotorhome-2021\">EXPOMOTORHOME 2021<\/h2>\n\n\n\n<div class=\"wp-block-columns are-vertically-aligned-center is-layout-flex wp-container-core-columns-is-layout-28f84493 wp-block-columns-is-layout-flex\">\n<div class=\"wp-block-column is-vertically-aligned-center is-layout-flow wp-block-column-is-layout-flow\" style=\"flex-basis:100%\">\n<div class=\"wp-block-group is-layout-flow wp-block-group-is-layout-flow\">\n<figure class=\"wp-block-gallery has-nested-images columns-default is-cropped wp-block-gallery-2 is-layout-flex wp-block-gallery-is-layout-flex\">\n<figure class=\"wp-block-image size-large\"><img loading=\"lazy\" decoding=\"async\" width=\"1060\" height=\"795\" data-id=\"440\" src=\"https:\/\/cdvr.com.br\/matsuri\/wp-content\/uploads\/2022\/02\/2021-12-11-12.51.38-1060x795.jpg\" alt=\"\" class=\"wp-image-440\" srcset=\"https:\/\/cdvr.com.br\/matsuri\/wp-content\/uploads\/2022\/02\/2021-12-11-12.51.38-1060x795.jpg 1060w, https:\/\/cdvr.com.br\/matsuri\/wp-content\/uploads\/2022\/02\/2021-12-11-12.51.38-300x225.jpg 300w, https:\/\/cdvr.com.br\/matsuri\/wp-content\/uploads\/2022\/02\/2021-12-11-12.51.38-768x576.jpg 768w, https:\/\/cdvr.com.br\/matsuri\/wp-content\/uploads\/2022\/02\/2021-12-11-12.51.38-1536x1152.jpg 1536w, https:\/\/cdvr.com.br\/matsuri\/wp-content\/uploads\/2022\/02\/2021-12-11-12.51.38-2048x1536.jpg 2048w\" sizes=\"(max-width: 1060px) 100vw, 1060px\" \/><\/figure>\n\n\n\n<figure class=\"wp-block-image size-large\"><img loading=\"lazy\" decoding=\"async\" width=\"1060\" height=\"795\" data-id=\"437\" src=\"https:\/\/cdvr.com.br\/matsuri\/wp-content\/uploads\/2022\/02\/2021-12-11-13.10.02-1060x795.jpg\" alt=\"\" class=\"wp-image-437\" srcset=\"https:\/\/cdvr.com.br\/matsuri\/wp-content\/uploads\/2022\/02\/2021-12-11-13.10.02-1060x795.jpg 1060w, https:\/\/cdvr.com.br\/matsuri\/wp-content\/uploads\/2022\/02\/2021-12-11-13.10.02-300x225.jpg 300w, https:\/\/cdvr.com.br\/matsuri\/wp-content\/uploads\/2022\/02\/2021-12-11-13.10.02-768x576.jpg 768w, https:\/\/cdvr.com.br\/matsuri\/wp-content\/uploads\/2022\/02\/2021-12-11-13.10.02-1536x1152.jpg 1536w, https:\/\/cdvr.com.br\/matsuri\/wp-content\/uploads\/2022\/02\/2021-12-11-13.10.02-2048x1536.jpg 2048w\" sizes=\"(max-width: 1060px) 100vw, 1060px\" \/><\/figure>\n\n\n\n<figure class=\"wp-block-image size-large\"><img loading=\"lazy\" decoding=\"async\" width=\"1060\" height=\"795\" data-id=\"438\" src=\"https:\/\/cdvr.com.br\/matsuri\/wp-content\/uploads\/2022\/02\/2021-12-11-12.56.24-1060x795.jpg\" alt=\"\" class=\"wp-image-438\" srcset=\"https:\/\/cdvr.com.br\/matsuri\/wp-content\/uploads\/2022\/02\/2021-12-11-12.56.24-1060x795.jpg 1060w, https:\/\/cdvr.com.br\/matsuri\/wp-content\/uploads\/2022\/02\/2021-12-11-12.56.24-300x225.jpg 300w, https:\/\/cdvr.com.br\/matsuri\/wp-content\/uploads\/2022\/02\/2021-12-11-12.56.24-768x576.jpg 768w, https:\/\/cdvr.com.br\/matsuri\/wp-content\/uploads\/2022\/02\/2021-12-11-12.56.24-1536x1152.jpg 1536w, https:\/\/cdvr.com.br\/matsuri\/wp-content\/uploads\/2022\/02\/2021-12-11-12.56.24-2048x1536.jpg 2048w\" sizes=\"(max-width: 1060px) 100vw, 1060px\" \/><\/figure>\n\n\n\n<figure class=\"wp-block-image size-large\"><img loading=\"lazy\" decoding=\"async\" width=\"1060\" height=\"795\" data-id=\"439\" src=\"https:\/\/cdvr.com.br\/matsuri\/wp-content\/uploads\/2022\/02\/2021-12-11-12.51.59-1060x795.jpg\" alt=\"\" class=\"wp-image-439\" srcset=\"https:\/\/cdvr.com.br\/matsuri\/wp-content\/uploads\/2022\/02\/2021-12-11-12.51.59-1060x795.jpg 1060w, https:\/\/cdvr.com.br\/matsuri\/wp-content\/uploads\/2022\/02\/2021-12-11-12.51.59-300x225.jpg 300w, https:\/\/cdvr.com.br\/matsuri\/wp-content\/uploads\/2022\/02\/2021-12-11-12.51.59-768x576.jpg 768w, https:\/\/cdvr.com.br\/matsuri\/wp-content\/uploads\/2022\/02\/2021-12-11-12.51.59-1536x1152.jpg 1536w, https:\/\/cdvr.com.br\/matsuri\/wp-content\/uploads\/2022\/02\/2021-12-11-12.51.59-2048x1536.jpg 2048w\" sizes=\"(max-width: 1060px) 100vw, 1060px\" \/><\/figure>\n<\/figure>\n<\/div>\n\n\n\n<p class=\"has-black-color has-text-color has-medium-font-size\">A 5\u00aa expo Motorhome foi um evento grandioso dos dias 09 \u00e1 12\/12 com p\u00fablico voltado a compradores e fabricantes de motorhome e trailer, o evento foi sediado no <strong>Expotrade Convention Center<\/strong>. &nbsp;<\/p>\n\n\n\n<p><\/p>\n<\/div>\n<\/div>\n\n\n\n<p><\/p>\n","protected":false},"excerpt":{"rendered":"<p>Conhe\u00e7a a Northen, uma completa estrutura para atende-lo! Festa 250 anos LOBAFEST 2021 em Guaratuba Participa\u00e7\u00e3o no evento LOBAFEST no ver\u00e3o de 2021. Sempre apoiando nossos parceiros. Um grandioso e belo evento com uma organiza\u00e7\u00e3o impec\u00e1vel da Loba do Mar Eventos. EXPOMOTORHOME 2021 A 5\u00aa expo Motorhome foi um evento grandioso dos dias 09 \u00e1 [&hellip;]<\/p>\n","protected":false},"author":1,"featured_media":0,"parent":0,"menu_order":0,"comment_status":"closed","ping_status":"closed","template":"","meta":{"_joinchat":[],"footnotes":""},"class_list":["post-11","page","type-page","status-publish","hentry"],"yoast_head":"<!-- This site is optimized with the Yoast SEO plugin v27.5 - https:\/\/yoast.com\/product\/yoast-seo-wordpress\/ -->\n<title>Not\u00edcias - Matsuri<\/title>\n<meta name=\"robots\" content=\"index, follow, max-snippet:-1, max-image-preview:large, max-video-preview:-1\" \/>\n<link rel=\"canonical\" href=\"https:\/\/cdvr.com.br\/matsuri\/noticias\/\" \/>\n<meta property=\"og:locale\" content=\"pt_BR\" \/>\n<meta property=\"og:type\" content=\"article\" \/>\n<meta property=\"og:title\" content=\"Not\u00edcias - Matsuri\" \/>\n<meta property=\"og:description\" content=\"Conhe\u00e7a a Northen, uma completa estrutura para atende-lo! Festa 250 anos LOBAFEST 2021 em Guaratuba Participa\u00e7\u00e3o no evento LOBAFEST no ver\u00e3o de 2021. Sempre apoiando nossos parceiros. Um grandioso e belo evento com uma organiza\u00e7\u00e3o impec\u00e1vel da Loba do Mar Eventos. EXPOMOTORHOME 2021 A 5\u00aa expo Motorhome foi um evento grandioso dos dias 09 \u00e1 [&hellip;]\" \/>\n<meta property=\"og:url\" content=\"https:\/\/cdvr.com.br\/matsuri\/noticias\/\" \/>\n<meta property=\"og:site_name\" content=\"Matsuri\" \/>\n<meta property=\"article:publisher\" content=\"https:\/\/www.facebook.com\/matsuri.tecnologia\/\" \/>\n<meta property=\"article:modified_time\" content=\"2024-04-04T16:42:40+00:00\" \/>\n<meta property=\"og:image\" content=\"https:\/\/cdvr.com.br\/matsuri\/wp-content\/uploads\/2021\/12\/1bdcf88e-ab37-475e-b42d-ca21be01a4cf.jpg\" \/>\n<meta name=\"twitter:card\" content=\"summary_large_image\" \/>\n<meta name=\"twitter:label1\" content=\"Est. tempo de leitura\" \/>\n\t<meta name=\"twitter:data1\" content=\"3 minutos\" \/>\n<script type=\"application\/ld+json\" class=\"yoast-schema-graph\">{\"@context\":\"https:\\\/\\\/schema.org\",\"@graph\":[{\"@type\":\"WebPage\",\"@id\":\"https:\\\/\\\/cdvr.com.br\\\/matsuri\\\/noticias\\\/\",\"url\":\"https:\\\/\\\/cdvr.com.br\\\/matsuri\\\/noticias\\\/\",\"name\":\"Not\u00edcias - Matsuri\",\"isPartOf\":{\"@id\":\"https:\\\/\\\/cdvr.com.br\\\/matsuri\\\/#website\"},\"primaryImageOfPage\":{\"@id\":\"https:\\\/\\\/cdvr.com.br\\\/matsuri\\\/noticias\\\/#primaryimage\"},\"image\":{\"@id\":\"https:\\\/\\\/cdvr.com.br\\\/matsuri\\\/noticias\\\/#primaryimage\"},\"thumbnailUrl\":\"https:\\\/\\\/cdvr.com.br\\\/matsuri\\\/wp-content\\\/uploads\\\/2021\\\/12\\\/1bdcf88e-ab37-475e-b42d-ca21be01a4cf.jpg\",\"datePublished\":\"2021-08-03T00:16:25+00:00\",\"dateModified\":\"2024-04-04T16:42:40+00:00\",\"breadcrumb\":{\"@id\":\"https:\\\/\\\/cdvr.com.br\\\/matsuri\\\/noticias\\\/#breadcrumb\"},\"inLanguage\":\"pt-BR\",\"potentialAction\":[{\"@type\":\"ReadAction\",\"target\":[\"https:\\\/\\\/cdvr.com.br\\\/matsuri\\\/noticias\\\/\"]}]},{\"@type\":\"ImageObject\",\"inLanguage\":\"pt-BR\",\"@id\":\"https:\\\/\\\/cdvr.com.br\\\/matsuri\\\/noticias\\\/#primaryimage\",\"url\":\"https:\\\/\\\/cdvr.com.br\\\/matsuri\\\/wp-content\\\/uploads\\\/2021\\\/12\\\/1bdcf88e-ab37-475e-b42d-ca21be01a4cf.jpg\",\"contentUrl\":\"https:\\\/\\\/cdvr.com.br\\\/matsuri\\\/wp-content\\\/uploads\\\/2021\\\/12\\\/1bdcf88e-ab37-475e-b42d-ca21be01a4cf.jpg\",\"width\":724,\"height\":483},{\"@type\":\"BreadcrumbList\",\"@id\":\"https:\\\/\\\/cdvr.com.br\\\/matsuri\\\/noticias\\\/#breadcrumb\",\"itemListElement\":[{\"@type\":\"ListItem\",\"position\":1,\"name\":\"Home\",\"item\":\"https:\\\/\\\/cdvr.com.br\\\/matsuri\\\/\"},{\"@type\":\"ListItem\",\"position\":2,\"name\":\"Not\u00edcias\"}]},{\"@type\":\"WebSite\",\"@id\":\"https:\\\/\\\/cdvr.com.br\\\/matsuri\\\/#website\",\"url\":\"https:\\\/\\\/cdvr.com.br\\\/matsuri\\\/\",\"name\":\"Matsuri\",\"description\":\"Tecnologia Japonesa\",\"publisher\":{\"@id\":\"https:\\\/\\\/cdvr.com.br\\\/matsuri\\\/#organization\"},\"potentialAction\":[{\"@type\":\"SearchAction\",\"target\":{\"@type\":\"EntryPoint\",\"urlTemplate\":\"https:\\\/\\\/cdvr.com.br\\\/matsuri\\\/?s={search_term_string}\"},\"query-input\":{\"@type\":\"PropertyValueSpecification\",\"valueRequired\":true,\"valueName\":\"search_term_string\"}}],\"inLanguage\":\"pt-BR\"},{\"@type\":\"Organization\",\"@id\":\"https:\\\/\\\/cdvr.com.br\\\/matsuri\\\/#organization\",\"name\":\"Matsuri\",\"url\":\"https:\\\/\\\/cdvr.com.br\\\/matsuri\\\/\",\"logo\":{\"@type\":\"ImageObject\",\"inLanguage\":\"pt-BR\",\"@id\":\"https:\\\/\\\/cdvr.com.br\\\/matsuri\\\/#\\\/schema\\\/logo\\\/image\\\/\",\"url\":\"https:\\\/\\\/cdvr.com.br\\\/matsuri\\\/wp-content\\\/uploads\\\/2023\\\/02\\\/cropped-Logo-Matsuri-2-1-1.png\",\"contentUrl\":\"https:\\\/\\\/cdvr.com.br\\\/matsuri\\\/wp-content\\\/uploads\\\/2023\\\/02\\\/cropped-Logo-Matsuri-2-1-1.png\",\"width\":195,\"height\":60,\"caption\":\"Matsuri\"},\"image\":{\"@id\":\"https:\\\/\\\/cdvr.com.br\\\/matsuri\\\/#\\\/schema\\\/logo\\\/image\\\/\"},\"sameAs\":[\"https:\\\/\\\/www.facebook.com\\\/matsuri.tecnologia\\\/\"]}]}<\/script>\n<!-- \/ Yoast SEO plugin. -->","yoast_head_json":{"title":"Not\u00edcias - Matsuri","robots":{"index":"index","follow":"follow","max-snippet":"max-snippet:-1","max-image-preview":"max-image-preview:large","max-video-preview":"max-video-preview:-1"},"canonical":"https:\/\/cdvr.com.br\/matsuri\/noticias\/","og_locale":"pt_BR","og_type":"article","og_title":"Not\u00edcias - Matsuri","og_description":"Conhe\u00e7a a Northen, uma completa estrutura para atende-lo! Festa 250 anos LOBAFEST 2021 em Guaratuba Participa\u00e7\u00e3o no evento LOBAFEST no ver\u00e3o de 2021. Sempre apoiando nossos parceiros. Um grandioso e belo evento com uma organiza\u00e7\u00e3o impec\u00e1vel da Loba do Mar Eventos. EXPOMOTORHOME 2021 A 5\u00aa expo Motorhome foi um evento grandioso dos dias 09 \u00e1 [&hellip;]","og_url":"https:\/\/cdvr.com.br\/matsuri\/noticias\/","og_site_name":"Matsuri","article_publisher":"https:\/\/www.facebook.com\/matsuri.tecnologia\/","article_modified_time":"2024-04-04T16:42:40+00:00","og_image":[{"url":"https:\/\/cdvr.com.br\/matsuri\/wp-content\/uploads\/2021\/12\/1bdcf88e-ab37-475e-b42d-ca21be01a4cf.jpg","type":"","width":"","height":""}],"twitter_card":"summary_large_image","twitter_misc":{"Est. tempo de leitura":"3 minutos"},"schema":{"@context":"https:\/\/schema.org","@graph":[{"@type":"WebPage","@id":"https:\/\/cdvr.com.br\/matsuri\/noticias\/","url":"https:\/\/cdvr.com.br\/matsuri\/noticias\/","name":"Not\u00edcias - Matsuri","isPartOf":{"@id":"https:\/\/cdvr.com.br\/matsuri\/#website"},"primaryImageOfPage":{"@id":"https:\/\/cdvr.com.br\/matsuri\/noticias\/#primaryimage"},"image":{"@id":"https:\/\/cdvr.com.br\/matsuri\/noticias\/#primaryimage"},"thumbnailUrl":"https:\/\/cdvr.com.br\/matsuri\/wp-content\/uploads\/2021\/12\/1bdcf88e-ab37-475e-b42d-ca21be01a4cf.jpg","datePublished":"2021-08-03T00:16:25+00:00","dateModified":"2024-04-04T16:42:40+00:00","breadcrumb":{"@id":"https:\/\/cdvr.com.br\/matsuri\/noticias\/#breadcrumb"},"inLanguage":"pt-BR","potentialAction":[{"@type":"ReadAction","target":["https:\/\/cdvr.com.br\/matsuri\/noticias\/"]}]},{"@type":"ImageObject","inLanguage":"pt-BR","@id":"https:\/\/cdvr.com.br\/matsuri\/noticias\/#primaryimage","url":"https:\/\/cdvr.com.br\/matsuri\/wp-content\/uploads\/2021\/12\/1bdcf88e-ab37-475e-b42d-ca21be01a4cf.jpg","contentUrl":"https:\/\/cdvr.com.br\/matsuri\/wp-content\/uploads\/2021\/12\/1bdcf88e-ab37-475e-b42d-ca21be01a4cf.jpg","width":724,"height":483},{"@type":"BreadcrumbList","@id":"https:\/\/cdvr.com.br\/matsuri\/noticias\/#breadcrumb","itemListElement":[{"@type":"ListItem","position":1,"name":"Home","item":"https:\/\/cdvr.com.br\/matsuri\/"},{"@type":"ListItem","position":2,"name":"Not\u00edcias"}]},{"@type":"WebSite","@id":"https:\/\/cdvr.com.br\/matsuri\/#website","url":"https:\/\/cdvr.com.br\/matsuri\/","name":"Matsuri","description":"Tecnologia Japonesa","publisher":{"@id":"https:\/\/cdvr.com.br\/matsuri\/#organization"},"potentialAction":[{"@type":"SearchAction","target":{"@type":"EntryPoint","urlTemplate":"https:\/\/cdvr.com.br\/matsuri\/?s={search_term_string}"},"query-input":{"@type":"PropertyValueSpecification","valueRequired":true,"valueName":"search_term_string"}}],"inLanguage":"pt-BR"},{"@type":"Organization","@id":"https:\/\/cdvr.com.br\/matsuri\/#organization","name":"Matsuri","url":"https:\/\/cdvr.com.br\/matsuri\/","logo":{"@type":"ImageObject","inLanguage":"pt-BR","@id":"https:\/\/cdvr.com.br\/matsuri\/#\/schema\/logo\/image\/","url":"https:\/\/cdvr.com.br\/matsuri\/wp-content\/uploads\/2023\/02\/cropped-Logo-Matsuri-2-1-1.png","contentUrl":"https:\/\/cdvr.com.br\/matsuri\/wp-content\/uploads\/2023\/02\/cropped-Logo-Matsuri-2-1-1.png","width":195,"height":60,"caption":"Matsuri"},"image":{"@id":"https:\/\/cdvr.com.br\/matsuri\/#\/schema\/logo\/image\/"},"sameAs":["https:\/\/www.facebook.com\/matsuri.tecnologia\/"]}]}},"_links":{"self":[{"href":"https:\/\/cdvr.com.br\/matsuri\/wp-json\/wp\/v2\/pages\/11","targetHints":{"allow":["GET"]}}],"collection":[{"href":"https:\/\/cdvr.com.br\/matsuri\/wp-json\/wp\/v2\/pages"}],"about":[{"href":"https:\/\/cdvr.com.br\/matsuri\/wp-json\/wp\/v2\/types\/page"}],"author":[{"embeddable":true,"href":"https:\/\/cdvr.com.br\/matsuri\/wp-json\/wp\/v2\/users\/1"}],"replies":[{"embeddable":true,"href":"https:\/\/cdvr.com.br\/matsuri\/wp-json\/wp\/v2\/comments?post=11"}],"version-history":[{"count":29,"href":"https:\/\/cdvr.com.br\/matsuri\/wp-json\/wp\/v2\/pages\/11\/revisions"}],"predecessor-version":[{"id":1133,"href":"https:\/\/cdvr.com.br\/matsuri\/wp-json\/wp\/v2\/pages\/11\/revisions\/1133"}],"wp:attachment":[{"href":"https:\/\/cdvr.com.br\/matsuri\/wp-json\/wp\/v2\/media?parent=11"}],"curies":[{"name":"wp","href":"https:\/\/api.w.org\/{rel}","templated":true}]}}