{"id":184,"date":"2021-08-16T22:06:56","date_gmt":"2021-08-17T01:06:56","guid":{"rendered":"https:\/\/cdvr.com.br\/matsuri\/?page_id=184"},"modified":"2024-04-04T13:38:53","modified_gmt":"2024-04-04T16:38:53","slug":"seja-um-representante","status":"publish","type":"page","link":"https:\/\/cdvr.com.br\/matsuri\/seja-um-representante\/","title":{"rendered":"Seja um Representante"},"content":{"rendered":"\n<pre class=\"wp-block-verse has-medium-font-size\">Trabalhe Conosco!\n\nEstamos cadastrando representantes e revendas.\nSe voc\u00ea deseja ser nosso representante\/revenda em sua regi\u00e3o, n\u00e3o hesite em nos contatar. \n\n<a href=\"https:\/\/www.youtube.com\/watch?v=BppJDv-SoWI\" target=\"_blank\" rel=\"noreferrer noopener\">Conhe\u00e7a a nossa estrutura! <\/a>\n\nMuito Obrigado!<\/pre>\n\n\n\n<div class=\"wpcf7 no-js\" id=\"wpcf7-f186-o1\" lang=\"pt-BR\" dir=\"ltr\" data-wpcf7-id=\"186\">\n<div class=\"screen-reader-response\"><p role=\"status\" aria-live=\"polite\" aria-atomic=\"true\"><\/p> <ul><\/ul><\/div>\n<form action=\"\/matsuri\/wp-json\/wp\/v2\/pages\/184#wpcf7-f186-o1\" method=\"post\" class=\"wpcf7-form init\" aria-label=\"Formul\u00e1rios de contato\" novalidate=\"novalidate\" data-status=\"init\">\n<fieldset class=\"hidden-fields-container\"><input type=\"hidden\" name=\"_wpcf7\" value=\"186\" \/><input type=\"hidden\" name=\"_wpcf7_version\" value=\"6.1.5\" \/><input type=\"hidden\" name=\"_wpcf7_locale\" value=\"pt_BR\" \/><input type=\"hidden\" name=\"_wpcf7_unit_tag\" value=\"wpcf7-f186-o1\" \/><input type=\"hidden\" name=\"_wpcf7_container_post\" value=\"0\" \/><input type=\"hidden\" name=\"_wpcf7_posted_data_hash\" value=\"\" \/>\n<\/fieldset>\n<div class=\"contato\">\n\t<div class=\"row\">\n\t\t<div class=\"col-12\">\n\t\t\t<p><label>Nome:<\/label><br \/>\n<span class=\"wpcf7-form-control-wrap\" data-name=\"txt_nome\"><input size=\"40\" maxlength=\"400\" class=\"wpcf7-form-control wpcf7-text wpcf7-validates-as-required\" aria-required=\"true\" aria-invalid=\"false\" placeholder=\"Digite seu nome\" value=\"\" type=\"text\" name=\"txt_nome\" \/><\/span>\n\t\t\t<\/p>\n\t\t<\/div>\n\t\t<div class=\"col-12 col-md-6\">\n\t\t\t<p><label>E-mail:<\/label><br \/>\n<span class=\"wpcf7-form-control-wrap\" data-name=\"txt_email\"><input size=\"40\" maxlength=\"400\" class=\"wpcf7-form-control wpcf7-email wpcf7-validates-as-required wpcf7-text wpcf7-validates-as-email\" aria-required=\"true\" aria-invalid=\"false\" placeholder=\"digite@seuemail.com\" value=\"\" type=\"email\" name=\"txt_email\" \/><\/span>\n\t\t\t<\/p>\n\t\t<\/div>\n\t\t<div class=\"col-12 col-md-6\">\n\t\t\t<p><label>Telefone:<\/label><br \/>\n<span class=\"wpcf7-form-control-wrap\" data-name=\"txt_telefone\"><input size=\"40\" maxlength=\"400\" class=\"wpcf7-form-control wpcf7-tel wpcf7-validates-as-required wpcf7-text wpcf7-validates-as-tel\" aria-required=\"true\" aria-invalid=\"false\" placeholder=\"(99) 9999 9999\" value=\"\" type=\"tel\" name=\"txt_telefone\" \/><\/span>\n\t\t\t<\/p>\n\t\t<\/div>\n\t\t<div class=\"col-12\">\n\t\t\t<p><label>Deixe sua mensagem<\/label><br \/>\n<span class=\"wpcf7-form-control-wrap\" data-name=\"txt_mensagem\"><textarea cols=\"40\" rows=\"10\" maxlength=\"2000\" class=\"wpcf7-form-control wpcf7-textarea\" aria-invalid=\"false\" placeholder=\"Digite sua mensagem\" name=\"txt_mensagem\"><\/textarea><\/span>\n\t\t\t<\/p>\n\t\t<\/div>\n\t\t<div class=\"col-12\">\n\t\t\t<p><input class=\"wpcf7-form-control wpcf7-submit has-spinner btn btn-secondary\" type=\"submit\" value=\"Enviar\" \/>\n\t\t\t<\/p>\n\t\t<\/div>\n\t<\/div>\n<\/div><div class=\"wpcf7-response-output\" aria-hidden=\"true\"><\/div>\n<\/form>\n<\/div>\n\n","protected":false},"excerpt":{"rendered":"<p>Trabalhe Conosco! Estamos cadastrando representantes e revendas. Se voc\u00ea deseja ser nosso representante\/revenda em sua regi\u00e3o, n\u00e3o hesite em nos contatar. Conhe\u00e7a a nossa estrutura! Muito Obrigado!<\/p>\n","protected":false},"author":1,"featured_media":0,"parent":0,"menu_order":0,"comment_status":"closed","ping_status":"closed","template":"","meta":{"_joinchat":[],"footnotes":""},"class_list":["post-184","page","type-page","status-publish","hentry"],"yoast_head":"<!-- This site is optimized with the Yoast SEO plugin v27.5 - https:\/\/yoast.com\/product\/yoast-seo-wordpress\/ -->\n<title>Seja um Representante - Matsuri<\/title>\n<meta name=\"robots\" content=\"index, follow, max-snippet:-1, max-image-preview:large, max-video-preview:-1\" \/>\n<link rel=\"canonical\" href=\"https:\/\/cdvr.com.br\/matsuri\/seja-um-representante\/\" \/>\n<meta property=\"og:locale\" content=\"pt_BR\" \/>\n<meta property=\"og:type\" content=\"article\" \/>\n<meta property=\"og:title\" content=\"Seja um Representante - Matsuri\" \/>\n<meta property=\"og:description\" content=\"Trabalhe Conosco! Estamos cadastrando representantes e revendas. Se voc\u00ea deseja ser nosso representante\/revenda em sua regi\u00e3o, n\u00e3o hesite em nos contatar. Conhe\u00e7a a nossa estrutura! Muito Obrigado!\" \/>\n<meta property=\"og:url\" content=\"https:\/\/cdvr.com.br\/matsuri\/seja-um-representante\/\" \/>\n<meta property=\"og:site_name\" content=\"Matsuri\" \/>\n<meta property=\"article:publisher\" content=\"https:\/\/www.facebook.com\/matsuri.tecnologia\/\" \/>\n<meta property=\"article:modified_time\" content=\"2024-04-04T16:38:53+00:00\" \/>\n<meta name=\"twitter:card\" content=\"summary_large_image\" \/>\n<meta name=\"twitter:label1\" content=\"Est. tempo de leitura\" \/>\n\t<meta name=\"twitter:data1\" content=\"1 minuto\" \/>\n<script type=\"application\/ld+json\" class=\"yoast-schema-graph\">{\"@context\":\"https:\\\/\\\/schema.org\",\"@graph\":[{\"@type\":\"WebPage\",\"@id\":\"https:\\\/\\\/cdvr.com.br\\\/matsuri\\\/seja-um-representante\\\/\",\"url\":\"https:\\\/\\\/cdvr.com.br\\\/matsuri\\\/seja-um-representante\\\/\",\"name\":\"Seja um Representante - Matsuri\",\"isPartOf\":{\"@id\":\"https:\\\/\\\/cdvr.com.br\\\/matsuri\\\/#website\"},\"datePublished\":\"2021-08-17T01:06:56+00:00\",\"dateModified\":\"2024-04-04T16:38:53+00:00\",\"breadcrumb\":{\"@id\":\"https:\\\/\\\/cdvr.com.br\\\/matsuri\\\/seja-um-representante\\\/#breadcrumb\"},\"inLanguage\":\"pt-BR\",\"potentialAction\":[{\"@type\":\"ReadAction\",\"target\":[\"https:\\\/\\\/cdvr.com.br\\\/matsuri\\\/seja-um-representante\\\/\"]}]},{\"@type\":\"BreadcrumbList\",\"@id\":\"https:\\\/\\\/cdvr.com.br\\\/matsuri\\\/seja-um-representante\\\/#breadcrumb\",\"itemListElement\":[{\"@type\":\"ListItem\",\"position\":1,\"name\":\"Home\",\"item\":\"https:\\\/\\\/cdvr.com.br\\\/matsuri\\\/\"},{\"@type\":\"ListItem\",\"position\":2,\"name\":\"Seja um Representante\"}]},{\"@type\":\"WebSite\",\"@id\":\"https:\\\/\\\/cdvr.com.br\\\/matsuri\\\/#website\",\"url\":\"https:\\\/\\\/cdvr.com.br\\\/matsuri\\\/\",\"name\":\"Matsuri\",\"description\":\"Tecnologia Japonesa\",\"publisher\":{\"@id\":\"https:\\\/\\\/cdvr.com.br\\\/matsuri\\\/#organization\"},\"potentialAction\":[{\"@type\":\"SearchAction\",\"target\":{\"@type\":\"EntryPoint\",\"urlTemplate\":\"https:\\\/\\\/cdvr.com.br\\\/matsuri\\\/?s={search_term_string}\"},\"query-input\":{\"@type\":\"PropertyValueSpecification\",\"valueRequired\":true,\"valueName\":\"search_term_string\"}}],\"inLanguage\":\"pt-BR\"},{\"@type\":\"Organization\",\"@id\":\"https:\\\/\\\/cdvr.com.br\\\/matsuri\\\/#organization\",\"name\":\"Matsuri\",\"url\":\"https:\\\/\\\/cdvr.com.br\\\/matsuri\\\/\",\"logo\":{\"@type\":\"ImageObject\",\"inLanguage\":\"pt-BR\",\"@id\":\"https:\\\/\\\/cdvr.com.br\\\/matsuri\\\/#\\\/schema\\\/logo\\\/image\\\/\",\"url\":\"https:\\\/\\\/cdvr.com.br\\\/matsuri\\\/wp-content\\\/uploads\\\/2023\\\/02\\\/cropped-Logo-Matsuri-2-1-1.png\",\"contentUrl\":\"https:\\\/\\\/cdvr.com.br\\\/matsuri\\\/wp-content\\\/uploads\\\/2023\\\/02\\\/cropped-Logo-Matsuri-2-1-1.png\",\"width\":195,\"height\":60,\"caption\":\"Matsuri\"},\"image\":{\"@id\":\"https:\\\/\\\/cdvr.com.br\\\/matsuri\\\/#\\\/schema\\\/logo\\\/image\\\/\"},\"sameAs\":[\"https:\\\/\\\/www.facebook.com\\\/matsuri.tecnologia\\\/\"]}]}<\/script>\n<!-- \/ Yoast SEO plugin. -->","yoast_head_json":{"title":"Seja um Representante - Matsuri","robots":{"index":"index","follow":"follow","max-snippet":"max-snippet:-1","max-image-preview":"max-image-preview:large","max-video-preview":"max-video-preview:-1"},"canonical":"https:\/\/cdvr.com.br\/matsuri\/seja-um-representante\/","og_locale":"pt_BR","og_type":"article","og_title":"Seja um Representante - Matsuri","og_description":"Trabalhe Conosco! Estamos cadastrando representantes e revendas. Se voc\u00ea deseja ser nosso representante\/revenda em sua regi\u00e3o, n\u00e3o hesite em nos contatar. Conhe\u00e7a a nossa estrutura! Muito Obrigado!","og_url":"https:\/\/cdvr.com.br\/matsuri\/seja-um-representante\/","og_site_name":"Matsuri","article_publisher":"https:\/\/www.facebook.com\/matsuri.tecnologia\/","article_modified_time":"2024-04-04T16:38:53+00:00","twitter_card":"summary_large_image","twitter_misc":{"Est. tempo de leitura":"1 minuto"},"schema":{"@context":"https:\/\/schema.org","@graph":[{"@type":"WebPage","@id":"https:\/\/cdvr.com.br\/matsuri\/seja-um-representante\/","url":"https:\/\/cdvr.com.br\/matsuri\/seja-um-representante\/","name":"Seja um Representante - Matsuri","isPartOf":{"@id":"https:\/\/cdvr.com.br\/matsuri\/#website"},"datePublished":"2021-08-17T01:06:56+00:00","dateModified":"2024-04-04T16:38:53+00:00","breadcrumb":{"@id":"https:\/\/cdvr.com.br\/matsuri\/seja-um-representante\/#breadcrumb"},"inLanguage":"pt-BR","potentialAction":[{"@type":"ReadAction","target":["https:\/\/cdvr.com.br\/matsuri\/seja-um-representante\/"]}]},{"@type":"BreadcrumbList","@id":"https:\/\/cdvr.com.br\/matsuri\/seja-um-representante\/#breadcrumb","itemListElement":[{"@type":"ListItem","position":1,"name":"Home","item":"https:\/\/cdvr.com.br\/matsuri\/"},{"@type":"ListItem","position":2,"name":"Seja um Representante"}]},{"@type":"WebSite","@id":"https:\/\/cdvr.com.br\/matsuri\/#website","url":"https:\/\/cdvr.com.br\/matsuri\/","name":"Matsuri","description":"Tecnologia Japonesa","publisher":{"@id":"https:\/\/cdvr.com.br\/matsuri\/#organization"},"potentialAction":[{"@type":"SearchAction","target":{"@type":"EntryPoint","urlTemplate":"https:\/\/cdvr.com.br\/matsuri\/?s={search_term_string}"},"query-input":{"@type":"PropertyValueSpecification","valueRequired":true,"valueName":"search_term_string"}}],"inLanguage":"pt-BR"},{"@type":"Organization","@id":"https:\/\/cdvr.com.br\/matsuri\/#organization","name":"Matsuri","url":"https:\/\/cdvr.com.br\/matsuri\/","logo":{"@type":"ImageObject","inLanguage":"pt-BR","@id":"https:\/\/cdvr.com.br\/matsuri\/#\/schema\/logo\/image\/","url":"https:\/\/cdvr.com.br\/matsuri\/wp-content\/uploads\/2023\/02\/cropped-Logo-Matsuri-2-1-1.png","contentUrl":"https:\/\/cdvr.com.br\/matsuri\/wp-content\/uploads\/2023\/02\/cropped-Logo-Matsuri-2-1-1.png","width":195,"height":60,"caption":"Matsuri"},"image":{"@id":"https:\/\/cdvr.com.br\/matsuri\/#\/schema\/logo\/image\/"},"sameAs":["https:\/\/www.facebook.com\/matsuri.tecnologia\/"]}]}},"_links":{"self":[{"href":"https:\/\/cdvr.com.br\/matsuri\/wp-json\/wp\/v2\/pages\/184","targetHints":{"allow":["GET"]}}],"collection":[{"href":"https:\/\/cdvr.com.br\/matsuri\/wp-json\/wp\/v2\/pages"}],"about":[{"href":"https:\/\/cdvr.com.br\/matsuri\/wp-json\/wp\/v2\/types\/page"}],"author":[{"embeddable":true,"href":"https:\/\/cdvr.com.br\/matsuri\/wp-json\/wp\/v2\/users\/1"}],"replies":[{"embeddable":true,"href":"https:\/\/cdvr.com.br\/matsuri\/wp-json\/wp\/v2\/comments?post=184"}],"version-history":[{"count":8,"href":"https:\/\/cdvr.com.br\/matsuri\/wp-json\/wp\/v2\/pages\/184\/revisions"}],"predecessor-version":[{"id":1130,"href":"https:\/\/cdvr.com.br\/matsuri\/wp-json\/wp\/v2\/pages\/184\/revisions\/1130"}],"wp:attachment":[{"href":"https:\/\/cdvr.com.br\/matsuri\/wp-json\/wp\/v2\/media?parent=184"}],"curies":[{"name":"wp","href":"https:\/\/api.w.org\/{rel}","templated":true}]}}