{"id":1101,"date":"2023-09-28T11:38:10","date_gmt":"2023-09-28T14:38:10","guid":{"rendered":"https:\/\/cdvr.com.br\/matsuri\/?post_type=product&#038;p=1101"},"modified":"2024-08-30T09:34:57","modified_gmt":"2024-08-30T12:34:57","slug":"galao-plastico-para-agua-potavel","status":"publish","type":"product","link":"https:\/\/cdvr.com.br\/matsuri\/product\/galao-plastico-para-agua-potavel\/","title":{"rendered":"Gal\u00e3o Pl\u00e1stico para \u00c1gua Pot\u00e1vel CAMPER RV\u00ae"},"content":{"rendered":"<p>\u00c9 perfeito para atividades ao ar livre, como camping, piquenique, caminhadas, viagens e tamb\u00e9m para uso dom\u00e9stico e prepara\u00e7\u00e3o para emerg\u00eancias. Este reservat\u00f3rio de \u00e1gua \u00e9 extremamente vers\u00e1til e pr\u00e1tico, garantindo que voc\u00ea tenha sempre \u00e1gua pot\u00e1vel dispon\u00edvel onde quer que esteja.<\/p>\n","protected":false},"excerpt":{"rendered":"<p>\u00c9 perfeito para atividades ao ar livre, como camping, piquenique, caminhadas, viagens e tamb\u00e9m para uso dom\u00e9stico e prepara\u00e7\u00e3o para emerg\u00eancias. Este reservat\u00f3rio de \u00e1gua \u00e9 extremamente vers\u00e1til e pr\u00e1tico, garantindo que voc\u00ea tenha sempre \u00e1gua pot\u00e1vel dispon\u00edvel onde quer que esteja.<\/p>\n","protected":false},"featured_media":1510,"comment_status":"closed","ping_status":"closed","template":"","meta":{"_joinchat":[]},"product_brand":[],"product_cat":[95],"product_tag":[],"class_list":{"0":"post-1101","1":"product","2":"type-product","3":"status-publish","4":"has-post-thumbnail","6":"product_cat-galao-para-agua-potavel","8":"first","9":"instock","10":"shipping-taxable","11":"product-type-simple"},"yoast_head":"<!-- This site is optimized with the Yoast SEO plugin v27.5 - https:\/\/yoast.com\/product\/yoast-seo-wordpress\/ -->\n<title>Gal\u00e3o Pl\u00e1stico para \u00c1gua Pot\u00e1vel CAMPER RV\u00ae - Matsuri<\/title>\n<meta name=\"robots\" content=\"index, follow, max-snippet:-1, max-image-preview:large, max-video-preview:-1\" \/>\n<link rel=\"canonical\" href=\"https:\/\/cdvr.com.br\/matsuri\/product\/galao-plastico-para-agua-potavel\/\" \/>\n<meta property=\"og:locale\" content=\"pt_BR\" \/>\n<meta property=\"og:type\" content=\"article\" \/>\n<meta property=\"og:title\" content=\"Gal\u00e3o Pl\u00e1stico para \u00c1gua Pot\u00e1vel CAMPER RV\u00ae - Matsuri\" \/>\n<meta property=\"og:description\" content=\"\u00c9 perfeito para atividades ao ar livre, como camping, piquenique, caminhadas, viagens e tamb\u00e9m para uso dom\u00e9stico e prepara\u00e7\u00e3o para emerg\u00eancias. Este reservat\u00f3rio de \u00e1gua \u00e9 extremamente vers\u00e1til e pr\u00e1tico, garantindo que voc\u00ea tenha sempre \u00e1gua pot\u00e1vel dispon\u00edvel onde quer que esteja.\" \/>\n<meta property=\"og:url\" content=\"https:\/\/cdvr.com.br\/matsuri\/product\/galao-plastico-para-agua-potavel\/\" \/>\n<meta property=\"og:site_name\" content=\"Matsuri\" \/>\n<meta property=\"article:publisher\" content=\"https:\/\/www.facebook.com\/matsuri.tecnologia\/\" \/>\n<meta property=\"article:modified_time\" content=\"2024-08-30T12:34:57+00:00\" \/>\n<meta property=\"og:image\" content=\"https:\/\/cdvr.com.br\/matsuri\/wp-content\/uploads\/2026\/03\/produto-1101.jpg\" \/>\n\t<meta property=\"og:image:width\" content=\"500\" \/>\n\t<meta property=\"og:image:height\" content=\"379\" \/>\n\t<meta property=\"og:image:type\" content=\"image\/jpeg\" \/>\n<meta name=\"twitter:card\" content=\"summary_large_image\" \/>\n<meta name=\"twitter:label1\" content=\"Est. tempo de leitura\" \/>\n\t<meta name=\"twitter:data1\" content=\"1 minuto\" \/>\n<script type=\"application\/ld+json\" class=\"yoast-schema-graph\">{\"@context\":\"https:\\\/\\\/schema.org\",\"@graph\":[{\"@type\":\"WebPage\",\"@id\":\"https:\\\/\\\/cdvr.com.br\\\/matsuri\\\/product\\\/galao-plastico-para-agua-potavel\\\/\",\"url\":\"https:\\\/\\\/cdvr.com.br\\\/matsuri\\\/product\\\/galao-plastico-para-agua-potavel\\\/\",\"name\":\"Gal\u00e3o Pl\u00e1stico para \u00c1gua Pot\u00e1vel CAMPER RV\u00ae - Matsuri\",\"isPartOf\":{\"@id\":\"https:\\\/\\\/cdvr.com.br\\\/matsuri\\\/#website\"},\"primaryImageOfPage\":{\"@id\":\"https:\\\/\\\/cdvr.com.br\\\/matsuri\\\/product\\\/galao-plastico-para-agua-potavel\\\/#primaryimage\"},\"image\":{\"@id\":\"https:\\\/\\\/cdvr.com.br\\\/matsuri\\\/product\\\/galao-plastico-para-agua-potavel\\\/#primaryimage\"},\"thumbnailUrl\":\"https:\\\/\\\/cdvr.com.br\\\/matsuri\\\/wp-content\\\/uploads\\\/2026\\\/03\\\/produto-1101.jpg\",\"datePublished\":\"2023-09-28T14:38:10+00:00\",\"dateModified\":\"2024-08-30T12:34:57+00:00\",\"breadcrumb\":{\"@id\":\"https:\\\/\\\/cdvr.com.br\\\/matsuri\\\/product\\\/galao-plastico-para-agua-potavel\\\/#breadcrumb\"},\"inLanguage\":\"pt-BR\",\"potentialAction\":[{\"@type\":\"ReadAction\",\"target\":[\"https:\\\/\\\/cdvr.com.br\\\/matsuri\\\/product\\\/galao-plastico-para-agua-potavel\\\/\"]}]},{\"@type\":\"ImageObject\",\"inLanguage\":\"pt-BR\",\"@id\":\"https:\\\/\\\/cdvr.com.br\\\/matsuri\\\/product\\\/galao-plastico-para-agua-potavel\\\/#primaryimage\",\"url\":\"https:\\\/\\\/cdvr.com.br\\\/matsuri\\\/wp-content\\\/uploads\\\/2026\\\/03\\\/produto-1101.jpg\",\"contentUrl\":\"https:\\\/\\\/cdvr.com.br\\\/matsuri\\\/wp-content\\\/uploads\\\/2026\\\/03\\\/produto-1101.jpg\",\"width\":500,\"height\":379},{\"@type\":\"BreadcrumbList\",\"@id\":\"https:\\\/\\\/cdvr.com.br\\\/matsuri\\\/product\\\/galao-plastico-para-agua-potavel\\\/#breadcrumb\",\"itemListElement\":[{\"@type\":\"ListItem\",\"position\":1,\"name\":\"Home\",\"item\":\"https:\\\/\\\/cdvr.com.br\\\/matsuri\\\/\"},{\"@type\":\"ListItem\",\"position\":2,\"name\":\"Produtos\",\"item\":\"https:\\\/\\\/cdvr.com.br\\\/matsuri\\\/produtos\\\/\"},{\"@type\":\"ListItem\",\"position\":3,\"name\":\"Gal\u00e3o Pl\u00e1stico para \u00c1gua Pot\u00e1vel CAMPER RV\u00ae\"}]},{\"@type\":\"WebSite\",\"@id\":\"https:\\\/\\\/cdvr.com.br\\\/matsuri\\\/#website\",\"url\":\"https:\\\/\\\/cdvr.com.br\\\/matsuri\\\/\",\"name\":\"Matsuri\",\"description\":\"Tecnologia Japonesa\",\"publisher\":{\"@id\":\"https:\\\/\\\/cdvr.com.br\\\/matsuri\\\/#organization\"},\"potentialAction\":[{\"@type\":\"SearchAction\",\"target\":{\"@type\":\"EntryPoint\",\"urlTemplate\":\"https:\\\/\\\/cdvr.com.br\\\/matsuri\\\/?s={search_term_string}\"},\"query-input\":{\"@type\":\"PropertyValueSpecification\",\"valueRequired\":true,\"valueName\":\"search_term_string\"}}],\"inLanguage\":\"pt-BR\"},{\"@type\":\"Organization\",\"@id\":\"https:\\\/\\\/cdvr.com.br\\\/matsuri\\\/#organization\",\"name\":\"Matsuri\",\"url\":\"https:\\\/\\\/cdvr.com.br\\\/matsuri\\\/\",\"logo\":{\"@type\":\"ImageObject\",\"inLanguage\":\"pt-BR\",\"@id\":\"https:\\\/\\\/cdvr.com.br\\\/matsuri\\\/#\\\/schema\\\/logo\\\/image\\\/\",\"url\":\"https:\\\/\\\/cdvr.com.br\\\/matsuri\\\/wp-content\\\/uploads\\\/2023\\\/02\\\/cropped-Logo-Matsuri-2-1-1.png\",\"contentUrl\":\"https:\\\/\\\/cdvr.com.br\\\/matsuri\\\/wp-content\\\/uploads\\\/2023\\\/02\\\/cropped-Logo-Matsuri-2-1-1.png\",\"width\":195,\"height\":60,\"caption\":\"Matsuri\"},\"image\":{\"@id\":\"https:\\\/\\\/cdvr.com.br\\\/matsuri\\\/#\\\/schema\\\/logo\\\/image\\\/\"},\"sameAs\":[\"https:\\\/\\\/www.facebook.com\\\/matsuri.tecnologia\\\/\"]}]}<\/script>\n<!-- \/ Yoast SEO plugin. -->","yoast_head_json":{"title":"Gal\u00e3o Pl\u00e1stico para \u00c1gua Pot\u00e1vel CAMPER RV\u00ae - Matsuri","robots":{"index":"index","follow":"follow","max-snippet":"max-snippet:-1","max-image-preview":"max-image-preview:large","max-video-preview":"max-video-preview:-1"},"canonical":"https:\/\/cdvr.com.br\/matsuri\/product\/galao-plastico-para-agua-potavel\/","og_locale":"pt_BR","og_type":"article","og_title":"Gal\u00e3o Pl\u00e1stico para \u00c1gua Pot\u00e1vel CAMPER RV\u00ae - Matsuri","og_description":"\u00c9 perfeito para atividades ao ar livre, como camping, piquenique, caminhadas, viagens e tamb\u00e9m para uso dom\u00e9stico e prepara\u00e7\u00e3o para emerg\u00eancias. Este reservat\u00f3rio de \u00e1gua \u00e9 extremamente vers\u00e1til e pr\u00e1tico, garantindo que voc\u00ea tenha sempre \u00e1gua pot\u00e1vel dispon\u00edvel onde quer que esteja.","og_url":"https:\/\/cdvr.com.br\/matsuri\/product\/galao-plastico-para-agua-potavel\/","og_site_name":"Matsuri","article_publisher":"https:\/\/www.facebook.com\/matsuri.tecnologia\/","article_modified_time":"2024-08-30T12:34:57+00:00","og_image":[{"width":500,"height":379,"url":"https:\/\/cdvr.com.br\/matsuri\/wp-content\/uploads\/2026\/03\/produto-1101.jpg","type":"image\/jpeg"}],"twitter_card":"summary_large_image","twitter_misc":{"Est. tempo de leitura":"1 minuto"},"schema":{"@context":"https:\/\/schema.org","@graph":[{"@type":"WebPage","@id":"https:\/\/cdvr.com.br\/matsuri\/product\/galao-plastico-para-agua-potavel\/","url":"https:\/\/cdvr.com.br\/matsuri\/product\/galao-plastico-para-agua-potavel\/","name":"Gal\u00e3o Pl\u00e1stico para \u00c1gua Pot\u00e1vel CAMPER RV\u00ae - Matsuri","isPartOf":{"@id":"https:\/\/cdvr.com.br\/matsuri\/#website"},"primaryImageOfPage":{"@id":"https:\/\/cdvr.com.br\/matsuri\/product\/galao-plastico-para-agua-potavel\/#primaryimage"},"image":{"@id":"https:\/\/cdvr.com.br\/matsuri\/product\/galao-plastico-para-agua-potavel\/#primaryimage"},"thumbnailUrl":"https:\/\/cdvr.com.br\/matsuri\/wp-content\/uploads\/2026\/03\/produto-1101.jpg","datePublished":"2023-09-28T14:38:10+00:00","dateModified":"2024-08-30T12:34:57+00:00","breadcrumb":{"@id":"https:\/\/cdvr.com.br\/matsuri\/product\/galao-plastico-para-agua-potavel\/#breadcrumb"},"inLanguage":"pt-BR","potentialAction":[{"@type":"ReadAction","target":["https:\/\/cdvr.com.br\/matsuri\/product\/galao-plastico-para-agua-potavel\/"]}]},{"@type":"ImageObject","inLanguage":"pt-BR","@id":"https:\/\/cdvr.com.br\/matsuri\/product\/galao-plastico-para-agua-potavel\/#primaryimage","url":"https:\/\/cdvr.com.br\/matsuri\/wp-content\/uploads\/2026\/03\/produto-1101.jpg","contentUrl":"https:\/\/cdvr.com.br\/matsuri\/wp-content\/uploads\/2026\/03\/produto-1101.jpg","width":500,"height":379},{"@type":"BreadcrumbList","@id":"https:\/\/cdvr.com.br\/matsuri\/product\/galao-plastico-para-agua-potavel\/#breadcrumb","itemListElement":[{"@type":"ListItem","position":1,"name":"Home","item":"https:\/\/cdvr.com.br\/matsuri\/"},{"@type":"ListItem","position":2,"name":"Produtos","item":"https:\/\/cdvr.com.br\/matsuri\/produtos\/"},{"@type":"ListItem","position":3,"name":"Gal\u00e3o Pl\u00e1stico para \u00c1gua Pot\u00e1vel CAMPER RV\u00ae"}]},{"@type":"WebSite","@id":"https:\/\/cdvr.com.br\/matsuri\/#website","url":"https:\/\/cdvr.com.br\/matsuri\/","name":"Matsuri","description":"Tecnologia Japonesa","publisher":{"@id":"https:\/\/cdvr.com.br\/matsuri\/#organization"},"potentialAction":[{"@type":"SearchAction","target":{"@type":"EntryPoint","urlTemplate":"https:\/\/cdvr.com.br\/matsuri\/?s={search_term_string}"},"query-input":{"@type":"PropertyValueSpecification","valueRequired":true,"valueName":"search_term_string"}}],"inLanguage":"pt-BR"},{"@type":"Organization","@id":"https:\/\/cdvr.com.br\/matsuri\/#organization","name":"Matsuri","url":"https:\/\/cdvr.com.br\/matsuri\/","logo":{"@type":"ImageObject","inLanguage":"pt-BR","@id":"https:\/\/cdvr.com.br\/matsuri\/#\/schema\/logo\/image\/","url":"https:\/\/cdvr.com.br\/matsuri\/wp-content\/uploads\/2023\/02\/cropped-Logo-Matsuri-2-1-1.png","contentUrl":"https:\/\/cdvr.com.br\/matsuri\/wp-content\/uploads\/2023\/02\/cropped-Logo-Matsuri-2-1-1.png","width":195,"height":60,"caption":"Matsuri"},"image":{"@id":"https:\/\/cdvr.com.br\/matsuri\/#\/schema\/logo\/image\/"},"sameAs":["https:\/\/www.facebook.com\/matsuri.tecnologia\/"]}]}},"_links":{"self":[{"href":"https:\/\/cdvr.com.br\/matsuri\/wp-json\/wp\/v2\/product\/1101","targetHints":{"allow":["GET"]}}],"collection":[{"href":"https:\/\/cdvr.com.br\/matsuri\/wp-json\/wp\/v2\/product"}],"about":[{"href":"https:\/\/cdvr.com.br\/matsuri\/wp-json\/wp\/v2\/types\/product"}],"replies":[{"embeddable":true,"href":"https:\/\/cdvr.com.br\/matsuri\/wp-json\/wp\/v2\/comments?post=1101"}],"wp:featuredmedia":[{"embeddable":true,"href":"https:\/\/cdvr.com.br\/matsuri\/wp-json\/wp\/v2\/media\/1510"}],"wp:attachment":[{"href":"https:\/\/cdvr.com.br\/matsuri\/wp-json\/wp\/v2\/media?parent=1101"}],"wp:term":[{"taxonomy":"product_brand","embeddable":true,"href":"https:\/\/cdvr.com.br\/matsuri\/wp-json\/wp\/v2\/product_brand?post=1101"},{"taxonomy":"product_cat","embeddable":true,"href":"https:\/\/cdvr.com.br\/matsuri\/wp-json\/wp\/v2\/product_cat?post=1101"},{"taxonomy":"product_tag","embeddable":true,"href":"https:\/\/cdvr.com.br\/matsuri\/wp-json\/wp\/v2\/product_tag?post=1101"}],"curies":[{"name":"wp","href":"https:\/\/api.w.org\/{rel}","templated":true}]}}