{"id":1256,"date":"2025-04-03T09:04:26","date_gmt":"2025-04-03T12:04:26","guid":{"rendered":"https:\/\/cdvr.com.br\/matsuri\/?post_type=product&#038;p=1256"},"modified":"2025-04-03T09:04:26","modified_gmt":"2025-04-03T12:04:26","slug":"4-0-gpm-60-psi-12v-bomba-pressurizadora-automatica-3","status":"publish","type":"product","link":"https:\/\/cdvr.com.br\/matsuri\/product\/4-0-gpm-60-psi-12v-bomba-pressurizadora-automatica-3\/","title":{"rendered":"SERIE 25  Bomba Pressurizadora Autom\u00e1tica"},"content":{"rendered":"<h5><span style=\"font-family: arial, helvetica, sans-serif; font-size: 16px;\">FINALIDADE<\/span><\/h5>\n<p>A Bomba Pressurizadora Autom\u00e1tica\u00a0<strong>MATSURI<\/strong><sup>\u00ae\u00a0\u00a0<\/sup>utilizada para o bombeamento de \u00e1gua em embarca\u00e7\u00f5es, motor homes, trailers, sistemas de pulveriza\u00e7\u00e3o agr\u00edcola e industrial.<br \/>\nCom \u00a0tecnologia de rea\u00e7\u00e3o de fluxo a nova Bomba Pressurizadora autom\u00e1tica\u00a0<strong>MATSURI<\/strong><sup>\u00ae<\/sup> tem uma longa vida \u00fatil e desempenho superior em qualquer sistema. Projetada e constru\u00edda para alto fluxo e baixo ru\u00eddo, fluxo suave.<\/p>\n<p>&nbsp;<\/p>\n<p>&nbsp;<\/p>\n","protected":false},"excerpt":{"rendered":"<p>FINALIDADE A Bomba Pressurizadora Autom\u00e1tica\u00a0MATSURI\u00ae\u00a0\u00a0utilizada para o bombeamento de \u00e1gua em embarca\u00e7\u00f5es, motor homes, trailers, sistemas de pulveriza\u00e7\u00e3o agr\u00edcola e industrial. Com \u00a0tecnologia de rea\u00e7\u00e3o de fluxo a nova Bomba Pressurizadora autom\u00e1tica\u00a0MATSURI\u00ae tem uma longa vida \u00fatil e desempenho superior em qualquer sistema. Projetada e constru\u00edda para alto fluxo e baixo ru\u00eddo, fluxo suave. &nbsp; [&hellip;]<\/p>\n","protected":false},"featured_media":1542,"comment_status":"closed","ping_status":"closed","template":"","meta":{"_joinchat":[]},"product_brand":[],"product_cat":[91],"product_tag":[],"class_list":{"0":"post-1256","1":"product","2":"type-product","3":"status-publish","4":"has-post-thumbnail","6":"product_cat-bombas-pressurizadoras","8":"first","9":"instock","10":"shipping-taxable","11":"product-type-simple"},"yoast_head":"<!-- This site is optimized with the Yoast SEO plugin v27.5 - https:\/\/yoast.com\/product\/yoast-seo-wordpress\/ -->\n<title>Bomba Pressurizadora Autom\u00e1tica com Reciclo Interno<\/title>\n<meta name=\"description\" content=\"Pressurizadora Autom\u00e1tica\u00a0\u00e9 ideal para aplica\u00e7\u00e3o n\u00e1utica, trailers, residencial e agr\u00edcola, alta efici\u00eancia, baixo consumo e confiabilidade.\" \/>\n<meta name=\"robots\" content=\"index, follow, max-snippet:-1, max-image-preview:large, max-video-preview:-1\" \/>\n<link rel=\"canonical\" href=\"https:\/\/cdvr.com.br\/matsuri\/product\/4-0-gpm-60-psi-12v-bomba-pressurizadora-automatica-3\/\" \/>\n<meta property=\"og:locale\" content=\"pt_BR\" \/>\n<meta property=\"og:type\" content=\"article\" \/>\n<meta property=\"og:title\" content=\"Bomba Pressurizadora Autom\u00e1tica com Reciclo Interno\" \/>\n<meta property=\"og:description\" content=\"Pressurizadora Autom\u00e1tica\u00a0\u00e9 ideal para aplica\u00e7\u00e3o n\u00e1utica, trailers, residencial e agr\u00edcola, alta efici\u00eancia, baixo consumo e confiabilidade.\" \/>\n<meta property=\"og:url\" content=\"https:\/\/cdvr.com.br\/matsuri\/product\/4-0-gpm-60-psi-12v-bomba-pressurizadora-automatica-3\/\" \/>\n<meta property=\"og:site_name\" content=\"Matsuri\" \/>\n<meta property=\"article:publisher\" content=\"https:\/\/www.facebook.com\/matsuri.tecnologia\/\" \/>\n<meta name=\"twitter:card\" content=\"summary_large_image\" \/>\n<meta name=\"twitter:label1\" content=\"Est. tempo de leitura\" \/>\n\t<meta name=\"twitter:data1\" content=\"1 minuto\" \/>\n<script type=\"application\/ld+json\" class=\"yoast-schema-graph\">{\"@context\":\"https:\\\/\\\/schema.org\",\"@graph\":[{\"@type\":\"WebPage\",\"@id\":\"https:\\\/\\\/cdvr.com.br\\\/matsuri\\\/product\\\/4-0-gpm-60-psi-12v-bomba-pressurizadora-automatica-3\\\/\",\"url\":\"https:\\\/\\\/cdvr.com.br\\\/matsuri\\\/product\\\/4-0-gpm-60-psi-12v-bomba-pressurizadora-automatica-3\\\/\",\"name\":\"Bomba Pressurizadora Autom\u00e1tica com Reciclo Interno\",\"isPartOf\":{\"@id\":\"https:\\\/\\\/cdvr.com.br\\\/matsuri\\\/#website\"},\"primaryImageOfPage\":{\"@id\":\"https:\\\/\\\/cdvr.com.br\\\/matsuri\\\/product\\\/4-0-gpm-60-psi-12v-bomba-pressurizadora-automatica-3\\\/#primaryimage\"},\"image\":{\"@id\":\"https:\\\/\\\/cdvr.com.br\\\/matsuri\\\/product\\\/4-0-gpm-60-psi-12v-bomba-pressurizadora-automatica-3\\\/#primaryimage\"},\"thumbnailUrl\":\"https:\\\/\\\/cdvr.com.br\\\/matsuri\\\/wp-content\\\/uploads\\\/matsuri-produtos\\\/bomba-pressurizadora.jpg\",\"datePublished\":\"2025-04-03T12:04:26+00:00\",\"description\":\"Pressurizadora Autom\u00e1tica\u00a0\u00e9 ideal para aplica\u00e7\u00e3o n\u00e1utica, trailers, residencial e agr\u00edcola, alta efici\u00eancia, baixo consumo e confiabilidade.\",\"breadcrumb\":{\"@id\":\"https:\\\/\\\/cdvr.com.br\\\/matsuri\\\/product\\\/4-0-gpm-60-psi-12v-bomba-pressurizadora-automatica-3\\\/#breadcrumb\"},\"inLanguage\":\"pt-BR\",\"potentialAction\":[{\"@type\":\"ReadAction\",\"target\":[\"https:\\\/\\\/cdvr.com.br\\\/matsuri\\\/product\\\/4-0-gpm-60-psi-12v-bomba-pressurizadora-automatica-3\\\/\"]}]},{\"@type\":\"ImageObject\",\"inLanguage\":\"pt-BR\",\"@id\":\"https:\\\/\\\/cdvr.com.br\\\/matsuri\\\/product\\\/4-0-gpm-60-psi-12v-bomba-pressurizadora-automatica-3\\\/#primaryimage\",\"url\":\"https:\\\/\\\/cdvr.com.br\\\/matsuri\\\/wp-content\\\/uploads\\\/matsuri-produtos\\\/bomba-pressurizadora.jpg\",\"contentUrl\":\"https:\\\/\\\/cdvr.com.br\\\/matsuri\\\/wp-content\\\/uploads\\\/matsuri-produtos\\\/bomba-pressurizadora.jpg\",\"width\":599,\"height\":431},{\"@type\":\"BreadcrumbList\",\"@id\":\"https:\\\/\\\/cdvr.com.br\\\/matsuri\\\/product\\\/4-0-gpm-60-psi-12v-bomba-pressurizadora-automatica-3\\\/#breadcrumb\",\"itemListElement\":[{\"@type\":\"ListItem\",\"position\":1,\"name\":\"Home\",\"item\":\"https:\\\/\\\/cdvr.com.br\\\/matsuri\\\/\"},{\"@type\":\"ListItem\",\"position\":2,\"name\":\"Produtos\",\"item\":\"https:\\\/\\\/cdvr.com.br\\\/matsuri\\\/produtos\\\/\"},{\"@type\":\"ListItem\",\"position\":3,\"name\":\"SERIE 25 Bomba Pressurizadora Autom\u00e1tica\"}]},{\"@type\":\"WebSite\",\"@id\":\"https:\\\/\\\/cdvr.com.br\\\/matsuri\\\/#website\",\"url\":\"https:\\\/\\\/cdvr.com.br\\\/matsuri\\\/\",\"name\":\"Matsuri\",\"description\":\"Tecnologia Japonesa\",\"publisher\":{\"@id\":\"https:\\\/\\\/cdvr.com.br\\\/matsuri\\\/#organization\"},\"potentialAction\":[{\"@type\":\"SearchAction\",\"target\":{\"@type\":\"EntryPoint\",\"urlTemplate\":\"https:\\\/\\\/cdvr.com.br\\\/matsuri\\\/?s={search_term_string}\"},\"query-input\":{\"@type\":\"PropertyValueSpecification\",\"valueRequired\":true,\"valueName\":\"search_term_string\"}}],\"inLanguage\":\"pt-BR\"},{\"@type\":\"Organization\",\"@id\":\"https:\\\/\\\/cdvr.com.br\\\/matsuri\\\/#organization\",\"name\":\"Matsuri\",\"url\":\"https:\\\/\\\/cdvr.com.br\\\/matsuri\\\/\",\"logo\":{\"@type\":\"ImageObject\",\"inLanguage\":\"pt-BR\",\"@id\":\"https:\\\/\\\/cdvr.com.br\\\/matsuri\\\/#\\\/schema\\\/logo\\\/image\\\/\",\"url\":\"https:\\\/\\\/cdvr.com.br\\\/matsuri\\\/wp-content\\\/uploads\\\/2023\\\/02\\\/cropped-Logo-Matsuri-2-1-1.png\",\"contentUrl\":\"https:\\\/\\\/cdvr.com.br\\\/matsuri\\\/wp-content\\\/uploads\\\/2023\\\/02\\\/cropped-Logo-Matsuri-2-1-1.png\",\"width\":195,\"height\":60,\"caption\":\"Matsuri\"},\"image\":{\"@id\":\"https:\\\/\\\/cdvr.com.br\\\/matsuri\\\/#\\\/schema\\\/logo\\\/image\\\/\"},\"sameAs\":[\"https:\\\/\\\/www.facebook.com\\\/matsuri.tecnologia\\\/\"]}]}<\/script>\n<!-- \/ Yoast SEO plugin. -->","yoast_head_json":{"title":"Bomba Pressurizadora Autom\u00e1tica com Reciclo Interno","description":"Pressurizadora Autom\u00e1tica\u00a0\u00e9 ideal para aplica\u00e7\u00e3o n\u00e1utica, trailers, residencial e agr\u00edcola, alta efici\u00eancia, baixo consumo e confiabilidade.","robots":{"index":"index","follow":"follow","max-snippet":"max-snippet:-1","max-image-preview":"max-image-preview:large","max-video-preview":"max-video-preview:-1"},"canonical":"https:\/\/cdvr.com.br\/matsuri\/product\/4-0-gpm-60-psi-12v-bomba-pressurizadora-automatica-3\/","og_locale":"pt_BR","og_type":"article","og_title":"Bomba Pressurizadora Autom\u00e1tica com Reciclo Interno","og_description":"Pressurizadora Autom\u00e1tica\u00a0\u00e9 ideal para aplica\u00e7\u00e3o n\u00e1utica, trailers, residencial e agr\u00edcola, alta efici\u00eancia, baixo consumo e confiabilidade.","og_url":"https:\/\/cdvr.com.br\/matsuri\/product\/4-0-gpm-60-psi-12v-bomba-pressurizadora-automatica-3\/","og_site_name":"Matsuri","article_publisher":"https:\/\/www.facebook.com\/matsuri.tecnologia\/","twitter_card":"summary_large_image","twitter_misc":{"Est. tempo de leitura":"1 minuto"},"schema":{"@context":"https:\/\/schema.org","@graph":[{"@type":"WebPage","@id":"https:\/\/cdvr.com.br\/matsuri\/product\/4-0-gpm-60-psi-12v-bomba-pressurizadora-automatica-3\/","url":"https:\/\/cdvr.com.br\/matsuri\/product\/4-0-gpm-60-psi-12v-bomba-pressurizadora-automatica-3\/","name":"Bomba Pressurizadora Autom\u00e1tica com Reciclo Interno","isPartOf":{"@id":"https:\/\/cdvr.com.br\/matsuri\/#website"},"primaryImageOfPage":{"@id":"https:\/\/cdvr.com.br\/matsuri\/product\/4-0-gpm-60-psi-12v-bomba-pressurizadora-automatica-3\/#primaryimage"},"image":{"@id":"https:\/\/cdvr.com.br\/matsuri\/product\/4-0-gpm-60-psi-12v-bomba-pressurizadora-automatica-3\/#primaryimage"},"thumbnailUrl":"https:\/\/cdvr.com.br\/matsuri\/wp-content\/uploads\/matsuri-produtos\/bomba-pressurizadora.jpg","datePublished":"2025-04-03T12:04:26+00:00","description":"Pressurizadora Autom\u00e1tica\u00a0\u00e9 ideal para aplica\u00e7\u00e3o n\u00e1utica, trailers, residencial e agr\u00edcola, alta efici\u00eancia, baixo consumo e confiabilidade.","breadcrumb":{"@id":"https:\/\/cdvr.com.br\/matsuri\/product\/4-0-gpm-60-psi-12v-bomba-pressurizadora-automatica-3\/#breadcrumb"},"inLanguage":"pt-BR","potentialAction":[{"@type":"ReadAction","target":["https:\/\/cdvr.com.br\/matsuri\/product\/4-0-gpm-60-psi-12v-bomba-pressurizadora-automatica-3\/"]}]},{"@type":"ImageObject","inLanguage":"pt-BR","@id":"https:\/\/cdvr.com.br\/matsuri\/product\/4-0-gpm-60-psi-12v-bomba-pressurizadora-automatica-3\/#primaryimage","url":"https:\/\/cdvr.com.br\/matsuri\/wp-content\/uploads\/matsuri-produtos\/bomba-pressurizadora.jpg","contentUrl":"https:\/\/cdvr.com.br\/matsuri\/wp-content\/uploads\/matsuri-produtos\/bomba-pressurizadora.jpg","width":599,"height":431},{"@type":"BreadcrumbList","@id":"https:\/\/cdvr.com.br\/matsuri\/product\/4-0-gpm-60-psi-12v-bomba-pressurizadora-automatica-3\/#breadcrumb","itemListElement":[{"@type":"ListItem","position":1,"name":"Home","item":"https:\/\/cdvr.com.br\/matsuri\/"},{"@type":"ListItem","position":2,"name":"Produtos","item":"https:\/\/cdvr.com.br\/matsuri\/produtos\/"},{"@type":"ListItem","position":3,"name":"SERIE 25 Bomba Pressurizadora Autom\u00e1tica"}]},{"@type":"WebSite","@id":"https:\/\/cdvr.com.br\/matsuri\/#website","url":"https:\/\/cdvr.com.br\/matsuri\/","name":"Matsuri","description":"Tecnologia Japonesa","publisher":{"@id":"https:\/\/cdvr.com.br\/matsuri\/#organization"},"potentialAction":[{"@type":"SearchAction","target":{"@type":"EntryPoint","urlTemplate":"https:\/\/cdvr.com.br\/matsuri\/?s={search_term_string}"},"query-input":{"@type":"PropertyValueSpecification","valueRequired":true,"valueName":"search_term_string"}}],"inLanguage":"pt-BR"},{"@type":"Organization","@id":"https:\/\/cdvr.com.br\/matsuri\/#organization","name":"Matsuri","url":"https:\/\/cdvr.com.br\/matsuri\/","logo":{"@type":"ImageObject","inLanguage":"pt-BR","@id":"https:\/\/cdvr.com.br\/matsuri\/#\/schema\/logo\/image\/","url":"https:\/\/cdvr.com.br\/matsuri\/wp-content\/uploads\/2023\/02\/cropped-Logo-Matsuri-2-1-1.png","contentUrl":"https:\/\/cdvr.com.br\/matsuri\/wp-content\/uploads\/2023\/02\/cropped-Logo-Matsuri-2-1-1.png","width":195,"height":60,"caption":"Matsuri"},"image":{"@id":"https:\/\/cdvr.com.br\/matsuri\/#\/schema\/logo\/image\/"},"sameAs":["https:\/\/www.facebook.com\/matsuri.tecnologia\/"]}]}},"_links":{"self":[{"href":"https:\/\/cdvr.com.br\/matsuri\/wp-json\/wp\/v2\/product\/1256","targetHints":{"allow":["GET"]}}],"collection":[{"href":"https:\/\/cdvr.com.br\/matsuri\/wp-json\/wp\/v2\/product"}],"about":[{"href":"https:\/\/cdvr.com.br\/matsuri\/wp-json\/wp\/v2\/types\/product"}],"replies":[{"embeddable":true,"href":"https:\/\/cdvr.com.br\/matsuri\/wp-json\/wp\/v2\/comments?post=1256"}],"wp:featuredmedia":[{"embeddable":true,"href":"https:\/\/cdvr.com.br\/matsuri\/wp-json\/wp\/v2\/media\/1542"}],"wp:attachment":[{"href":"https:\/\/cdvr.com.br\/matsuri\/wp-json\/wp\/v2\/media?parent=1256"}],"wp:term":[{"taxonomy":"product_brand","embeddable":true,"href":"https:\/\/cdvr.com.br\/matsuri\/wp-json\/wp\/v2\/product_brand?post=1256"},{"taxonomy":"product_cat","embeddable":true,"href":"https:\/\/cdvr.com.br\/matsuri\/wp-json\/wp\/v2\/product_cat?post=1256"},{"taxonomy":"product_tag","embeddable":true,"href":"https:\/\/cdvr.com.br\/matsuri\/wp-json\/wp\/v2\/product_tag?post=1256"}],"curies":[{"name":"wp","href":"https:\/\/api.w.org\/{rel}","templated":true}]}}