{"id":128,"date":"2021-08-11T14:32:53","date_gmt":"2021-08-11T17:32:53","guid":{"rendered":"https:\/\/cdvr.com.br\/matsuri\/?post_type=product&#038;p=128"},"modified":"2022-11-22T12:24:58","modified_gmt":"2022-11-22T15:24:58","slug":"chave-seletora-de-1-bateria","status":"publish","type":"product","link":"https:\/\/cdvr.com.br\/matsuri\/product\/chave-seletora-de-1-bateria\/","title":{"rendered":"Chave Seletora de 1 Bateria"},"content":{"rendered":"<p>A <strong>Chave Seletora de 1 Bateria<\/strong> pode ser utilizado em barcos, motor homes e carros para desconectar bateria com seguran\u00e7a, podendo\u00a0ser embutido ou montado na superf\u00edcie.<\/p>\n<p>Esse modelo de Chave Seletora de 1 Bateria atua em 2 posi\u00e7\u00f5es, sendo ON ou OFF com giro de 45\u00b0.<\/p>\n<p>Possui placas laterais remov\u00edveis em 4 lados para acesso do cabos al\u00e9m de uma tampa traseira para isolamento e\u00a0terminais contra qualquer curto-circuito.<\/p>\n","protected":false},"excerpt":{"rendered":"<p>A Chave Seletora de 1 Bateria pode ser utilizado em barcos, motor homes e carros para desconectar bateria com seguran\u00e7a, podendo\u00a0ser embutido ou montado na superf\u00edcie. Esse modelo de Chave Seletora de 1 Bateria atua em 2 posi\u00e7\u00f5es, sendo ON ou OFF com giro de 45\u00b0. Possui placas laterais remov\u00edveis em 4 lados para acesso [&hellip;]<\/p>\n","protected":false},"featured_media":1542,"comment_status":"closed","ping_status":"closed","template":"","meta":{"_joinchat":[]},"product_brand":[],"product_cat":[33],"product_tag":[],"class_list":{"0":"post-128","1":"product","2":"type-product","3":"status-publish","4":"has-post-thumbnail","6":"product_cat-chave-seletora-de-baterias","8":"first","9":"instock","10":"shipping-taxable","11":"product-type-simple"},"yoast_head":"<!-- This site is optimized with the Yoast SEO plugin v27.5 - https:\/\/yoast.com\/product\/yoast-seo-wordpress\/ -->\n<title>Chave Seletora de 1 Bateria - Matsuri<\/title>\n<meta name=\"description\" content=\"A Chave Seletora de 1 Bateria pode ser utilizado em barcos, motor homes e carros para desconectar bateria com seguran\u00e7a, podendo\u00a0ser embutido ou montado na superf\u00edcie.\" \/>\n<meta name=\"robots\" content=\"index, follow, max-snippet:-1, max-image-preview:large, max-video-preview:-1\" \/>\n<link rel=\"canonical\" href=\"https:\/\/cdvr.com.br\/matsuri\/product\/chave-seletora-de-1-bateria\/\" \/>\n<meta property=\"og:locale\" content=\"pt_BR\" \/>\n<meta property=\"og:type\" content=\"article\" \/>\n<meta property=\"og:title\" content=\"Chave Seletora de 1 Bateria - Matsuri\" \/>\n<meta property=\"og:description\" content=\"A Chave Seletora de 1 Bateria pode ser utilizado em barcos, motor homes e carros para desconectar bateria com seguran\u00e7a, podendo\u00a0ser embutido ou montado na superf\u00edcie.\" \/>\n<meta property=\"og:url\" content=\"https:\/\/cdvr.com.br\/matsuri\/product\/chave-seletora-de-1-bateria\/\" \/>\n<meta property=\"og:site_name\" content=\"Matsuri\" \/>\n<meta property=\"article:publisher\" content=\"https:\/\/www.facebook.com\/matsuri.tecnologia\/\" \/>\n<meta property=\"article:modified_time\" content=\"2022-11-22T15:24:58+00:00\" \/>\n<meta name=\"twitter:card\" content=\"summary_large_image\" \/>\n<meta name=\"twitter:label1\" content=\"Est. tempo de leitura\" \/>\n\t<meta name=\"twitter:data1\" content=\"1 minuto\" \/>\n<script type=\"application\/ld+json\" class=\"yoast-schema-graph\">{\"@context\":\"https:\\\/\\\/schema.org\",\"@graph\":[{\"@type\":\"WebPage\",\"@id\":\"https:\\\/\\\/cdvr.com.br\\\/matsuri\\\/product\\\/chave-seletora-de-1-bateria\\\/\",\"url\":\"https:\\\/\\\/cdvr.com.br\\\/matsuri\\\/product\\\/chave-seletora-de-1-bateria\\\/\",\"name\":\"Chave Seletora de 1 Bateria - Matsuri\",\"isPartOf\":{\"@id\":\"https:\\\/\\\/cdvr.com.br\\\/matsuri\\\/#website\"},\"primaryImageOfPage\":{\"@id\":\"https:\\\/\\\/cdvr.com.br\\\/matsuri\\\/product\\\/chave-seletora-de-1-bateria\\\/#primaryimage\"},\"image\":{\"@id\":\"https:\\\/\\\/cdvr.com.br\\\/matsuri\\\/product\\\/chave-seletora-de-1-bateria\\\/#primaryimage\"},\"thumbnailUrl\":\"https:\\\/\\\/cdvr.com.br\\\/matsuri\\\/wp-content\\\/uploads\\\/matsuri-produtos\\\/bomba-pressurizadora.jpg\",\"datePublished\":\"2021-08-11T17:32:53+00:00\",\"dateModified\":\"2022-11-22T15:24:58+00:00\",\"description\":\"A Chave Seletora de 1 Bateria pode ser utilizado em barcos, motor homes e carros para desconectar bateria com seguran\u00e7a, podendo\u00a0ser embutido ou montado na superf\u00edcie.\",\"breadcrumb\":{\"@id\":\"https:\\\/\\\/cdvr.com.br\\\/matsuri\\\/product\\\/chave-seletora-de-1-bateria\\\/#breadcrumb\"},\"inLanguage\":\"pt-BR\",\"potentialAction\":[{\"@type\":\"ReadAction\",\"target\":[\"https:\\\/\\\/cdvr.com.br\\\/matsuri\\\/product\\\/chave-seletora-de-1-bateria\\\/\"]}]},{\"@type\":\"ImageObject\",\"inLanguage\":\"pt-BR\",\"@id\":\"https:\\\/\\\/cdvr.com.br\\\/matsuri\\\/product\\\/chave-seletora-de-1-bateria\\\/#primaryimage\",\"url\":\"https:\\\/\\\/cdvr.com.br\\\/matsuri\\\/wp-content\\\/uploads\\\/matsuri-produtos\\\/bomba-pressurizadora.jpg\",\"contentUrl\":\"https:\\\/\\\/cdvr.com.br\\\/matsuri\\\/wp-content\\\/uploads\\\/matsuri-produtos\\\/bomba-pressurizadora.jpg\",\"width\":599,\"height\":431},{\"@type\":\"BreadcrumbList\",\"@id\":\"https:\\\/\\\/cdvr.com.br\\\/matsuri\\\/product\\\/chave-seletora-de-1-bateria\\\/#breadcrumb\",\"itemListElement\":[{\"@type\":\"ListItem\",\"position\":1,\"name\":\"Home\",\"item\":\"https:\\\/\\\/cdvr.com.br\\\/matsuri\\\/\"},{\"@type\":\"ListItem\",\"position\":2,\"name\":\"Produtos\",\"item\":\"https:\\\/\\\/cdvr.com.br\\\/matsuri\\\/produtos\\\/\"},{\"@type\":\"ListItem\",\"position\":3,\"name\":\"Chave Seletora de 1 Bateria\"}]},{\"@type\":\"WebSite\",\"@id\":\"https:\\\/\\\/cdvr.com.br\\\/matsuri\\\/#website\",\"url\":\"https:\\\/\\\/cdvr.com.br\\\/matsuri\\\/\",\"name\":\"Matsuri\",\"description\":\"Tecnologia Japonesa\",\"publisher\":{\"@id\":\"https:\\\/\\\/cdvr.com.br\\\/matsuri\\\/#organization\"},\"potentialAction\":[{\"@type\":\"SearchAction\",\"target\":{\"@type\":\"EntryPoint\",\"urlTemplate\":\"https:\\\/\\\/cdvr.com.br\\\/matsuri\\\/?s={search_term_string}\"},\"query-input\":{\"@type\":\"PropertyValueSpecification\",\"valueRequired\":true,\"valueName\":\"search_term_string\"}}],\"inLanguage\":\"pt-BR\"},{\"@type\":\"Organization\",\"@id\":\"https:\\\/\\\/cdvr.com.br\\\/matsuri\\\/#organization\",\"name\":\"Matsuri\",\"url\":\"https:\\\/\\\/cdvr.com.br\\\/matsuri\\\/\",\"logo\":{\"@type\":\"ImageObject\",\"inLanguage\":\"pt-BR\",\"@id\":\"https:\\\/\\\/cdvr.com.br\\\/matsuri\\\/#\\\/schema\\\/logo\\\/image\\\/\",\"url\":\"https:\\\/\\\/cdvr.com.br\\\/matsuri\\\/wp-content\\\/uploads\\\/2023\\\/02\\\/cropped-Logo-Matsuri-2-1-1.png\",\"contentUrl\":\"https:\\\/\\\/cdvr.com.br\\\/matsuri\\\/wp-content\\\/uploads\\\/2023\\\/02\\\/cropped-Logo-Matsuri-2-1-1.png\",\"width\":195,\"height\":60,\"caption\":\"Matsuri\"},\"image\":{\"@id\":\"https:\\\/\\\/cdvr.com.br\\\/matsuri\\\/#\\\/schema\\\/logo\\\/image\\\/\"},\"sameAs\":[\"https:\\\/\\\/www.facebook.com\\\/matsuri.tecnologia\\\/\"]}]}<\/script>\n<!-- \/ Yoast SEO plugin. -->","yoast_head_json":{"title":"Chave Seletora de 1 Bateria - Matsuri","description":"A Chave Seletora de 1 Bateria pode ser utilizado em barcos, motor homes e carros para desconectar bateria com seguran\u00e7a, podendo\u00a0ser embutido ou montado na superf\u00edcie.","robots":{"index":"index","follow":"follow","max-snippet":"max-snippet:-1","max-image-preview":"max-image-preview:large","max-video-preview":"max-video-preview:-1"},"canonical":"https:\/\/cdvr.com.br\/matsuri\/product\/chave-seletora-de-1-bateria\/","og_locale":"pt_BR","og_type":"article","og_title":"Chave Seletora de 1 Bateria - Matsuri","og_description":"A Chave Seletora de 1 Bateria pode ser utilizado em barcos, motor homes e carros para desconectar bateria com seguran\u00e7a, podendo\u00a0ser embutido ou montado na superf\u00edcie.","og_url":"https:\/\/cdvr.com.br\/matsuri\/product\/chave-seletora-de-1-bateria\/","og_site_name":"Matsuri","article_publisher":"https:\/\/www.facebook.com\/matsuri.tecnologia\/","article_modified_time":"2022-11-22T15:24:58+00:00","twitter_card":"summary_large_image","twitter_misc":{"Est. tempo de leitura":"1 minuto"},"schema":{"@context":"https:\/\/schema.org","@graph":[{"@type":"WebPage","@id":"https:\/\/cdvr.com.br\/matsuri\/product\/chave-seletora-de-1-bateria\/","url":"https:\/\/cdvr.com.br\/matsuri\/product\/chave-seletora-de-1-bateria\/","name":"Chave Seletora de 1 Bateria - Matsuri","isPartOf":{"@id":"https:\/\/cdvr.com.br\/matsuri\/#website"},"primaryImageOfPage":{"@id":"https:\/\/cdvr.com.br\/matsuri\/product\/chave-seletora-de-1-bateria\/#primaryimage"},"image":{"@id":"https:\/\/cdvr.com.br\/matsuri\/product\/chave-seletora-de-1-bateria\/#primaryimage"},"thumbnailUrl":"https:\/\/cdvr.com.br\/matsuri\/wp-content\/uploads\/matsuri-produtos\/bomba-pressurizadora.jpg","datePublished":"2021-08-11T17:32:53+00:00","dateModified":"2022-11-22T15:24:58+00:00","description":"A Chave Seletora de 1 Bateria pode ser utilizado em barcos, motor homes e carros para desconectar bateria com seguran\u00e7a, podendo\u00a0ser embutido ou montado na superf\u00edcie.","breadcrumb":{"@id":"https:\/\/cdvr.com.br\/matsuri\/product\/chave-seletora-de-1-bateria\/#breadcrumb"},"inLanguage":"pt-BR","potentialAction":[{"@type":"ReadAction","target":["https:\/\/cdvr.com.br\/matsuri\/product\/chave-seletora-de-1-bateria\/"]}]},{"@type":"ImageObject","inLanguage":"pt-BR","@id":"https:\/\/cdvr.com.br\/matsuri\/product\/chave-seletora-de-1-bateria\/#primaryimage","url":"https:\/\/cdvr.com.br\/matsuri\/wp-content\/uploads\/matsuri-produtos\/bomba-pressurizadora.jpg","contentUrl":"https:\/\/cdvr.com.br\/matsuri\/wp-content\/uploads\/matsuri-produtos\/bomba-pressurizadora.jpg","width":599,"height":431},{"@type":"BreadcrumbList","@id":"https:\/\/cdvr.com.br\/matsuri\/product\/chave-seletora-de-1-bateria\/#breadcrumb","itemListElement":[{"@type":"ListItem","position":1,"name":"Home","item":"https:\/\/cdvr.com.br\/matsuri\/"},{"@type":"ListItem","position":2,"name":"Produtos","item":"https:\/\/cdvr.com.br\/matsuri\/produtos\/"},{"@type":"ListItem","position":3,"name":"Chave Seletora de 1 Bateria"}]},{"@type":"WebSite","@id":"https:\/\/cdvr.com.br\/matsuri\/#website","url":"https:\/\/cdvr.com.br\/matsuri\/","name":"Matsuri","description":"Tecnologia Japonesa","publisher":{"@id":"https:\/\/cdvr.com.br\/matsuri\/#organization"},"potentialAction":[{"@type":"SearchAction","target":{"@type":"EntryPoint","urlTemplate":"https:\/\/cdvr.com.br\/matsuri\/?s={search_term_string}"},"query-input":{"@type":"PropertyValueSpecification","valueRequired":true,"valueName":"search_term_string"}}],"inLanguage":"pt-BR"},{"@type":"Organization","@id":"https:\/\/cdvr.com.br\/matsuri\/#organization","name":"Matsuri","url":"https:\/\/cdvr.com.br\/matsuri\/","logo":{"@type":"ImageObject","inLanguage":"pt-BR","@id":"https:\/\/cdvr.com.br\/matsuri\/#\/schema\/logo\/image\/","url":"https:\/\/cdvr.com.br\/matsuri\/wp-content\/uploads\/2023\/02\/cropped-Logo-Matsuri-2-1-1.png","contentUrl":"https:\/\/cdvr.com.br\/matsuri\/wp-content\/uploads\/2023\/02\/cropped-Logo-Matsuri-2-1-1.png","width":195,"height":60,"caption":"Matsuri"},"image":{"@id":"https:\/\/cdvr.com.br\/matsuri\/#\/schema\/logo\/image\/"},"sameAs":["https:\/\/www.facebook.com\/matsuri.tecnologia\/"]}]}},"_links":{"self":[{"href":"https:\/\/cdvr.com.br\/matsuri\/wp-json\/wp\/v2\/product\/128","targetHints":{"allow":["GET"]}}],"collection":[{"href":"https:\/\/cdvr.com.br\/matsuri\/wp-json\/wp\/v2\/product"}],"about":[{"href":"https:\/\/cdvr.com.br\/matsuri\/wp-json\/wp\/v2\/types\/product"}],"replies":[{"embeddable":true,"href":"https:\/\/cdvr.com.br\/matsuri\/wp-json\/wp\/v2\/comments?post=128"}],"wp:featuredmedia":[{"embeddable":true,"href":"https:\/\/cdvr.com.br\/matsuri\/wp-json\/wp\/v2\/media\/1542"}],"wp:attachment":[{"href":"https:\/\/cdvr.com.br\/matsuri\/wp-json\/wp\/v2\/media?parent=128"}],"wp:term":[{"taxonomy":"product_brand","embeddable":true,"href":"https:\/\/cdvr.com.br\/matsuri\/wp-json\/wp\/v2\/product_brand?post=128"},{"taxonomy":"product_cat","embeddable":true,"href":"https:\/\/cdvr.com.br\/matsuri\/wp-json\/wp\/v2\/product_cat?post=128"},{"taxonomy":"product_tag","embeddable":true,"href":"https:\/\/cdvr.com.br\/matsuri\/wp-json\/wp\/v2\/product_tag?post=128"}],"curies":[{"name":"wp","href":"https:\/\/api.w.org\/{rel}","templated":true}]}}