{"id":146,"date":"2021-08-11T16:04:17","date_gmt":"2021-08-11T19:04:17","guid":{"rendered":"https:\/\/cdvr.com.br\/matsuri\/?post_type=product&#038;p=146"},"modified":"2022-11-25T16:38:07","modified_gmt":"2022-11-25T19:38:07","slug":"tampa-de-inspecao-4","status":"publish","type":"product","link":"https:\/\/cdvr.com.br\/matsuri\/product\/tampa-de-inspecao-4\/","title":{"rendered":"Tampa de Inspe\u00e7\u00e3o 4&#8243;"},"content":{"rendered":"<p>A <strong>Tampa de Inspe\u00e7\u00e3o 4&#8243;<\/strong> \u00e9 utilizada para acesso r\u00e1pido a v\u00e1lvulas e aberturas de conv\u00e9s. Permite op\u00e7\u00f5es de armazenamento adicional em canoas, caiaques e espa\u00e7os incomuns de pequenos barcos.<\/p>\n<p>A Tampa de Inspe\u00e7\u00e3o 4&#8243; \u00e9 ideal para uso n\u00e1utico, sendo sua constru\u00e7\u00e3o robusta e resistente ao ambiente marinho. Fabricada em ABS na cor branca com acess\u00f3rios\u00a0 livres de corros\u00e3o e veda\u00e7\u00e3o com borrachas.<\/p>\n<p>Esse equipamento \u00e9 de f\u00e1cil abertura, n\u00e3o havendo necessidade de ferramentas.<\/p>\n<p>&nbsp;<\/p>\n<p>&nbsp;<\/p>\n","protected":false},"excerpt":{"rendered":"<p>A Tampa de Inspe\u00e7\u00e3o 4&#8243; \u00e9 utilizada para acesso r\u00e1pido a v\u00e1lvulas e aberturas de conv\u00e9s. Permite op\u00e7\u00f5es de armazenamento adicional em canoas, caiaques e espa\u00e7os incomuns de pequenos barcos. A Tampa de Inspe\u00e7\u00e3o 4&#8243; \u00e9 ideal para uso n\u00e1utico, sendo sua constru\u00e7\u00e3o robusta e resistente ao ambiente marinho. Fabricada em ABS na cor branca [&hellip;]<\/p>\n","protected":false},"featured_media":1542,"comment_status":"closed","ping_status":"closed","template":"","meta":{"_joinchat":[]},"product_brand":[],"product_cat":[54],"product_tag":[],"class_list":{"0":"post-146","1":"product","2":"type-product","3":"status-publish","4":"has-post-thumbnail","6":"product_cat-tampa-de-inspecao","8":"first","9":"instock","10":"shipping-taxable","11":"product-type-simple"},"yoast_head":"<!-- This site is optimized with the Yoast SEO plugin v27.5 - https:\/\/yoast.com\/product\/yoast-seo-wordpress\/ -->\n<title>Tampa de Inspe\u00e7\u00e3o 4&quot; - Matsuri<\/title>\n<meta name=\"description\" content=\"A Tampa de Inspe\u00e7\u00e3o 4&quot; \u00e9 utilizada para acesso r\u00e1pido a v\u00e1lvulas e aberturas de conv\u00e9s. Permite op\u00e7\u00f5es de armazenamento adicional em canoas, caiaques e espa\u00e7os incomuns de pequenos barcos.\" \/>\n<meta name=\"robots\" content=\"index, follow, max-snippet:-1, max-image-preview:large, max-video-preview:-1\" \/>\n<link rel=\"canonical\" href=\"https:\/\/cdvr.com.br\/matsuri\/product\/tampa-de-inspecao-4\/\" \/>\n<meta property=\"og:locale\" content=\"pt_BR\" \/>\n<meta property=\"og:type\" content=\"article\" \/>\n<meta property=\"og:title\" content=\"Tampa de Inspe\u00e7\u00e3o 4&quot; - Matsuri\" \/>\n<meta property=\"og:description\" content=\"A Tampa de Inspe\u00e7\u00e3o 4&quot; \u00e9 utilizada para acesso r\u00e1pido a v\u00e1lvulas e aberturas de conv\u00e9s. Permite op\u00e7\u00f5es de armazenamento adicional em canoas, caiaques e espa\u00e7os incomuns de pequenos barcos.\" \/>\n<meta property=\"og:url\" content=\"https:\/\/cdvr.com.br\/matsuri\/product\/tampa-de-inspecao-4\/\" \/>\n<meta property=\"og:site_name\" content=\"Matsuri\" \/>\n<meta property=\"article:publisher\" content=\"https:\/\/www.facebook.com\/matsuri.tecnologia\/\" \/>\n<meta property=\"article:modified_time\" content=\"2022-11-25T19:38:07+00:00\" \/>\n<meta name=\"twitter:card\" content=\"summary_large_image\" \/>\n<meta name=\"twitter:label1\" content=\"Est. tempo de leitura\" \/>\n\t<meta name=\"twitter:data1\" content=\"1 minuto\" \/>\n<script type=\"application\/ld+json\" class=\"yoast-schema-graph\">{\"@context\":\"https:\\\/\\\/schema.org\",\"@graph\":[{\"@type\":\"WebPage\",\"@id\":\"https:\\\/\\\/cdvr.com.br\\\/matsuri\\\/product\\\/tampa-de-inspecao-4\\\/\",\"url\":\"https:\\\/\\\/cdvr.com.br\\\/matsuri\\\/product\\\/tampa-de-inspecao-4\\\/\",\"name\":\"Tampa de Inspe\u00e7\u00e3o 4\\\" - Matsuri\",\"isPartOf\":{\"@id\":\"https:\\\/\\\/cdvr.com.br\\\/matsuri\\\/#website\"},\"primaryImageOfPage\":{\"@id\":\"https:\\\/\\\/cdvr.com.br\\\/matsuri\\\/product\\\/tampa-de-inspecao-4\\\/#primaryimage\"},\"image\":{\"@id\":\"https:\\\/\\\/cdvr.com.br\\\/matsuri\\\/product\\\/tampa-de-inspecao-4\\\/#primaryimage\"},\"thumbnailUrl\":\"https:\\\/\\\/cdvr.com.br\\\/matsuri\\\/wp-content\\\/uploads\\\/matsuri-produtos\\\/bomba-pressurizadora.jpg\",\"datePublished\":\"2021-08-11T19:04:17+00:00\",\"dateModified\":\"2022-11-25T19:38:07+00:00\",\"description\":\"A Tampa de Inspe\u00e7\u00e3o 4\\\" \u00e9 utilizada para acesso r\u00e1pido a v\u00e1lvulas e aberturas de conv\u00e9s. Permite op\u00e7\u00f5es de armazenamento adicional em canoas, caiaques e espa\u00e7os incomuns de pequenos barcos.\",\"breadcrumb\":{\"@id\":\"https:\\\/\\\/cdvr.com.br\\\/matsuri\\\/product\\\/tampa-de-inspecao-4\\\/#breadcrumb\"},\"inLanguage\":\"pt-BR\",\"potentialAction\":[{\"@type\":\"ReadAction\",\"target\":[\"https:\\\/\\\/cdvr.com.br\\\/matsuri\\\/product\\\/tampa-de-inspecao-4\\\/\"]}]},{\"@type\":\"ImageObject\",\"inLanguage\":\"pt-BR\",\"@id\":\"https:\\\/\\\/cdvr.com.br\\\/matsuri\\\/product\\\/tampa-de-inspecao-4\\\/#primaryimage\",\"url\":\"https:\\\/\\\/cdvr.com.br\\\/matsuri\\\/wp-content\\\/uploads\\\/matsuri-produtos\\\/bomba-pressurizadora.jpg\",\"contentUrl\":\"https:\\\/\\\/cdvr.com.br\\\/matsuri\\\/wp-content\\\/uploads\\\/matsuri-produtos\\\/bomba-pressurizadora.jpg\",\"width\":599,\"height\":431},{\"@type\":\"BreadcrumbList\",\"@id\":\"https:\\\/\\\/cdvr.com.br\\\/matsuri\\\/product\\\/tampa-de-inspecao-4\\\/#breadcrumb\",\"itemListElement\":[{\"@type\":\"ListItem\",\"position\":1,\"name\":\"Home\",\"item\":\"https:\\\/\\\/cdvr.com.br\\\/matsuri\\\/\"},{\"@type\":\"ListItem\",\"position\":2,\"name\":\"Produtos\",\"item\":\"https:\\\/\\\/cdvr.com.br\\\/matsuri\\\/produtos\\\/\"},{\"@type\":\"ListItem\",\"position\":3,\"name\":\"Tampa de Inspe\u00e7\u00e3o 4&#8243;\"}]},{\"@type\":\"WebSite\",\"@id\":\"https:\\\/\\\/cdvr.com.br\\\/matsuri\\\/#website\",\"url\":\"https:\\\/\\\/cdvr.com.br\\\/matsuri\\\/\",\"name\":\"Matsuri\",\"description\":\"Tecnologia Japonesa\",\"publisher\":{\"@id\":\"https:\\\/\\\/cdvr.com.br\\\/matsuri\\\/#organization\"},\"potentialAction\":[{\"@type\":\"SearchAction\",\"target\":{\"@type\":\"EntryPoint\",\"urlTemplate\":\"https:\\\/\\\/cdvr.com.br\\\/matsuri\\\/?s={search_term_string}\"},\"query-input\":{\"@type\":\"PropertyValueSpecification\",\"valueRequired\":true,\"valueName\":\"search_term_string\"}}],\"inLanguage\":\"pt-BR\"},{\"@type\":\"Organization\",\"@id\":\"https:\\\/\\\/cdvr.com.br\\\/matsuri\\\/#organization\",\"name\":\"Matsuri\",\"url\":\"https:\\\/\\\/cdvr.com.br\\\/matsuri\\\/\",\"logo\":{\"@type\":\"ImageObject\",\"inLanguage\":\"pt-BR\",\"@id\":\"https:\\\/\\\/cdvr.com.br\\\/matsuri\\\/#\\\/schema\\\/logo\\\/image\\\/\",\"url\":\"https:\\\/\\\/cdvr.com.br\\\/matsuri\\\/wp-content\\\/uploads\\\/2023\\\/02\\\/cropped-Logo-Matsuri-2-1-1.png\",\"contentUrl\":\"https:\\\/\\\/cdvr.com.br\\\/matsuri\\\/wp-content\\\/uploads\\\/2023\\\/02\\\/cropped-Logo-Matsuri-2-1-1.png\",\"width\":195,\"height\":60,\"caption\":\"Matsuri\"},\"image\":{\"@id\":\"https:\\\/\\\/cdvr.com.br\\\/matsuri\\\/#\\\/schema\\\/logo\\\/image\\\/\"},\"sameAs\":[\"https:\\\/\\\/www.facebook.com\\\/matsuri.tecnologia\\\/\"]}]}<\/script>\n<!-- \/ Yoast SEO plugin. -->","yoast_head_json":{"title":"Tampa de Inspe\u00e7\u00e3o 4\" - Matsuri","description":"A Tampa de Inspe\u00e7\u00e3o 4\" \u00e9 utilizada para acesso r\u00e1pido a v\u00e1lvulas e aberturas de conv\u00e9s. Permite op\u00e7\u00f5es de armazenamento adicional em canoas, caiaques e espa\u00e7os incomuns de pequenos barcos.","robots":{"index":"index","follow":"follow","max-snippet":"max-snippet:-1","max-image-preview":"max-image-preview:large","max-video-preview":"max-video-preview:-1"},"canonical":"https:\/\/cdvr.com.br\/matsuri\/product\/tampa-de-inspecao-4\/","og_locale":"pt_BR","og_type":"article","og_title":"Tampa de Inspe\u00e7\u00e3o 4\" - Matsuri","og_description":"A Tampa de Inspe\u00e7\u00e3o 4\" \u00e9 utilizada para acesso r\u00e1pido a v\u00e1lvulas e aberturas de conv\u00e9s. Permite op\u00e7\u00f5es de armazenamento adicional em canoas, caiaques e espa\u00e7os incomuns de pequenos barcos.","og_url":"https:\/\/cdvr.com.br\/matsuri\/product\/tampa-de-inspecao-4\/","og_site_name":"Matsuri","article_publisher":"https:\/\/www.facebook.com\/matsuri.tecnologia\/","article_modified_time":"2022-11-25T19:38:07+00:00","twitter_card":"summary_large_image","twitter_misc":{"Est. tempo de leitura":"1 minuto"},"schema":{"@context":"https:\/\/schema.org","@graph":[{"@type":"WebPage","@id":"https:\/\/cdvr.com.br\/matsuri\/product\/tampa-de-inspecao-4\/","url":"https:\/\/cdvr.com.br\/matsuri\/product\/tampa-de-inspecao-4\/","name":"Tampa de Inspe\u00e7\u00e3o 4\" - Matsuri","isPartOf":{"@id":"https:\/\/cdvr.com.br\/matsuri\/#website"},"primaryImageOfPage":{"@id":"https:\/\/cdvr.com.br\/matsuri\/product\/tampa-de-inspecao-4\/#primaryimage"},"image":{"@id":"https:\/\/cdvr.com.br\/matsuri\/product\/tampa-de-inspecao-4\/#primaryimage"},"thumbnailUrl":"https:\/\/cdvr.com.br\/matsuri\/wp-content\/uploads\/matsuri-produtos\/bomba-pressurizadora.jpg","datePublished":"2021-08-11T19:04:17+00:00","dateModified":"2022-11-25T19:38:07+00:00","description":"A Tampa de Inspe\u00e7\u00e3o 4\" \u00e9 utilizada para acesso r\u00e1pido a v\u00e1lvulas e aberturas de conv\u00e9s. Permite op\u00e7\u00f5es de armazenamento adicional em canoas, caiaques e espa\u00e7os incomuns de pequenos barcos.","breadcrumb":{"@id":"https:\/\/cdvr.com.br\/matsuri\/product\/tampa-de-inspecao-4\/#breadcrumb"},"inLanguage":"pt-BR","potentialAction":[{"@type":"ReadAction","target":["https:\/\/cdvr.com.br\/matsuri\/product\/tampa-de-inspecao-4\/"]}]},{"@type":"ImageObject","inLanguage":"pt-BR","@id":"https:\/\/cdvr.com.br\/matsuri\/product\/tampa-de-inspecao-4\/#primaryimage","url":"https:\/\/cdvr.com.br\/matsuri\/wp-content\/uploads\/matsuri-produtos\/bomba-pressurizadora.jpg","contentUrl":"https:\/\/cdvr.com.br\/matsuri\/wp-content\/uploads\/matsuri-produtos\/bomba-pressurizadora.jpg","width":599,"height":431},{"@type":"BreadcrumbList","@id":"https:\/\/cdvr.com.br\/matsuri\/product\/tampa-de-inspecao-4\/#breadcrumb","itemListElement":[{"@type":"ListItem","position":1,"name":"Home","item":"https:\/\/cdvr.com.br\/matsuri\/"},{"@type":"ListItem","position":2,"name":"Produtos","item":"https:\/\/cdvr.com.br\/matsuri\/produtos\/"},{"@type":"ListItem","position":3,"name":"Tampa de Inspe\u00e7\u00e3o 4&#8243;"}]},{"@type":"WebSite","@id":"https:\/\/cdvr.com.br\/matsuri\/#website","url":"https:\/\/cdvr.com.br\/matsuri\/","name":"Matsuri","description":"Tecnologia Japonesa","publisher":{"@id":"https:\/\/cdvr.com.br\/matsuri\/#organization"},"potentialAction":[{"@type":"SearchAction","target":{"@type":"EntryPoint","urlTemplate":"https:\/\/cdvr.com.br\/matsuri\/?s={search_term_string}"},"query-input":{"@type":"PropertyValueSpecification","valueRequired":true,"valueName":"search_term_string"}}],"inLanguage":"pt-BR"},{"@type":"Organization","@id":"https:\/\/cdvr.com.br\/matsuri\/#organization","name":"Matsuri","url":"https:\/\/cdvr.com.br\/matsuri\/","logo":{"@type":"ImageObject","inLanguage":"pt-BR","@id":"https:\/\/cdvr.com.br\/matsuri\/#\/schema\/logo\/image\/","url":"https:\/\/cdvr.com.br\/matsuri\/wp-content\/uploads\/2023\/02\/cropped-Logo-Matsuri-2-1-1.png","contentUrl":"https:\/\/cdvr.com.br\/matsuri\/wp-content\/uploads\/2023\/02\/cropped-Logo-Matsuri-2-1-1.png","width":195,"height":60,"caption":"Matsuri"},"image":{"@id":"https:\/\/cdvr.com.br\/matsuri\/#\/schema\/logo\/image\/"},"sameAs":["https:\/\/www.facebook.com\/matsuri.tecnologia\/"]}]}},"_links":{"self":[{"href":"https:\/\/cdvr.com.br\/matsuri\/wp-json\/wp\/v2\/product\/146","targetHints":{"allow":["GET"]}}],"collection":[{"href":"https:\/\/cdvr.com.br\/matsuri\/wp-json\/wp\/v2\/product"}],"about":[{"href":"https:\/\/cdvr.com.br\/matsuri\/wp-json\/wp\/v2\/types\/product"}],"replies":[{"embeddable":true,"href":"https:\/\/cdvr.com.br\/matsuri\/wp-json\/wp\/v2\/comments?post=146"}],"wp:featuredmedia":[{"embeddable":true,"href":"https:\/\/cdvr.com.br\/matsuri\/wp-json\/wp\/v2\/media\/1542"}],"wp:attachment":[{"href":"https:\/\/cdvr.com.br\/matsuri\/wp-json\/wp\/v2\/media?parent=146"}],"wp:term":[{"taxonomy":"product_brand","embeddable":true,"href":"https:\/\/cdvr.com.br\/matsuri\/wp-json\/wp\/v2\/product_brand?post=146"},{"taxonomy":"product_cat","embeddable":true,"href":"https:\/\/cdvr.com.br\/matsuri\/wp-json\/wp\/v2\/product_cat?post=146"},{"taxonomy":"product_tag","embeddable":true,"href":"https:\/\/cdvr.com.br\/matsuri\/wp-json\/wp\/v2\/product_tag?post=146"}],"curies":[{"name":"wp","href":"https:\/\/api.w.org\/{rel}","templated":true}]}}