{"id":168,"date":"2021-08-13T08:29:02","date_gmt":"2021-08-13T11:29:02","guid":{"rendered":"https:\/\/cdvr.com.br\/matsuri\/?post_type=product&#038;p=168"},"modified":"2022-11-21T14:38:50","modified_gmt":"2022-11-21T17:38:50","slug":"sinalizador-nautico-branco","status":"publish","type":"product","link":"https:\/\/cdvr.com.br\/matsuri\/product\/sinalizador-nautico-branco\/","title":{"rendered":"Sinalizador N\u00e1utico Branco"},"content":{"rendered":"<p>O <strong>Sinalizador N\u00e1utico Branco<\/strong> \u00e9 usado para atrair os peixes e ainda possui um marcador luminoso com foto sensor autom\u00e1tico que desliga durante o dia e liga durante a noite para assim auxiliar na marca\u00e7\u00e3o da rede.<\/p>\n<p>O Sinalizador N\u00e1utico \u00e9 composto de pl\u00e1stico de engenharia sendo resistente \u00e1s adversidades do ambiente marinho e por uma l\u00e2mpada de LED, com luz branca. Este equipamento utiliza duas pilhas tipo D (n\u00e3o inclusas).<\/p>\n<p>&nbsp;<\/p>\n","protected":false},"excerpt":{"rendered":"<p>O Sinalizador N\u00e1utico Branco \u00e9 usado para atrair os peixes e ainda possui um marcador luminoso com foto sensor autom\u00e1tico que desliga durante o dia e liga durante a noite para assim auxiliar na marca\u00e7\u00e3o da rede. O Sinalizador N\u00e1utico \u00e9 composto de pl\u00e1stico de engenharia sendo resistente \u00e1s adversidades do ambiente marinho e por [&hellip;]<\/p>\n","protected":false},"featured_media":1542,"comment_status":"closed","ping_status":"closed","template":"","meta":{"_joinchat":[]},"product_brand":[],"product_cat":[52],"product_tag":[],"class_list":{"0":"post-168","1":"product","2":"type-product","3":"status-publish","4":"has-post-thumbnail","6":"product_cat-sinalizador-nautico","8":"first","9":"instock","10":"shipping-taxable","11":"product-type-simple"},"yoast_head":"<!-- This site is optimized with the Yoast SEO plugin v27.5 - https:\/\/yoast.com\/product\/yoast-seo-wordpress\/ -->\n<title>Sinalizador N\u00e1utico Branco - Matsuri<\/title>\n<meta name=\"description\" content=\"O Sinalizador N\u00e1utico Branco \u00e9 usado para atrair os peixes e ainda possui um marcador luminoso com foto sensor autom\u00e1tico que desliga durante o dia e liga durante a noite para assim auxiliar na marca\u00e7\u00e3o da rede.\" \/>\n<meta name=\"robots\" content=\"index, follow, max-snippet:-1, max-image-preview:large, max-video-preview:-1\" \/>\n<link rel=\"canonical\" href=\"https:\/\/cdvr.com.br\/matsuri\/product\/sinalizador-nautico-branco\/\" \/>\n<meta property=\"og:locale\" content=\"pt_BR\" \/>\n<meta property=\"og:type\" content=\"article\" \/>\n<meta property=\"og:title\" content=\"Sinalizador N\u00e1utico Branco - Matsuri\" \/>\n<meta property=\"og:description\" content=\"O Sinalizador N\u00e1utico Branco \u00e9 usado para atrair os peixes e ainda possui um marcador luminoso com foto sensor autom\u00e1tico que desliga durante o dia e liga durante a noite para assim auxiliar na marca\u00e7\u00e3o da rede.\" \/>\n<meta property=\"og:url\" content=\"https:\/\/cdvr.com.br\/matsuri\/product\/sinalizador-nautico-branco\/\" \/>\n<meta property=\"og:site_name\" content=\"Matsuri\" \/>\n<meta property=\"article:publisher\" content=\"https:\/\/www.facebook.com\/matsuri.tecnologia\/\" \/>\n<meta property=\"article:modified_time\" content=\"2022-11-21T17:38:50+00:00\" \/>\n<meta name=\"twitter:card\" content=\"summary_large_image\" \/>\n<meta name=\"twitter:label1\" content=\"Est. tempo de leitura\" \/>\n\t<meta name=\"twitter:data1\" content=\"1 minuto\" \/>\n<script type=\"application\/ld+json\" class=\"yoast-schema-graph\">{\"@context\":\"https:\\\/\\\/schema.org\",\"@graph\":[{\"@type\":\"WebPage\",\"@id\":\"https:\\\/\\\/cdvr.com.br\\\/matsuri\\\/product\\\/sinalizador-nautico-branco\\\/\",\"url\":\"https:\\\/\\\/cdvr.com.br\\\/matsuri\\\/product\\\/sinalizador-nautico-branco\\\/\",\"name\":\"Sinalizador N\u00e1utico Branco - Matsuri\",\"isPartOf\":{\"@id\":\"https:\\\/\\\/cdvr.com.br\\\/matsuri\\\/#website\"},\"primaryImageOfPage\":{\"@id\":\"https:\\\/\\\/cdvr.com.br\\\/matsuri\\\/product\\\/sinalizador-nautico-branco\\\/#primaryimage\"},\"image\":{\"@id\":\"https:\\\/\\\/cdvr.com.br\\\/matsuri\\\/product\\\/sinalizador-nautico-branco\\\/#primaryimage\"},\"thumbnailUrl\":\"https:\\\/\\\/cdvr.com.br\\\/matsuri\\\/wp-content\\\/uploads\\\/matsuri-produtos\\\/bomba-pressurizadora.jpg\",\"datePublished\":\"2021-08-13T11:29:02+00:00\",\"dateModified\":\"2022-11-21T17:38:50+00:00\",\"description\":\"O Sinalizador N\u00e1utico Branco \u00e9 usado para atrair os peixes e ainda possui um marcador luminoso com foto sensor autom\u00e1tico que desliga durante o dia e liga durante a noite para assim auxiliar na marca\u00e7\u00e3o da rede.\",\"breadcrumb\":{\"@id\":\"https:\\\/\\\/cdvr.com.br\\\/matsuri\\\/product\\\/sinalizador-nautico-branco\\\/#breadcrumb\"},\"inLanguage\":\"pt-BR\",\"potentialAction\":[{\"@type\":\"ReadAction\",\"target\":[\"https:\\\/\\\/cdvr.com.br\\\/matsuri\\\/product\\\/sinalizador-nautico-branco\\\/\"]}]},{\"@type\":\"ImageObject\",\"inLanguage\":\"pt-BR\",\"@id\":\"https:\\\/\\\/cdvr.com.br\\\/matsuri\\\/product\\\/sinalizador-nautico-branco\\\/#primaryimage\",\"url\":\"https:\\\/\\\/cdvr.com.br\\\/matsuri\\\/wp-content\\\/uploads\\\/matsuri-produtos\\\/bomba-pressurizadora.jpg\",\"contentUrl\":\"https:\\\/\\\/cdvr.com.br\\\/matsuri\\\/wp-content\\\/uploads\\\/matsuri-produtos\\\/bomba-pressurizadora.jpg\",\"width\":599,\"height\":431},{\"@type\":\"BreadcrumbList\",\"@id\":\"https:\\\/\\\/cdvr.com.br\\\/matsuri\\\/product\\\/sinalizador-nautico-branco\\\/#breadcrumb\",\"itemListElement\":[{\"@type\":\"ListItem\",\"position\":1,\"name\":\"Home\",\"item\":\"https:\\\/\\\/cdvr.com.br\\\/matsuri\\\/\"},{\"@type\":\"ListItem\",\"position\":2,\"name\":\"Produtos\",\"item\":\"https:\\\/\\\/cdvr.com.br\\\/matsuri\\\/produtos\\\/\"},{\"@type\":\"ListItem\",\"position\":3,\"name\":\"Sinalizador N\u00e1utico Branco\"}]},{\"@type\":\"WebSite\",\"@id\":\"https:\\\/\\\/cdvr.com.br\\\/matsuri\\\/#website\",\"url\":\"https:\\\/\\\/cdvr.com.br\\\/matsuri\\\/\",\"name\":\"Matsuri\",\"description\":\"Tecnologia Japonesa\",\"publisher\":{\"@id\":\"https:\\\/\\\/cdvr.com.br\\\/matsuri\\\/#organization\"},\"potentialAction\":[{\"@type\":\"SearchAction\",\"target\":{\"@type\":\"EntryPoint\",\"urlTemplate\":\"https:\\\/\\\/cdvr.com.br\\\/matsuri\\\/?s={search_term_string}\"},\"query-input\":{\"@type\":\"PropertyValueSpecification\",\"valueRequired\":true,\"valueName\":\"search_term_string\"}}],\"inLanguage\":\"pt-BR\"},{\"@type\":\"Organization\",\"@id\":\"https:\\\/\\\/cdvr.com.br\\\/matsuri\\\/#organization\",\"name\":\"Matsuri\",\"url\":\"https:\\\/\\\/cdvr.com.br\\\/matsuri\\\/\",\"logo\":{\"@type\":\"ImageObject\",\"inLanguage\":\"pt-BR\",\"@id\":\"https:\\\/\\\/cdvr.com.br\\\/matsuri\\\/#\\\/schema\\\/logo\\\/image\\\/\",\"url\":\"https:\\\/\\\/cdvr.com.br\\\/matsuri\\\/wp-content\\\/uploads\\\/2023\\\/02\\\/cropped-Logo-Matsuri-2-1-1.png\",\"contentUrl\":\"https:\\\/\\\/cdvr.com.br\\\/matsuri\\\/wp-content\\\/uploads\\\/2023\\\/02\\\/cropped-Logo-Matsuri-2-1-1.png\",\"width\":195,\"height\":60,\"caption\":\"Matsuri\"},\"image\":{\"@id\":\"https:\\\/\\\/cdvr.com.br\\\/matsuri\\\/#\\\/schema\\\/logo\\\/image\\\/\"},\"sameAs\":[\"https:\\\/\\\/www.facebook.com\\\/matsuri.tecnologia\\\/\"]}]}<\/script>\n<!-- \/ Yoast SEO plugin. -->","yoast_head_json":{"title":"Sinalizador N\u00e1utico Branco - Matsuri","description":"O Sinalizador N\u00e1utico Branco \u00e9 usado para atrair os peixes e ainda possui um marcador luminoso com foto sensor autom\u00e1tico que desliga durante o dia e liga durante a noite para assim auxiliar na marca\u00e7\u00e3o da rede.","robots":{"index":"index","follow":"follow","max-snippet":"max-snippet:-1","max-image-preview":"max-image-preview:large","max-video-preview":"max-video-preview:-1"},"canonical":"https:\/\/cdvr.com.br\/matsuri\/product\/sinalizador-nautico-branco\/","og_locale":"pt_BR","og_type":"article","og_title":"Sinalizador N\u00e1utico Branco - Matsuri","og_description":"O Sinalizador N\u00e1utico Branco \u00e9 usado para atrair os peixes e ainda possui um marcador luminoso com foto sensor autom\u00e1tico que desliga durante o dia e liga durante a noite para assim auxiliar na marca\u00e7\u00e3o da rede.","og_url":"https:\/\/cdvr.com.br\/matsuri\/product\/sinalizador-nautico-branco\/","og_site_name":"Matsuri","article_publisher":"https:\/\/www.facebook.com\/matsuri.tecnologia\/","article_modified_time":"2022-11-21T17:38:50+00:00","twitter_card":"summary_large_image","twitter_misc":{"Est. tempo de leitura":"1 minuto"},"schema":{"@context":"https:\/\/schema.org","@graph":[{"@type":"WebPage","@id":"https:\/\/cdvr.com.br\/matsuri\/product\/sinalizador-nautico-branco\/","url":"https:\/\/cdvr.com.br\/matsuri\/product\/sinalizador-nautico-branco\/","name":"Sinalizador N\u00e1utico Branco - Matsuri","isPartOf":{"@id":"https:\/\/cdvr.com.br\/matsuri\/#website"},"primaryImageOfPage":{"@id":"https:\/\/cdvr.com.br\/matsuri\/product\/sinalizador-nautico-branco\/#primaryimage"},"image":{"@id":"https:\/\/cdvr.com.br\/matsuri\/product\/sinalizador-nautico-branco\/#primaryimage"},"thumbnailUrl":"https:\/\/cdvr.com.br\/matsuri\/wp-content\/uploads\/matsuri-produtos\/bomba-pressurizadora.jpg","datePublished":"2021-08-13T11:29:02+00:00","dateModified":"2022-11-21T17:38:50+00:00","description":"O Sinalizador N\u00e1utico Branco \u00e9 usado para atrair os peixes e ainda possui um marcador luminoso com foto sensor autom\u00e1tico que desliga durante o dia e liga durante a noite para assim auxiliar na marca\u00e7\u00e3o da rede.","breadcrumb":{"@id":"https:\/\/cdvr.com.br\/matsuri\/product\/sinalizador-nautico-branco\/#breadcrumb"},"inLanguage":"pt-BR","potentialAction":[{"@type":"ReadAction","target":["https:\/\/cdvr.com.br\/matsuri\/product\/sinalizador-nautico-branco\/"]}]},{"@type":"ImageObject","inLanguage":"pt-BR","@id":"https:\/\/cdvr.com.br\/matsuri\/product\/sinalizador-nautico-branco\/#primaryimage","url":"https:\/\/cdvr.com.br\/matsuri\/wp-content\/uploads\/matsuri-produtos\/bomba-pressurizadora.jpg","contentUrl":"https:\/\/cdvr.com.br\/matsuri\/wp-content\/uploads\/matsuri-produtos\/bomba-pressurizadora.jpg","width":599,"height":431},{"@type":"BreadcrumbList","@id":"https:\/\/cdvr.com.br\/matsuri\/product\/sinalizador-nautico-branco\/#breadcrumb","itemListElement":[{"@type":"ListItem","position":1,"name":"Home","item":"https:\/\/cdvr.com.br\/matsuri\/"},{"@type":"ListItem","position":2,"name":"Produtos","item":"https:\/\/cdvr.com.br\/matsuri\/produtos\/"},{"@type":"ListItem","position":3,"name":"Sinalizador N\u00e1utico Branco"}]},{"@type":"WebSite","@id":"https:\/\/cdvr.com.br\/matsuri\/#website","url":"https:\/\/cdvr.com.br\/matsuri\/","name":"Matsuri","description":"Tecnologia Japonesa","publisher":{"@id":"https:\/\/cdvr.com.br\/matsuri\/#organization"},"potentialAction":[{"@type":"SearchAction","target":{"@type":"EntryPoint","urlTemplate":"https:\/\/cdvr.com.br\/matsuri\/?s={search_term_string}"},"query-input":{"@type":"PropertyValueSpecification","valueRequired":true,"valueName":"search_term_string"}}],"inLanguage":"pt-BR"},{"@type":"Organization","@id":"https:\/\/cdvr.com.br\/matsuri\/#organization","name":"Matsuri","url":"https:\/\/cdvr.com.br\/matsuri\/","logo":{"@type":"ImageObject","inLanguage":"pt-BR","@id":"https:\/\/cdvr.com.br\/matsuri\/#\/schema\/logo\/image\/","url":"https:\/\/cdvr.com.br\/matsuri\/wp-content\/uploads\/2023\/02\/cropped-Logo-Matsuri-2-1-1.png","contentUrl":"https:\/\/cdvr.com.br\/matsuri\/wp-content\/uploads\/2023\/02\/cropped-Logo-Matsuri-2-1-1.png","width":195,"height":60,"caption":"Matsuri"},"image":{"@id":"https:\/\/cdvr.com.br\/matsuri\/#\/schema\/logo\/image\/"},"sameAs":["https:\/\/www.facebook.com\/matsuri.tecnologia\/"]}]}},"_links":{"self":[{"href":"https:\/\/cdvr.com.br\/matsuri\/wp-json\/wp\/v2\/product\/168","targetHints":{"allow":["GET"]}}],"collection":[{"href":"https:\/\/cdvr.com.br\/matsuri\/wp-json\/wp\/v2\/product"}],"about":[{"href":"https:\/\/cdvr.com.br\/matsuri\/wp-json\/wp\/v2\/types\/product"}],"replies":[{"embeddable":true,"href":"https:\/\/cdvr.com.br\/matsuri\/wp-json\/wp\/v2\/comments?post=168"}],"wp:featuredmedia":[{"embeddable":true,"href":"https:\/\/cdvr.com.br\/matsuri\/wp-json\/wp\/v2\/media\/1542"}],"wp:attachment":[{"href":"https:\/\/cdvr.com.br\/matsuri\/wp-json\/wp\/v2\/media?parent=168"}],"wp:term":[{"taxonomy":"product_brand","embeddable":true,"href":"https:\/\/cdvr.com.br\/matsuri\/wp-json\/wp\/v2\/product_brand?post=168"},{"taxonomy":"product_cat","embeddable":true,"href":"https:\/\/cdvr.com.br\/matsuri\/wp-json\/wp\/v2\/product_cat?post=168"},{"taxonomy":"product_tag","embeddable":true,"href":"https:\/\/cdvr.com.br\/matsuri\/wp-json\/wp\/v2\/product_tag?post=168"}],"curies":[{"name":"wp","href":"https:\/\/api.w.org\/{rel}","templated":true}]}}