{"id":195,"date":"2021-08-19T09:29:49","date_gmt":"2021-08-19T12:29:49","guid":{"rendered":"https:\/\/cdvr.com.br\/matsuri\/?post_type=product&#038;p=195"},"modified":"2022-11-21T11:28:12","modified_gmt":"2022-11-21T14:28:12","slug":"guincho-manual-de-arraste-com-cinta-2500-lbs","status":"publish","type":"product","link":"https:\/\/cdvr.com.br\/matsuri\/product\/guincho-manual-de-arraste-com-cinta-2500-lbs\/","title":{"rendered":"Guincho Manual para Arraste com Cinta 2500 LBS"},"content":{"rendered":"<p>O Guincho Manual para Arraste com Cinta 2500 LBS \u00e9 utilizado em carretas de barcos, lanchas, motos, jetski, para movimenta\u00e7\u00e3o de carros robustos, carregamento de bra\u00e7os e trailers.<\/p>\n<p>O Guincho Manual para Arraste com Cinta \u00e9 composto de a\u00e7o galvanizado a fogo, o que garante seguran\u00e7a a corros\u00e3o em ambientes agressivos como \u00e1gua do mar. Al\u00e9m disso, possui uma cinta de nylon de alta resist\u00eancia, longa que facilita a coloca\u00e7\u00e3o e retirada de sua embarca\u00e7\u00e3o ou moto na carreta.<\/p>\n<p>&nbsp;<\/p>\n<p><strong> Guincho Manual para Arraste com Cinta 2500 LBS:<\/strong><\/p>\n<p>Capacidade de tra\u00e7\u00e3o: 2500 Lbs 1100 kg<br \/>\nCapacidade m\u00e1xima: 3750 Lbs 1700 kg<br \/>\nComprimento do cabo: 10m<br \/>\nDi\u00e2metro do cabo: 50mm<\/p>\n<p><em>Guincho de amarra\u00e7\u00e3o provido de uma lingueta de seguran\u00e7a.<\/em><\/p>\n","protected":false},"excerpt":{"rendered":"<p>O Guincho Manual para Arraste com Cinta 2500 LBS \u00e9 utilizado em carretas de barcos, lanchas, motos, jetski, para movimenta\u00e7\u00e3o de carros robustos, carregamento de bra\u00e7os e trailers. O Guincho Manual para Arraste com Cinta \u00e9 composto de a\u00e7o galvanizado a fogo, o que garante seguran\u00e7a a corros\u00e3o em ambientes agressivos como \u00e1gua do mar. [&hellip;]<\/p>\n","protected":false},"featured_media":1542,"comment_status":"closed","ping_status":"closed","template":"","meta":{"_joinchat":[]},"product_brand":[],"product_cat":[43,44],"product_tag":[],"class_list":{"0":"post-195","1":"product","2":"type-product","3":"status-publish","4":"has-post-thumbnail","6":"product_cat-guincho-manual-catracado","7":"product_cat-guincho-manual-catracado-com-cinta","9":"first","10":"instock","11":"shipping-taxable","12":"product-type-simple"},"yoast_head":"<!-- This site is optimized with the Yoast SEO plugin v27.5 - https:\/\/yoast.com\/product\/yoast-seo-wordpress\/ -->\n<title>Guincho Manual para Arraste com Cinta 2500 LBS - Matsuri<\/title>\n<meta name=\"robots\" content=\"index, follow, max-snippet:-1, max-image-preview:large, max-video-preview:-1\" \/>\n<link rel=\"canonical\" href=\"https:\/\/cdvr.com.br\/matsuri\/product\/guincho-manual-de-arraste-com-cinta-2500-lbs\/\" \/>\n<meta property=\"og:locale\" content=\"pt_BR\" \/>\n<meta property=\"og:type\" content=\"article\" \/>\n<meta property=\"og:title\" content=\"Guincho Manual para Arraste com Cinta 2500 LBS - Matsuri\" \/>\n<meta property=\"og:description\" content=\"O Guincho Manual para Arraste com Cinta 2500 LBS \u00e9 utilizado em carretas de barcos, lanchas, motos, jetski, para movimenta\u00e7\u00e3o de carros robustos, carregamento de bra\u00e7os e trailers. O Guincho Manual para Arraste com Cinta \u00e9 composto de a\u00e7o galvanizado a fogo, o que garante seguran\u00e7a a corros\u00e3o em ambientes agressivos como \u00e1gua do mar. [&hellip;]\" \/>\n<meta property=\"og:url\" content=\"https:\/\/cdvr.com.br\/matsuri\/product\/guincho-manual-de-arraste-com-cinta-2500-lbs\/\" \/>\n<meta property=\"og:site_name\" content=\"Matsuri\" \/>\n<meta property=\"article:publisher\" content=\"https:\/\/www.facebook.com\/matsuri.tecnologia\/\" \/>\n<meta property=\"article:modified_time\" content=\"2022-11-21T14:28:12+00:00\" \/>\n<meta name=\"twitter:card\" content=\"summary_large_image\" \/>\n<meta name=\"twitter:label1\" content=\"Est. tempo de leitura\" \/>\n\t<meta name=\"twitter:data1\" content=\"1 minuto\" \/>\n<script type=\"application\/ld+json\" class=\"yoast-schema-graph\">{\"@context\":\"https:\\\/\\\/schema.org\",\"@graph\":[{\"@type\":\"WebPage\",\"@id\":\"https:\\\/\\\/cdvr.com.br\\\/matsuri\\\/product\\\/guincho-manual-de-arraste-com-cinta-2500-lbs\\\/\",\"url\":\"https:\\\/\\\/cdvr.com.br\\\/matsuri\\\/product\\\/guincho-manual-de-arraste-com-cinta-2500-lbs\\\/\",\"name\":\"Guincho Manual para Arraste com Cinta 2500 LBS - Matsuri\",\"isPartOf\":{\"@id\":\"https:\\\/\\\/cdvr.com.br\\\/matsuri\\\/#website\"},\"primaryImageOfPage\":{\"@id\":\"https:\\\/\\\/cdvr.com.br\\\/matsuri\\\/product\\\/guincho-manual-de-arraste-com-cinta-2500-lbs\\\/#primaryimage\"},\"image\":{\"@id\":\"https:\\\/\\\/cdvr.com.br\\\/matsuri\\\/product\\\/guincho-manual-de-arraste-com-cinta-2500-lbs\\\/#primaryimage\"},\"thumbnailUrl\":\"https:\\\/\\\/cdvr.com.br\\\/matsuri\\\/wp-content\\\/uploads\\\/matsuri-produtos\\\/bomba-pressurizadora.jpg\",\"datePublished\":\"2021-08-19T12:29:49+00:00\",\"dateModified\":\"2022-11-21T14:28:12+00:00\",\"breadcrumb\":{\"@id\":\"https:\\\/\\\/cdvr.com.br\\\/matsuri\\\/product\\\/guincho-manual-de-arraste-com-cinta-2500-lbs\\\/#breadcrumb\"},\"inLanguage\":\"pt-BR\",\"potentialAction\":[{\"@type\":\"ReadAction\",\"target\":[\"https:\\\/\\\/cdvr.com.br\\\/matsuri\\\/product\\\/guincho-manual-de-arraste-com-cinta-2500-lbs\\\/\"]}]},{\"@type\":\"ImageObject\",\"inLanguage\":\"pt-BR\",\"@id\":\"https:\\\/\\\/cdvr.com.br\\\/matsuri\\\/product\\\/guincho-manual-de-arraste-com-cinta-2500-lbs\\\/#primaryimage\",\"url\":\"https:\\\/\\\/cdvr.com.br\\\/matsuri\\\/wp-content\\\/uploads\\\/matsuri-produtos\\\/bomba-pressurizadora.jpg\",\"contentUrl\":\"https:\\\/\\\/cdvr.com.br\\\/matsuri\\\/wp-content\\\/uploads\\\/matsuri-produtos\\\/bomba-pressurizadora.jpg\",\"width\":599,\"height\":431},{\"@type\":\"BreadcrumbList\",\"@id\":\"https:\\\/\\\/cdvr.com.br\\\/matsuri\\\/product\\\/guincho-manual-de-arraste-com-cinta-2500-lbs\\\/#breadcrumb\",\"itemListElement\":[{\"@type\":\"ListItem\",\"position\":1,\"name\":\"Home\",\"item\":\"https:\\\/\\\/cdvr.com.br\\\/matsuri\\\/\"},{\"@type\":\"ListItem\",\"position\":2,\"name\":\"Produtos\",\"item\":\"https:\\\/\\\/cdvr.com.br\\\/matsuri\\\/produtos\\\/\"},{\"@type\":\"ListItem\",\"position\":3,\"name\":\"Guincho Manual para Arraste com Cinta 2500 LBS\"}]},{\"@type\":\"WebSite\",\"@id\":\"https:\\\/\\\/cdvr.com.br\\\/matsuri\\\/#website\",\"url\":\"https:\\\/\\\/cdvr.com.br\\\/matsuri\\\/\",\"name\":\"Matsuri\",\"description\":\"Tecnologia Japonesa\",\"publisher\":{\"@id\":\"https:\\\/\\\/cdvr.com.br\\\/matsuri\\\/#organization\"},\"potentialAction\":[{\"@type\":\"SearchAction\",\"target\":{\"@type\":\"EntryPoint\",\"urlTemplate\":\"https:\\\/\\\/cdvr.com.br\\\/matsuri\\\/?s={search_term_string}\"},\"query-input\":{\"@type\":\"PropertyValueSpecification\",\"valueRequired\":true,\"valueName\":\"search_term_string\"}}],\"inLanguage\":\"pt-BR\"},{\"@type\":\"Organization\",\"@id\":\"https:\\\/\\\/cdvr.com.br\\\/matsuri\\\/#organization\",\"name\":\"Matsuri\",\"url\":\"https:\\\/\\\/cdvr.com.br\\\/matsuri\\\/\",\"logo\":{\"@type\":\"ImageObject\",\"inLanguage\":\"pt-BR\",\"@id\":\"https:\\\/\\\/cdvr.com.br\\\/matsuri\\\/#\\\/schema\\\/logo\\\/image\\\/\",\"url\":\"https:\\\/\\\/cdvr.com.br\\\/matsuri\\\/wp-content\\\/uploads\\\/2023\\\/02\\\/cropped-Logo-Matsuri-2-1-1.png\",\"contentUrl\":\"https:\\\/\\\/cdvr.com.br\\\/matsuri\\\/wp-content\\\/uploads\\\/2023\\\/02\\\/cropped-Logo-Matsuri-2-1-1.png\",\"width\":195,\"height\":60,\"caption\":\"Matsuri\"},\"image\":{\"@id\":\"https:\\\/\\\/cdvr.com.br\\\/matsuri\\\/#\\\/schema\\\/logo\\\/image\\\/\"},\"sameAs\":[\"https:\\\/\\\/www.facebook.com\\\/matsuri.tecnologia\\\/\"]}]}<\/script>\n<!-- \/ Yoast SEO plugin. -->","yoast_head_json":{"title":"Guincho Manual para Arraste com Cinta 2500 LBS - Matsuri","robots":{"index":"index","follow":"follow","max-snippet":"max-snippet:-1","max-image-preview":"max-image-preview:large","max-video-preview":"max-video-preview:-1"},"canonical":"https:\/\/cdvr.com.br\/matsuri\/product\/guincho-manual-de-arraste-com-cinta-2500-lbs\/","og_locale":"pt_BR","og_type":"article","og_title":"Guincho Manual para Arraste com Cinta 2500 LBS - Matsuri","og_description":"O Guincho Manual para Arraste com Cinta 2500 LBS \u00e9 utilizado em carretas de barcos, lanchas, motos, jetski, para movimenta\u00e7\u00e3o de carros robustos, carregamento de bra\u00e7os e trailers. O Guincho Manual para Arraste com Cinta \u00e9 composto de a\u00e7o galvanizado a fogo, o que garante seguran\u00e7a a corros\u00e3o em ambientes agressivos como \u00e1gua do mar. [&hellip;]","og_url":"https:\/\/cdvr.com.br\/matsuri\/product\/guincho-manual-de-arraste-com-cinta-2500-lbs\/","og_site_name":"Matsuri","article_publisher":"https:\/\/www.facebook.com\/matsuri.tecnologia\/","article_modified_time":"2022-11-21T14:28:12+00:00","twitter_card":"summary_large_image","twitter_misc":{"Est. tempo de leitura":"1 minuto"},"schema":{"@context":"https:\/\/schema.org","@graph":[{"@type":"WebPage","@id":"https:\/\/cdvr.com.br\/matsuri\/product\/guincho-manual-de-arraste-com-cinta-2500-lbs\/","url":"https:\/\/cdvr.com.br\/matsuri\/product\/guincho-manual-de-arraste-com-cinta-2500-lbs\/","name":"Guincho Manual para Arraste com Cinta 2500 LBS - Matsuri","isPartOf":{"@id":"https:\/\/cdvr.com.br\/matsuri\/#website"},"primaryImageOfPage":{"@id":"https:\/\/cdvr.com.br\/matsuri\/product\/guincho-manual-de-arraste-com-cinta-2500-lbs\/#primaryimage"},"image":{"@id":"https:\/\/cdvr.com.br\/matsuri\/product\/guincho-manual-de-arraste-com-cinta-2500-lbs\/#primaryimage"},"thumbnailUrl":"https:\/\/cdvr.com.br\/matsuri\/wp-content\/uploads\/matsuri-produtos\/bomba-pressurizadora.jpg","datePublished":"2021-08-19T12:29:49+00:00","dateModified":"2022-11-21T14:28:12+00:00","breadcrumb":{"@id":"https:\/\/cdvr.com.br\/matsuri\/product\/guincho-manual-de-arraste-com-cinta-2500-lbs\/#breadcrumb"},"inLanguage":"pt-BR","potentialAction":[{"@type":"ReadAction","target":["https:\/\/cdvr.com.br\/matsuri\/product\/guincho-manual-de-arraste-com-cinta-2500-lbs\/"]}]},{"@type":"ImageObject","inLanguage":"pt-BR","@id":"https:\/\/cdvr.com.br\/matsuri\/product\/guincho-manual-de-arraste-com-cinta-2500-lbs\/#primaryimage","url":"https:\/\/cdvr.com.br\/matsuri\/wp-content\/uploads\/matsuri-produtos\/bomba-pressurizadora.jpg","contentUrl":"https:\/\/cdvr.com.br\/matsuri\/wp-content\/uploads\/matsuri-produtos\/bomba-pressurizadora.jpg","width":599,"height":431},{"@type":"BreadcrumbList","@id":"https:\/\/cdvr.com.br\/matsuri\/product\/guincho-manual-de-arraste-com-cinta-2500-lbs\/#breadcrumb","itemListElement":[{"@type":"ListItem","position":1,"name":"Home","item":"https:\/\/cdvr.com.br\/matsuri\/"},{"@type":"ListItem","position":2,"name":"Produtos","item":"https:\/\/cdvr.com.br\/matsuri\/produtos\/"},{"@type":"ListItem","position":3,"name":"Guincho Manual para Arraste com Cinta 2500 LBS"}]},{"@type":"WebSite","@id":"https:\/\/cdvr.com.br\/matsuri\/#website","url":"https:\/\/cdvr.com.br\/matsuri\/","name":"Matsuri","description":"Tecnologia Japonesa","publisher":{"@id":"https:\/\/cdvr.com.br\/matsuri\/#organization"},"potentialAction":[{"@type":"SearchAction","target":{"@type":"EntryPoint","urlTemplate":"https:\/\/cdvr.com.br\/matsuri\/?s={search_term_string}"},"query-input":{"@type":"PropertyValueSpecification","valueRequired":true,"valueName":"search_term_string"}}],"inLanguage":"pt-BR"},{"@type":"Organization","@id":"https:\/\/cdvr.com.br\/matsuri\/#organization","name":"Matsuri","url":"https:\/\/cdvr.com.br\/matsuri\/","logo":{"@type":"ImageObject","inLanguage":"pt-BR","@id":"https:\/\/cdvr.com.br\/matsuri\/#\/schema\/logo\/image\/","url":"https:\/\/cdvr.com.br\/matsuri\/wp-content\/uploads\/2023\/02\/cropped-Logo-Matsuri-2-1-1.png","contentUrl":"https:\/\/cdvr.com.br\/matsuri\/wp-content\/uploads\/2023\/02\/cropped-Logo-Matsuri-2-1-1.png","width":195,"height":60,"caption":"Matsuri"},"image":{"@id":"https:\/\/cdvr.com.br\/matsuri\/#\/schema\/logo\/image\/"},"sameAs":["https:\/\/www.facebook.com\/matsuri.tecnologia\/"]}]}},"_links":{"self":[{"href":"https:\/\/cdvr.com.br\/matsuri\/wp-json\/wp\/v2\/product\/195","targetHints":{"allow":["GET"]}}],"collection":[{"href":"https:\/\/cdvr.com.br\/matsuri\/wp-json\/wp\/v2\/product"}],"about":[{"href":"https:\/\/cdvr.com.br\/matsuri\/wp-json\/wp\/v2\/types\/product"}],"replies":[{"embeddable":true,"href":"https:\/\/cdvr.com.br\/matsuri\/wp-json\/wp\/v2\/comments?post=195"}],"wp:featuredmedia":[{"embeddable":true,"href":"https:\/\/cdvr.com.br\/matsuri\/wp-json\/wp\/v2\/media\/1542"}],"wp:attachment":[{"href":"https:\/\/cdvr.com.br\/matsuri\/wp-json\/wp\/v2\/media?parent=195"}],"wp:term":[{"taxonomy":"product_brand","embeddable":true,"href":"https:\/\/cdvr.com.br\/matsuri\/wp-json\/wp\/v2\/product_brand?post=195"},{"taxonomy":"product_cat","embeddable":true,"href":"https:\/\/cdvr.com.br\/matsuri\/wp-json\/wp\/v2\/product_cat?post=195"},{"taxonomy":"product_tag","embeddable":true,"href":"https:\/\/cdvr.com.br\/matsuri\/wp-json\/wp\/v2\/product_tag?post=195"}],"curies":[{"name":"wp","href":"https:\/\/api.w.org\/{rel}","templated":true}]}}