{"id":212,"date":"2021-08-19T10:36:05","date_gmt":"2021-08-19T13:36:05","guid":{"rendered":"https:\/\/cdvr.com.br\/matsuri\/?post_type=product&#038;p=212"},"modified":"2024-06-03T14:27:43","modified_gmt":"2024-06-03T17:27:43","slug":"bico-plastico-para-galao-de-combustivel","status":"publish","type":"product","link":"https:\/\/cdvr.com.br\/matsuri\/product\/bico-plastico-para-galao-de-combustivel\/","title":{"rendered":"Bico Pl\u00e1stico para Gal\u00e3o de Combust\u00edvel"},"content":{"rendered":"<p>O <strong>Bico Pl\u00e1stico para Gal\u00e3o de Combust\u00edvel<\/strong> possui um sistema de bloqueio autom\u00e1tico, facilitando o abastecimento e a seguran\u00e7a quando n\u00e3o esta sendo utilizado.<\/p>\n<p>Esse modelo Bico Pl\u00e1stico para Gal\u00e3o de Combust\u00edvel servem somente para os gal\u00f5es da marca Matsuri.<\/p>\n<p>&nbsp;<\/p>\n","protected":false},"excerpt":{"rendered":"<p>O Bico Pl\u00e1stico para Gal\u00e3o de Combust\u00edvel possui um sistema de bloqueio autom\u00e1tico, facilitando o abastecimento e a seguran\u00e7a quando n\u00e3o esta sendo utilizado. Esse modelo Bico Pl\u00e1stico para Gal\u00e3o de Combust\u00edvel servem somente para os gal\u00f5es da marca Matsuri. &nbsp;<\/p>\n","protected":false},"featured_media":1519,"comment_status":"closed","ping_status":"closed","template":"","meta":{"_joinchat":[]},"product_brand":[],"product_cat":[41,37],"product_tag":[],"class_list":{"0":"post-212","1":"product","2":"type-product","3":"status-publish","4":"has-post-thumbnail","6":"product_cat-bico-para-galao-de-combustivel-plastico","7":"product_cat-galao-para-combustivel","9":"first","10":"instock","11":"shipping-taxable","12":"product-type-simple"},"yoast_head":"<!-- This site is optimized with the Yoast SEO plugin v27.5 - https:\/\/yoast.com\/product\/yoast-seo-wordpress\/ -->\n<title>Bico Pl\u00e1stico para Gal\u00e3o de Combust\u00edvel - Matsuri<\/title>\n<meta name=\"description\" content=\"O Bico Pl\u00e1stico para Gal\u00e3o de Combust\u00edvel possui um sistema de bloqueio autom\u00e1tico, facilitando o abastecimento e a seguran\u00e7a quando n\u00e3o esta sendo utilizado.\" \/>\n<meta name=\"robots\" content=\"index, follow, max-snippet:-1, max-image-preview:large, max-video-preview:-1\" \/>\n<link rel=\"canonical\" href=\"https:\/\/cdvr.com.br\/matsuri\/product\/bico-plastico-para-galao-de-combustivel\/\" \/>\n<meta property=\"og:locale\" content=\"pt_BR\" \/>\n<meta property=\"og:type\" content=\"article\" \/>\n<meta property=\"og:title\" content=\"Bico Pl\u00e1stico para Gal\u00e3o de Combust\u00edvel - Matsuri\" \/>\n<meta property=\"og:description\" content=\"O Bico Pl\u00e1stico para Gal\u00e3o de Combust\u00edvel possui um sistema de bloqueio autom\u00e1tico, facilitando o abastecimento e a seguran\u00e7a quando n\u00e3o esta sendo utilizado.\" \/>\n<meta property=\"og:url\" content=\"https:\/\/cdvr.com.br\/matsuri\/product\/bico-plastico-para-galao-de-combustivel\/\" \/>\n<meta property=\"og:site_name\" content=\"Matsuri\" \/>\n<meta property=\"article:publisher\" content=\"https:\/\/www.facebook.com\/matsuri.tecnologia\/\" \/>\n<meta property=\"article:modified_time\" content=\"2024-06-03T17:27:43+00:00\" \/>\n<meta property=\"og:image\" content=\"https:\/\/cdvr.com.br\/matsuri\/wp-content\/uploads\/2026\/03\/produto-212.jpg\" \/>\n\t<meta property=\"og:image:width\" content=\"500\" \/>\n\t<meta property=\"og:image:height\" content=\"365\" \/>\n\t<meta property=\"og:image:type\" content=\"image\/jpeg\" \/>\n<meta name=\"twitter:card\" content=\"summary_large_image\" \/>\n<meta name=\"twitter:label1\" content=\"Est. tempo de leitura\" \/>\n\t<meta name=\"twitter:data1\" content=\"1 minuto\" \/>\n<script type=\"application\/ld+json\" class=\"yoast-schema-graph\">{\"@context\":\"https:\\\/\\\/schema.org\",\"@graph\":[{\"@type\":\"WebPage\",\"@id\":\"https:\\\/\\\/cdvr.com.br\\\/matsuri\\\/product\\\/bico-plastico-para-galao-de-combustivel\\\/\",\"url\":\"https:\\\/\\\/cdvr.com.br\\\/matsuri\\\/product\\\/bico-plastico-para-galao-de-combustivel\\\/\",\"name\":\"Bico Pl\u00e1stico para Gal\u00e3o de Combust\u00edvel - Matsuri\",\"isPartOf\":{\"@id\":\"https:\\\/\\\/cdvr.com.br\\\/matsuri\\\/#website\"},\"primaryImageOfPage\":{\"@id\":\"https:\\\/\\\/cdvr.com.br\\\/matsuri\\\/product\\\/bico-plastico-para-galao-de-combustivel\\\/#primaryimage\"},\"image\":{\"@id\":\"https:\\\/\\\/cdvr.com.br\\\/matsuri\\\/product\\\/bico-plastico-para-galao-de-combustivel\\\/#primaryimage\"},\"thumbnailUrl\":\"https:\\\/\\\/cdvr.com.br\\\/matsuri\\\/wp-content\\\/uploads\\\/2026\\\/03\\\/produto-212.jpg\",\"datePublished\":\"2021-08-19T13:36:05+00:00\",\"dateModified\":\"2024-06-03T17:27:43+00:00\",\"description\":\"O Bico Pl\u00e1stico para Gal\u00e3o de Combust\u00edvel possui um sistema de bloqueio autom\u00e1tico, facilitando o abastecimento e a seguran\u00e7a quando n\u00e3o esta sendo utilizado.\",\"breadcrumb\":{\"@id\":\"https:\\\/\\\/cdvr.com.br\\\/matsuri\\\/product\\\/bico-plastico-para-galao-de-combustivel\\\/#breadcrumb\"},\"inLanguage\":\"pt-BR\",\"potentialAction\":[{\"@type\":\"ReadAction\",\"target\":[\"https:\\\/\\\/cdvr.com.br\\\/matsuri\\\/product\\\/bico-plastico-para-galao-de-combustivel\\\/\"]}]},{\"@type\":\"ImageObject\",\"inLanguage\":\"pt-BR\",\"@id\":\"https:\\\/\\\/cdvr.com.br\\\/matsuri\\\/product\\\/bico-plastico-para-galao-de-combustivel\\\/#primaryimage\",\"url\":\"https:\\\/\\\/cdvr.com.br\\\/matsuri\\\/wp-content\\\/uploads\\\/2026\\\/03\\\/produto-212.jpg\",\"contentUrl\":\"https:\\\/\\\/cdvr.com.br\\\/matsuri\\\/wp-content\\\/uploads\\\/2026\\\/03\\\/produto-212.jpg\",\"width\":500,\"height\":365},{\"@type\":\"BreadcrumbList\",\"@id\":\"https:\\\/\\\/cdvr.com.br\\\/matsuri\\\/product\\\/bico-plastico-para-galao-de-combustivel\\\/#breadcrumb\",\"itemListElement\":[{\"@type\":\"ListItem\",\"position\":1,\"name\":\"Home\",\"item\":\"https:\\\/\\\/cdvr.com.br\\\/matsuri\\\/\"},{\"@type\":\"ListItem\",\"position\":2,\"name\":\"Produtos\",\"item\":\"https:\\\/\\\/cdvr.com.br\\\/matsuri\\\/produtos\\\/\"},{\"@type\":\"ListItem\",\"position\":3,\"name\":\"Bico Pl\u00e1stico para Gal\u00e3o de Combust\u00edvel\"}]},{\"@type\":\"WebSite\",\"@id\":\"https:\\\/\\\/cdvr.com.br\\\/matsuri\\\/#website\",\"url\":\"https:\\\/\\\/cdvr.com.br\\\/matsuri\\\/\",\"name\":\"Matsuri\",\"description\":\"Tecnologia Japonesa\",\"publisher\":{\"@id\":\"https:\\\/\\\/cdvr.com.br\\\/matsuri\\\/#organization\"},\"potentialAction\":[{\"@type\":\"SearchAction\",\"target\":{\"@type\":\"EntryPoint\",\"urlTemplate\":\"https:\\\/\\\/cdvr.com.br\\\/matsuri\\\/?s={search_term_string}\"},\"query-input\":{\"@type\":\"PropertyValueSpecification\",\"valueRequired\":true,\"valueName\":\"search_term_string\"}}],\"inLanguage\":\"pt-BR\"},{\"@type\":\"Organization\",\"@id\":\"https:\\\/\\\/cdvr.com.br\\\/matsuri\\\/#organization\",\"name\":\"Matsuri\",\"url\":\"https:\\\/\\\/cdvr.com.br\\\/matsuri\\\/\",\"logo\":{\"@type\":\"ImageObject\",\"inLanguage\":\"pt-BR\",\"@id\":\"https:\\\/\\\/cdvr.com.br\\\/matsuri\\\/#\\\/schema\\\/logo\\\/image\\\/\",\"url\":\"https:\\\/\\\/cdvr.com.br\\\/matsuri\\\/wp-content\\\/uploads\\\/2023\\\/02\\\/cropped-Logo-Matsuri-2-1-1.png\",\"contentUrl\":\"https:\\\/\\\/cdvr.com.br\\\/matsuri\\\/wp-content\\\/uploads\\\/2023\\\/02\\\/cropped-Logo-Matsuri-2-1-1.png\",\"width\":195,\"height\":60,\"caption\":\"Matsuri\"},\"image\":{\"@id\":\"https:\\\/\\\/cdvr.com.br\\\/matsuri\\\/#\\\/schema\\\/logo\\\/image\\\/\"},\"sameAs\":[\"https:\\\/\\\/www.facebook.com\\\/matsuri.tecnologia\\\/\"]}]}<\/script>\n<!-- \/ Yoast SEO plugin. -->","yoast_head_json":{"title":"Bico Pl\u00e1stico para Gal\u00e3o de Combust\u00edvel - Matsuri","description":"O Bico Pl\u00e1stico para Gal\u00e3o de Combust\u00edvel possui um sistema de bloqueio autom\u00e1tico, facilitando o abastecimento e a seguran\u00e7a quando n\u00e3o esta sendo utilizado.","robots":{"index":"index","follow":"follow","max-snippet":"max-snippet:-1","max-image-preview":"max-image-preview:large","max-video-preview":"max-video-preview:-1"},"canonical":"https:\/\/cdvr.com.br\/matsuri\/product\/bico-plastico-para-galao-de-combustivel\/","og_locale":"pt_BR","og_type":"article","og_title":"Bico Pl\u00e1stico para Gal\u00e3o de Combust\u00edvel - Matsuri","og_description":"O Bico Pl\u00e1stico para Gal\u00e3o de Combust\u00edvel possui um sistema de bloqueio autom\u00e1tico, facilitando o abastecimento e a seguran\u00e7a quando n\u00e3o esta sendo utilizado.","og_url":"https:\/\/cdvr.com.br\/matsuri\/product\/bico-plastico-para-galao-de-combustivel\/","og_site_name":"Matsuri","article_publisher":"https:\/\/www.facebook.com\/matsuri.tecnologia\/","article_modified_time":"2024-06-03T17:27:43+00:00","og_image":[{"width":500,"height":365,"url":"https:\/\/cdvr.com.br\/matsuri\/wp-content\/uploads\/2026\/03\/produto-212.jpg","type":"image\/jpeg"}],"twitter_card":"summary_large_image","twitter_misc":{"Est. tempo de leitura":"1 minuto"},"schema":{"@context":"https:\/\/schema.org","@graph":[{"@type":"WebPage","@id":"https:\/\/cdvr.com.br\/matsuri\/product\/bico-plastico-para-galao-de-combustivel\/","url":"https:\/\/cdvr.com.br\/matsuri\/product\/bico-plastico-para-galao-de-combustivel\/","name":"Bico Pl\u00e1stico para Gal\u00e3o de Combust\u00edvel - Matsuri","isPartOf":{"@id":"https:\/\/cdvr.com.br\/matsuri\/#website"},"primaryImageOfPage":{"@id":"https:\/\/cdvr.com.br\/matsuri\/product\/bico-plastico-para-galao-de-combustivel\/#primaryimage"},"image":{"@id":"https:\/\/cdvr.com.br\/matsuri\/product\/bico-plastico-para-galao-de-combustivel\/#primaryimage"},"thumbnailUrl":"https:\/\/cdvr.com.br\/matsuri\/wp-content\/uploads\/2026\/03\/produto-212.jpg","datePublished":"2021-08-19T13:36:05+00:00","dateModified":"2024-06-03T17:27:43+00:00","description":"O Bico Pl\u00e1stico para Gal\u00e3o de Combust\u00edvel possui um sistema de bloqueio autom\u00e1tico, facilitando o abastecimento e a seguran\u00e7a quando n\u00e3o esta sendo utilizado.","breadcrumb":{"@id":"https:\/\/cdvr.com.br\/matsuri\/product\/bico-plastico-para-galao-de-combustivel\/#breadcrumb"},"inLanguage":"pt-BR","potentialAction":[{"@type":"ReadAction","target":["https:\/\/cdvr.com.br\/matsuri\/product\/bico-plastico-para-galao-de-combustivel\/"]}]},{"@type":"ImageObject","inLanguage":"pt-BR","@id":"https:\/\/cdvr.com.br\/matsuri\/product\/bico-plastico-para-galao-de-combustivel\/#primaryimage","url":"https:\/\/cdvr.com.br\/matsuri\/wp-content\/uploads\/2026\/03\/produto-212.jpg","contentUrl":"https:\/\/cdvr.com.br\/matsuri\/wp-content\/uploads\/2026\/03\/produto-212.jpg","width":500,"height":365},{"@type":"BreadcrumbList","@id":"https:\/\/cdvr.com.br\/matsuri\/product\/bico-plastico-para-galao-de-combustivel\/#breadcrumb","itemListElement":[{"@type":"ListItem","position":1,"name":"Home","item":"https:\/\/cdvr.com.br\/matsuri\/"},{"@type":"ListItem","position":2,"name":"Produtos","item":"https:\/\/cdvr.com.br\/matsuri\/produtos\/"},{"@type":"ListItem","position":3,"name":"Bico Pl\u00e1stico para Gal\u00e3o de Combust\u00edvel"}]},{"@type":"WebSite","@id":"https:\/\/cdvr.com.br\/matsuri\/#website","url":"https:\/\/cdvr.com.br\/matsuri\/","name":"Matsuri","description":"Tecnologia Japonesa","publisher":{"@id":"https:\/\/cdvr.com.br\/matsuri\/#organization"},"potentialAction":[{"@type":"SearchAction","target":{"@type":"EntryPoint","urlTemplate":"https:\/\/cdvr.com.br\/matsuri\/?s={search_term_string}"},"query-input":{"@type":"PropertyValueSpecification","valueRequired":true,"valueName":"search_term_string"}}],"inLanguage":"pt-BR"},{"@type":"Organization","@id":"https:\/\/cdvr.com.br\/matsuri\/#organization","name":"Matsuri","url":"https:\/\/cdvr.com.br\/matsuri\/","logo":{"@type":"ImageObject","inLanguage":"pt-BR","@id":"https:\/\/cdvr.com.br\/matsuri\/#\/schema\/logo\/image\/","url":"https:\/\/cdvr.com.br\/matsuri\/wp-content\/uploads\/2023\/02\/cropped-Logo-Matsuri-2-1-1.png","contentUrl":"https:\/\/cdvr.com.br\/matsuri\/wp-content\/uploads\/2023\/02\/cropped-Logo-Matsuri-2-1-1.png","width":195,"height":60,"caption":"Matsuri"},"image":{"@id":"https:\/\/cdvr.com.br\/matsuri\/#\/schema\/logo\/image\/"},"sameAs":["https:\/\/www.facebook.com\/matsuri.tecnologia\/"]}]}},"_links":{"self":[{"href":"https:\/\/cdvr.com.br\/matsuri\/wp-json\/wp\/v2\/product\/212","targetHints":{"allow":["GET"]}}],"collection":[{"href":"https:\/\/cdvr.com.br\/matsuri\/wp-json\/wp\/v2\/product"}],"about":[{"href":"https:\/\/cdvr.com.br\/matsuri\/wp-json\/wp\/v2\/types\/product"}],"replies":[{"embeddable":true,"href":"https:\/\/cdvr.com.br\/matsuri\/wp-json\/wp\/v2\/comments?post=212"}],"wp:featuredmedia":[{"embeddable":true,"href":"https:\/\/cdvr.com.br\/matsuri\/wp-json\/wp\/v2\/media\/1519"}],"wp:attachment":[{"href":"https:\/\/cdvr.com.br\/matsuri\/wp-json\/wp\/v2\/media?parent=212"}],"wp:term":[{"taxonomy":"product_brand","embeddable":true,"href":"https:\/\/cdvr.com.br\/matsuri\/wp-json\/wp\/v2\/product_brand?post=212"},{"taxonomy":"product_cat","embeddable":true,"href":"https:\/\/cdvr.com.br\/matsuri\/wp-json\/wp\/v2\/product_cat?post=212"},{"taxonomy":"product_tag","embeddable":true,"href":"https:\/\/cdvr.com.br\/matsuri\/wp-json\/wp\/v2\/product_tag?post=212"}],"curies":[{"name":"wp","href":"https:\/\/api.w.org\/{rel}","templated":true}]}}