{"id":550,"date":"2022-09-28T15:24:17","date_gmt":"2022-09-28T18:24:17","guid":{"rendered":"https:\/\/cdvr.com.br\/matsuri\/?post_type=product&#038;p=550"},"modified":"2024-09-12T16:20:02","modified_gmt":"2024-09-12T19:20:02","slug":"mini-bomba-de-transferencia-de-inox-12v","status":"publish","type":"product","link":"https:\/\/cdvr.com.br\/matsuri\/product\/mini-bomba-de-transferencia-de-inox-12v\/","title":{"rendered":"19 mm 12V  Inox Mini Bomba de Transfer\u00eancia"},"content":{"rendered":"<p><span style=\"font-family: arial, helvetica, sans-serif;\"><strong>MINI BOMBA SUBMERS\u00cdVEL DE INOX PARA TRANSFER\u00caNCIA DE L\u00cdQUIDOS\u00a0<\/strong><\/span><\/p>\n<p style=\"text-align: justify;\"><span style=\"font-family: arial, helvetica, sans-serif;\">A Mini Bomba Submers\u00edvel Matsuri \u00ae \u00e9 a solu\u00e7\u00e3o ideal para a transfer\u00eancia eficiente de l\u00edquidos como \u00e1gua, diesel, \u00f3leo e outros. Com um design compacto e robusto, esta bomba \u00e9 perfeita para uso em reservat\u00f3rios, tanques de armazenamento para ve\u00edculos, abastecimento de \u00e1gua para animais, barcos, sistemas de energia solar e muito mais.<\/span><\/p>\n","protected":false},"excerpt":{"rendered":"<p>MINI BOMBA SUBMERS\u00cdVEL DE INOX PARA TRANSFER\u00caNCIA DE L\u00cdQUIDOS\u00a0 A Mini Bomba Submers\u00edvel Matsuri \u00ae \u00e9 a solu\u00e7\u00e3o ideal para a transfer\u00eancia eficiente de l\u00edquidos como \u00e1gua, diesel, \u00f3leo e outros. Com um design compacto e robusto, esta bomba \u00e9 perfeita para uso em reservat\u00f3rios, tanques de armazenamento para ve\u00edculos, abastecimento de \u00e1gua para animais, [&hellip;]<\/p>\n","protected":false},"featured_media":1542,"comment_status":"closed","ping_status":"closed","template":"","meta":{"_joinchat":[]},"product_brand":[],"product_cat":[82,48],"product_tag":[],"class_list":{"0":"post-550","1":"product","2":"type-product","3":"status-publish","4":"has-post-thumbnail","6":"product_cat-bombas","7":"product_cat-mini-bomba-de-transferencia","9":"first","10":"instock","11":"shipping-taxable","12":"product-type-simple"},"yoast_head":"<!-- This site is optimized with the Yoast SEO plugin v27.5 - https:\/\/yoast.com\/product\/yoast-seo-wordpress\/ -->\n<title>19 mm 12V Inox Mini Bomba de Transfer\u00eancia - Matsuri<\/title>\n<meta name=\"description\" content=\"A 19 mm 12V Inox Mini Bomba de Transfer\u00eancia\u00a0\u00e9 usada para abastecimento ou transfer\u00eancia de \u00e1gua\/diesel\/\u00f3leo em reservat\u00f3rios. Utilizada em barcos, sistemas de energia solar e etc.\" \/>\n<meta name=\"robots\" content=\"index, follow, max-snippet:-1, max-image-preview:large, max-video-preview:-1\" \/>\n<link rel=\"canonical\" href=\"https:\/\/cdvr.com.br\/matsuri\/product\/mini-bomba-de-transferencia-de-inox-12v\/\" \/>\n<meta property=\"og:locale\" content=\"pt_BR\" \/>\n<meta property=\"og:type\" content=\"article\" \/>\n<meta property=\"og:title\" content=\"19 mm 12V Inox Mini Bomba de Transfer\u00eancia - Matsuri\" \/>\n<meta property=\"og:description\" content=\"A 19 mm 12V Inox Mini Bomba de Transfer\u00eancia\u00a0\u00e9 usada para abastecimento ou transfer\u00eancia de \u00e1gua\/diesel\/\u00f3leo em reservat\u00f3rios. Utilizada em barcos, sistemas de energia solar e etc.\" \/>\n<meta property=\"og:url\" content=\"https:\/\/cdvr.com.br\/matsuri\/product\/mini-bomba-de-transferencia-de-inox-12v\/\" \/>\n<meta property=\"og:site_name\" content=\"Matsuri\" \/>\n<meta property=\"article:publisher\" content=\"https:\/\/www.facebook.com\/matsuri.tecnologia\/\" \/>\n<meta property=\"article:modified_time\" content=\"2024-09-12T19:20:02+00:00\" \/>\n<meta name=\"twitter:card\" content=\"summary_large_image\" \/>\n<meta name=\"twitter:label1\" content=\"Est. tempo de leitura\" \/>\n\t<meta name=\"twitter:data1\" content=\"1 minuto\" \/>\n<script type=\"application\/ld+json\" class=\"yoast-schema-graph\">{\"@context\":\"https:\\\/\\\/schema.org\",\"@graph\":[{\"@type\":\"WebPage\",\"@id\":\"https:\\\/\\\/cdvr.com.br\\\/matsuri\\\/product\\\/mini-bomba-de-transferencia-de-inox-12v\\\/\",\"url\":\"https:\\\/\\\/cdvr.com.br\\\/matsuri\\\/product\\\/mini-bomba-de-transferencia-de-inox-12v\\\/\",\"name\":\"19 mm 12V Inox Mini Bomba de Transfer\u00eancia - Matsuri\",\"isPartOf\":{\"@id\":\"https:\\\/\\\/cdvr.com.br\\\/matsuri\\\/#website\"},\"primaryImageOfPage\":{\"@id\":\"https:\\\/\\\/cdvr.com.br\\\/matsuri\\\/product\\\/mini-bomba-de-transferencia-de-inox-12v\\\/#primaryimage\"},\"image\":{\"@id\":\"https:\\\/\\\/cdvr.com.br\\\/matsuri\\\/product\\\/mini-bomba-de-transferencia-de-inox-12v\\\/#primaryimage\"},\"thumbnailUrl\":\"https:\\\/\\\/cdvr.com.br\\\/matsuri\\\/wp-content\\\/uploads\\\/matsuri-produtos\\\/bomba-pressurizadora.jpg\",\"datePublished\":\"2022-09-28T18:24:17+00:00\",\"dateModified\":\"2024-09-12T19:20:02+00:00\",\"description\":\"A 19 mm 12V Inox Mini Bomba de Transfer\u00eancia\u00a0\u00e9 usada para abastecimento ou transfer\u00eancia de \u00e1gua\\\/diesel\\\/\u00f3leo em reservat\u00f3rios. Utilizada em barcos, sistemas de energia solar e etc.\",\"breadcrumb\":{\"@id\":\"https:\\\/\\\/cdvr.com.br\\\/matsuri\\\/product\\\/mini-bomba-de-transferencia-de-inox-12v\\\/#breadcrumb\"},\"inLanguage\":\"pt-BR\",\"potentialAction\":[{\"@type\":\"ReadAction\",\"target\":[\"https:\\\/\\\/cdvr.com.br\\\/matsuri\\\/product\\\/mini-bomba-de-transferencia-de-inox-12v\\\/\"]}]},{\"@type\":\"ImageObject\",\"inLanguage\":\"pt-BR\",\"@id\":\"https:\\\/\\\/cdvr.com.br\\\/matsuri\\\/product\\\/mini-bomba-de-transferencia-de-inox-12v\\\/#primaryimage\",\"url\":\"https:\\\/\\\/cdvr.com.br\\\/matsuri\\\/wp-content\\\/uploads\\\/matsuri-produtos\\\/bomba-pressurizadora.jpg\",\"contentUrl\":\"https:\\\/\\\/cdvr.com.br\\\/matsuri\\\/wp-content\\\/uploads\\\/matsuri-produtos\\\/bomba-pressurizadora.jpg\",\"width\":599,\"height\":431},{\"@type\":\"BreadcrumbList\",\"@id\":\"https:\\\/\\\/cdvr.com.br\\\/matsuri\\\/product\\\/mini-bomba-de-transferencia-de-inox-12v\\\/#breadcrumb\",\"itemListElement\":[{\"@type\":\"ListItem\",\"position\":1,\"name\":\"Home\",\"item\":\"https:\\\/\\\/cdvr.com.br\\\/matsuri\\\/\"},{\"@type\":\"ListItem\",\"position\":2,\"name\":\"Produtos\",\"item\":\"https:\\\/\\\/cdvr.com.br\\\/matsuri\\\/produtos\\\/\"},{\"@type\":\"ListItem\",\"position\":3,\"name\":\"19 mm 12V Inox Mini Bomba de Transfer\u00eancia\"}]},{\"@type\":\"WebSite\",\"@id\":\"https:\\\/\\\/cdvr.com.br\\\/matsuri\\\/#website\",\"url\":\"https:\\\/\\\/cdvr.com.br\\\/matsuri\\\/\",\"name\":\"Matsuri\",\"description\":\"Tecnologia Japonesa\",\"publisher\":{\"@id\":\"https:\\\/\\\/cdvr.com.br\\\/matsuri\\\/#organization\"},\"potentialAction\":[{\"@type\":\"SearchAction\",\"target\":{\"@type\":\"EntryPoint\",\"urlTemplate\":\"https:\\\/\\\/cdvr.com.br\\\/matsuri\\\/?s={search_term_string}\"},\"query-input\":{\"@type\":\"PropertyValueSpecification\",\"valueRequired\":true,\"valueName\":\"search_term_string\"}}],\"inLanguage\":\"pt-BR\"},{\"@type\":\"Organization\",\"@id\":\"https:\\\/\\\/cdvr.com.br\\\/matsuri\\\/#organization\",\"name\":\"Matsuri\",\"url\":\"https:\\\/\\\/cdvr.com.br\\\/matsuri\\\/\",\"logo\":{\"@type\":\"ImageObject\",\"inLanguage\":\"pt-BR\",\"@id\":\"https:\\\/\\\/cdvr.com.br\\\/matsuri\\\/#\\\/schema\\\/logo\\\/image\\\/\",\"url\":\"https:\\\/\\\/cdvr.com.br\\\/matsuri\\\/wp-content\\\/uploads\\\/2023\\\/02\\\/cropped-Logo-Matsuri-2-1-1.png\",\"contentUrl\":\"https:\\\/\\\/cdvr.com.br\\\/matsuri\\\/wp-content\\\/uploads\\\/2023\\\/02\\\/cropped-Logo-Matsuri-2-1-1.png\",\"width\":195,\"height\":60,\"caption\":\"Matsuri\"},\"image\":{\"@id\":\"https:\\\/\\\/cdvr.com.br\\\/matsuri\\\/#\\\/schema\\\/logo\\\/image\\\/\"},\"sameAs\":[\"https:\\\/\\\/www.facebook.com\\\/matsuri.tecnologia\\\/\"]}]}<\/script>\n<!-- \/ Yoast SEO plugin. -->","yoast_head_json":{"title":"19 mm 12V Inox Mini Bomba de Transfer\u00eancia - Matsuri","description":"A 19 mm 12V Inox Mini Bomba de Transfer\u00eancia\u00a0\u00e9 usada para abastecimento ou transfer\u00eancia de \u00e1gua\/diesel\/\u00f3leo em reservat\u00f3rios. Utilizada em barcos, sistemas de energia solar e etc.","robots":{"index":"index","follow":"follow","max-snippet":"max-snippet:-1","max-image-preview":"max-image-preview:large","max-video-preview":"max-video-preview:-1"},"canonical":"https:\/\/cdvr.com.br\/matsuri\/product\/mini-bomba-de-transferencia-de-inox-12v\/","og_locale":"pt_BR","og_type":"article","og_title":"19 mm 12V Inox Mini Bomba de Transfer\u00eancia - Matsuri","og_description":"A 19 mm 12V Inox Mini Bomba de Transfer\u00eancia\u00a0\u00e9 usada para abastecimento ou transfer\u00eancia de \u00e1gua\/diesel\/\u00f3leo em reservat\u00f3rios. Utilizada em barcos, sistemas de energia solar e etc.","og_url":"https:\/\/cdvr.com.br\/matsuri\/product\/mini-bomba-de-transferencia-de-inox-12v\/","og_site_name":"Matsuri","article_publisher":"https:\/\/www.facebook.com\/matsuri.tecnologia\/","article_modified_time":"2024-09-12T19:20:02+00:00","twitter_card":"summary_large_image","twitter_misc":{"Est. tempo de leitura":"1 minuto"},"schema":{"@context":"https:\/\/schema.org","@graph":[{"@type":"WebPage","@id":"https:\/\/cdvr.com.br\/matsuri\/product\/mini-bomba-de-transferencia-de-inox-12v\/","url":"https:\/\/cdvr.com.br\/matsuri\/product\/mini-bomba-de-transferencia-de-inox-12v\/","name":"19 mm 12V Inox Mini Bomba de Transfer\u00eancia - Matsuri","isPartOf":{"@id":"https:\/\/cdvr.com.br\/matsuri\/#website"},"primaryImageOfPage":{"@id":"https:\/\/cdvr.com.br\/matsuri\/product\/mini-bomba-de-transferencia-de-inox-12v\/#primaryimage"},"image":{"@id":"https:\/\/cdvr.com.br\/matsuri\/product\/mini-bomba-de-transferencia-de-inox-12v\/#primaryimage"},"thumbnailUrl":"https:\/\/cdvr.com.br\/matsuri\/wp-content\/uploads\/matsuri-produtos\/bomba-pressurizadora.jpg","datePublished":"2022-09-28T18:24:17+00:00","dateModified":"2024-09-12T19:20:02+00:00","description":"A 19 mm 12V Inox Mini Bomba de Transfer\u00eancia\u00a0\u00e9 usada para abastecimento ou transfer\u00eancia de \u00e1gua\/diesel\/\u00f3leo em reservat\u00f3rios. Utilizada em barcos, sistemas de energia solar e etc.","breadcrumb":{"@id":"https:\/\/cdvr.com.br\/matsuri\/product\/mini-bomba-de-transferencia-de-inox-12v\/#breadcrumb"},"inLanguage":"pt-BR","potentialAction":[{"@type":"ReadAction","target":["https:\/\/cdvr.com.br\/matsuri\/product\/mini-bomba-de-transferencia-de-inox-12v\/"]}]},{"@type":"ImageObject","inLanguage":"pt-BR","@id":"https:\/\/cdvr.com.br\/matsuri\/product\/mini-bomba-de-transferencia-de-inox-12v\/#primaryimage","url":"https:\/\/cdvr.com.br\/matsuri\/wp-content\/uploads\/matsuri-produtos\/bomba-pressurizadora.jpg","contentUrl":"https:\/\/cdvr.com.br\/matsuri\/wp-content\/uploads\/matsuri-produtos\/bomba-pressurizadora.jpg","width":599,"height":431},{"@type":"BreadcrumbList","@id":"https:\/\/cdvr.com.br\/matsuri\/product\/mini-bomba-de-transferencia-de-inox-12v\/#breadcrumb","itemListElement":[{"@type":"ListItem","position":1,"name":"Home","item":"https:\/\/cdvr.com.br\/matsuri\/"},{"@type":"ListItem","position":2,"name":"Produtos","item":"https:\/\/cdvr.com.br\/matsuri\/produtos\/"},{"@type":"ListItem","position":3,"name":"19 mm 12V Inox Mini Bomba de Transfer\u00eancia"}]},{"@type":"WebSite","@id":"https:\/\/cdvr.com.br\/matsuri\/#website","url":"https:\/\/cdvr.com.br\/matsuri\/","name":"Matsuri","description":"Tecnologia Japonesa","publisher":{"@id":"https:\/\/cdvr.com.br\/matsuri\/#organization"},"potentialAction":[{"@type":"SearchAction","target":{"@type":"EntryPoint","urlTemplate":"https:\/\/cdvr.com.br\/matsuri\/?s={search_term_string}"},"query-input":{"@type":"PropertyValueSpecification","valueRequired":true,"valueName":"search_term_string"}}],"inLanguage":"pt-BR"},{"@type":"Organization","@id":"https:\/\/cdvr.com.br\/matsuri\/#organization","name":"Matsuri","url":"https:\/\/cdvr.com.br\/matsuri\/","logo":{"@type":"ImageObject","inLanguage":"pt-BR","@id":"https:\/\/cdvr.com.br\/matsuri\/#\/schema\/logo\/image\/","url":"https:\/\/cdvr.com.br\/matsuri\/wp-content\/uploads\/2023\/02\/cropped-Logo-Matsuri-2-1-1.png","contentUrl":"https:\/\/cdvr.com.br\/matsuri\/wp-content\/uploads\/2023\/02\/cropped-Logo-Matsuri-2-1-1.png","width":195,"height":60,"caption":"Matsuri"},"image":{"@id":"https:\/\/cdvr.com.br\/matsuri\/#\/schema\/logo\/image\/"},"sameAs":["https:\/\/www.facebook.com\/matsuri.tecnologia\/"]}]}},"_links":{"self":[{"href":"https:\/\/cdvr.com.br\/matsuri\/wp-json\/wp\/v2\/product\/550","targetHints":{"allow":["GET"]}}],"collection":[{"href":"https:\/\/cdvr.com.br\/matsuri\/wp-json\/wp\/v2\/product"}],"about":[{"href":"https:\/\/cdvr.com.br\/matsuri\/wp-json\/wp\/v2\/types\/product"}],"replies":[{"embeddable":true,"href":"https:\/\/cdvr.com.br\/matsuri\/wp-json\/wp\/v2\/comments?post=550"}],"wp:featuredmedia":[{"embeddable":true,"href":"https:\/\/cdvr.com.br\/matsuri\/wp-json\/wp\/v2\/media\/1542"}],"wp:attachment":[{"href":"https:\/\/cdvr.com.br\/matsuri\/wp-json\/wp\/v2\/media?parent=550"}],"wp:term":[{"taxonomy":"product_brand","embeddable":true,"href":"https:\/\/cdvr.com.br\/matsuri\/wp-json\/wp\/v2\/product_brand?post=550"},{"taxonomy":"product_cat","embeddable":true,"href":"https:\/\/cdvr.com.br\/matsuri\/wp-json\/wp\/v2\/product_cat?post=550"},{"taxonomy":"product_tag","embeddable":true,"href":"https:\/\/cdvr.com.br\/matsuri\/wp-json\/wp\/v2\/product_tag?post=550"}],"curies":[{"name":"wp","href":"https:\/\/api.w.org\/{rel}","templated":true}]}}