{"id":663,"date":"2022-11-20T07:48:17","date_gmt":"2022-11-20T10:48:17","guid":{"rendered":"https:\/\/cdvr.com.br\/matsuri\/?post_type=product&#038;p=663"},"modified":"2023-09-29T20:15:39","modified_gmt":"2023-09-29T23:15:39","slug":"bomba-pressurizadora-automatica-5-0-gpm-60-psi-12v","status":"publish","type":"product","link":"https:\/\/cdvr.com.br\/matsuri\/product\/bomba-pressurizadora-automatica-5-0-gpm-60-psi-12v\/","title":{"rendered":"5.0 GPM 60 PSI 12V Bomba Pressurizadora Autom\u00e1tica"},"content":{"rendered":"<p><span style=\"color: #000000;\"><span style=\"font-weight: 400;\">A <strong>5.0 GPM 60 PSI 12V Bomba Pressurizadora Autom\u00e1tica<\/strong><\/span><span style=\"font-weight: 400;\">\u00a0\u00e9 ideal para aplica\u00e7\u00e3o n\u00e1utica, trailers, residencial e agr\u00edcola, possui t<\/span><span style=\"font-weight: 400;\">amanho compacto, alta efici\u00eancia, baixo consumo e confiabilidade de opera\u00e7\u00e3o.<\/span><\/span><\/p>\n<ul>\n<li><span style=\"font-weight: 400; color: #000000;\">Motor com \u00edm\u00e3 permanente totalmente selado;<\/span><\/li>\n<li><span style=\"font-weight: 400; color: #000000;\">Sem ventila\u00e7\u00e3o, equipamento com prote\u00e7\u00e3o t\u00e9rmica;<\/span><\/li>\n<li style=\"font-weight: 400;\" aria-level=\"1\"><span style=\"font-weight: 400; color: #000000;\">Possui duas c\u00e2maras de diafragma de santoprene para deslocamento positivo suave e silencioso;<\/span><\/li>\n<li style=\"font-weight: 400;\" aria-level=\"1\"><span style=\"font-weight: 400; color: #000000;\">Acionamento por pressostato;<\/span><\/li>\n<li style=\"font-weight: 400;\" aria-level=\"1\"><span style=\"color: #000000;\"><span style=\"font-weight: 400;\">Aciona com o abrir e fechar da torneira, possui interruptor de press\u00e3o interno <\/span>(<i>by-pass<\/i> controlador ).<\/span><\/li>\n<\/ul>\n","protected":false},"excerpt":{"rendered":"<p>A 5.0 GPM 60 PSI 12V Bomba Pressurizadora Autom\u00e1tica\u00a0\u00e9 ideal para aplica\u00e7\u00e3o n\u00e1utica, trailers, residencial e agr\u00edcola, possui tamanho compacto, alta efici\u00eancia, baixo consumo e confiabilidade de opera\u00e7\u00e3o. Motor com \u00edm\u00e3 permanente totalmente selado; Sem ventila\u00e7\u00e3o, equipamento com prote\u00e7\u00e3o t\u00e9rmica; Possui duas c\u00e2maras de diafragma de santoprene para deslocamento positivo suave e silencioso; Acionamento por [&hellip;]<\/p>\n","protected":false},"featured_media":1512,"comment_status":"closed","ping_status":"closed","template":"","meta":{"_joinchat":[]},"product_brand":[],"product_cat":[],"product_tag":[],"class_list":{"0":"post-663","1":"product","2":"type-product","3":"status-publish","4":"has-post-thumbnail","7":"first","8":"instock","9":"shipping-taxable","10":"product-type-simple"},"yoast_head":"<!-- This site is optimized with the Yoast SEO plugin v27.5 - https:\/\/yoast.com\/product\/yoast-seo-wordpress\/ -->\n<title>5.0 GPM 60 PSI 12V Bomba Pressurizadora Autom\u00e1tica - Matsuri<\/title>\n<meta name=\"description\" content=\"A 5.0 GPM 60 PSI 12V Bomba Pressurizadora Autom\u00e1tica\u00a0\u00e9 ideal para aplica\u00e7\u00e3o n\u00e1utica, trailers, residencial e agr\u00edcola, possui tamanho compacto, alta efici\u00eancia, baixo consumo e confiabilidade de opera\u00e7\u00e3o.\" \/>\n<meta name=\"robots\" content=\"index, follow, max-snippet:-1, max-image-preview:large, max-video-preview:-1\" \/>\n<link rel=\"canonical\" href=\"https:\/\/cdvr.com.br\/matsuri\/product\/bomba-pressurizadora-automatica-5-0-gpm-60-psi-12v\/\" \/>\n<meta property=\"og:locale\" content=\"pt_BR\" \/>\n<meta property=\"og:type\" content=\"article\" \/>\n<meta property=\"og:title\" content=\"5.0 GPM 60 PSI 12V Bomba Pressurizadora Autom\u00e1tica - Matsuri\" \/>\n<meta property=\"og:description\" content=\"A 5.0 GPM 60 PSI 12V Bomba Pressurizadora Autom\u00e1tica\u00a0\u00e9 ideal para aplica\u00e7\u00e3o n\u00e1utica, trailers, residencial e agr\u00edcola, possui tamanho compacto, alta efici\u00eancia, baixo consumo e confiabilidade de opera\u00e7\u00e3o.\" \/>\n<meta property=\"og:url\" content=\"https:\/\/cdvr.com.br\/matsuri\/product\/bomba-pressurizadora-automatica-5-0-gpm-60-psi-12v\/\" \/>\n<meta property=\"og:site_name\" content=\"Matsuri\" \/>\n<meta property=\"article:publisher\" content=\"https:\/\/www.facebook.com\/matsuri.tecnologia\/\" \/>\n<meta property=\"article:modified_time\" content=\"2023-09-29T23:15:39+00:00\" \/>\n<meta property=\"og:image\" content=\"https:\/\/cdvr.com.br\/matsuri\/wp-content\/uploads\/2026\/03\/produto-663.jpg\" \/>\n\t<meta property=\"og:image:width\" content=\"300\" \/>\n\t<meta property=\"og:image:height\" content=\"300\" \/>\n\t<meta property=\"og:image:type\" content=\"image\/jpeg\" \/>\n<meta name=\"twitter:card\" content=\"summary_large_image\" \/>\n<meta name=\"twitter:label1\" content=\"Est. tempo de leitura\" \/>\n\t<meta name=\"twitter:data1\" content=\"1 minuto\" \/>\n<script type=\"application\/ld+json\" class=\"yoast-schema-graph\">{\"@context\":\"https:\\\/\\\/schema.org\",\"@graph\":[{\"@type\":\"WebPage\",\"@id\":\"https:\\\/\\\/cdvr.com.br\\\/matsuri\\\/product\\\/bomba-pressurizadora-automatica-5-0-gpm-60-psi-12v\\\/\",\"url\":\"https:\\\/\\\/cdvr.com.br\\\/matsuri\\\/product\\\/bomba-pressurizadora-automatica-5-0-gpm-60-psi-12v\\\/\",\"name\":\"5.0 GPM 60 PSI 12V Bomba Pressurizadora Autom\u00e1tica - Matsuri\",\"isPartOf\":{\"@id\":\"https:\\\/\\\/cdvr.com.br\\\/matsuri\\\/#website\"},\"primaryImageOfPage\":{\"@id\":\"https:\\\/\\\/cdvr.com.br\\\/matsuri\\\/product\\\/bomba-pressurizadora-automatica-5-0-gpm-60-psi-12v\\\/#primaryimage\"},\"image\":{\"@id\":\"https:\\\/\\\/cdvr.com.br\\\/matsuri\\\/product\\\/bomba-pressurizadora-automatica-5-0-gpm-60-psi-12v\\\/#primaryimage\"},\"thumbnailUrl\":\"https:\\\/\\\/cdvr.com.br\\\/matsuri\\\/wp-content\\\/uploads\\\/2026\\\/03\\\/produto-663.jpg\",\"datePublished\":\"2022-11-20T10:48:17+00:00\",\"dateModified\":\"2023-09-29T23:15:39+00:00\",\"description\":\"A 5.0 GPM 60 PSI 12V Bomba Pressurizadora Autom\u00e1tica\u00a0\u00e9 ideal para aplica\u00e7\u00e3o n\u00e1utica, trailers, residencial e agr\u00edcola, possui tamanho compacto, alta efici\u00eancia, baixo consumo e confiabilidade de opera\u00e7\u00e3o.\",\"breadcrumb\":{\"@id\":\"https:\\\/\\\/cdvr.com.br\\\/matsuri\\\/product\\\/bomba-pressurizadora-automatica-5-0-gpm-60-psi-12v\\\/#breadcrumb\"},\"inLanguage\":\"pt-BR\",\"potentialAction\":[{\"@type\":\"ReadAction\",\"target\":[\"https:\\\/\\\/cdvr.com.br\\\/matsuri\\\/product\\\/bomba-pressurizadora-automatica-5-0-gpm-60-psi-12v\\\/\"]}]},{\"@type\":\"ImageObject\",\"inLanguage\":\"pt-BR\",\"@id\":\"https:\\\/\\\/cdvr.com.br\\\/matsuri\\\/product\\\/bomba-pressurizadora-automatica-5-0-gpm-60-psi-12v\\\/#primaryimage\",\"url\":\"https:\\\/\\\/cdvr.com.br\\\/matsuri\\\/wp-content\\\/uploads\\\/2026\\\/03\\\/produto-663.jpg\",\"contentUrl\":\"https:\\\/\\\/cdvr.com.br\\\/matsuri\\\/wp-content\\\/uploads\\\/2026\\\/03\\\/produto-663.jpg\",\"width\":300,\"height\":300},{\"@type\":\"BreadcrumbList\",\"@id\":\"https:\\\/\\\/cdvr.com.br\\\/matsuri\\\/product\\\/bomba-pressurizadora-automatica-5-0-gpm-60-psi-12v\\\/#breadcrumb\",\"itemListElement\":[{\"@type\":\"ListItem\",\"position\":1,\"name\":\"Home\",\"item\":\"https:\\\/\\\/cdvr.com.br\\\/matsuri\\\/\"},{\"@type\":\"ListItem\",\"position\":2,\"name\":\"Produtos\",\"item\":\"https:\\\/\\\/cdvr.com.br\\\/matsuri\\\/produtos\\\/\"},{\"@type\":\"ListItem\",\"position\":3,\"name\":\"5.0 GPM 60 PSI 12V Bomba Pressurizadora Autom\u00e1tica\"}]},{\"@type\":\"WebSite\",\"@id\":\"https:\\\/\\\/cdvr.com.br\\\/matsuri\\\/#website\",\"url\":\"https:\\\/\\\/cdvr.com.br\\\/matsuri\\\/\",\"name\":\"Matsuri\",\"description\":\"Tecnologia Japonesa\",\"publisher\":{\"@id\":\"https:\\\/\\\/cdvr.com.br\\\/matsuri\\\/#organization\"},\"potentialAction\":[{\"@type\":\"SearchAction\",\"target\":{\"@type\":\"EntryPoint\",\"urlTemplate\":\"https:\\\/\\\/cdvr.com.br\\\/matsuri\\\/?s={search_term_string}\"},\"query-input\":{\"@type\":\"PropertyValueSpecification\",\"valueRequired\":true,\"valueName\":\"search_term_string\"}}],\"inLanguage\":\"pt-BR\"},{\"@type\":\"Organization\",\"@id\":\"https:\\\/\\\/cdvr.com.br\\\/matsuri\\\/#organization\",\"name\":\"Matsuri\",\"url\":\"https:\\\/\\\/cdvr.com.br\\\/matsuri\\\/\",\"logo\":{\"@type\":\"ImageObject\",\"inLanguage\":\"pt-BR\",\"@id\":\"https:\\\/\\\/cdvr.com.br\\\/matsuri\\\/#\\\/schema\\\/logo\\\/image\\\/\",\"url\":\"https:\\\/\\\/cdvr.com.br\\\/matsuri\\\/wp-content\\\/uploads\\\/2023\\\/02\\\/cropped-Logo-Matsuri-2-1-1.png\",\"contentUrl\":\"https:\\\/\\\/cdvr.com.br\\\/matsuri\\\/wp-content\\\/uploads\\\/2023\\\/02\\\/cropped-Logo-Matsuri-2-1-1.png\",\"width\":195,\"height\":60,\"caption\":\"Matsuri\"},\"image\":{\"@id\":\"https:\\\/\\\/cdvr.com.br\\\/matsuri\\\/#\\\/schema\\\/logo\\\/image\\\/\"},\"sameAs\":[\"https:\\\/\\\/www.facebook.com\\\/matsuri.tecnologia\\\/\"]}]}<\/script>\n<!-- \/ Yoast SEO plugin. -->","yoast_head_json":{"title":"5.0 GPM 60 PSI 12V Bomba Pressurizadora Autom\u00e1tica - Matsuri","description":"A 5.0 GPM 60 PSI 12V Bomba Pressurizadora Autom\u00e1tica\u00a0\u00e9 ideal para aplica\u00e7\u00e3o n\u00e1utica, trailers, residencial e agr\u00edcola, possui tamanho compacto, alta efici\u00eancia, baixo consumo e confiabilidade de opera\u00e7\u00e3o.","robots":{"index":"index","follow":"follow","max-snippet":"max-snippet:-1","max-image-preview":"max-image-preview:large","max-video-preview":"max-video-preview:-1"},"canonical":"https:\/\/cdvr.com.br\/matsuri\/product\/bomba-pressurizadora-automatica-5-0-gpm-60-psi-12v\/","og_locale":"pt_BR","og_type":"article","og_title":"5.0 GPM 60 PSI 12V Bomba Pressurizadora Autom\u00e1tica - Matsuri","og_description":"A 5.0 GPM 60 PSI 12V Bomba Pressurizadora Autom\u00e1tica\u00a0\u00e9 ideal para aplica\u00e7\u00e3o n\u00e1utica, trailers, residencial e agr\u00edcola, possui tamanho compacto, alta efici\u00eancia, baixo consumo e confiabilidade de opera\u00e7\u00e3o.","og_url":"https:\/\/cdvr.com.br\/matsuri\/product\/bomba-pressurizadora-automatica-5-0-gpm-60-psi-12v\/","og_site_name":"Matsuri","article_publisher":"https:\/\/www.facebook.com\/matsuri.tecnologia\/","article_modified_time":"2023-09-29T23:15:39+00:00","og_image":[{"width":300,"height":300,"url":"https:\/\/cdvr.com.br\/matsuri\/wp-content\/uploads\/2026\/03\/produto-663.jpg","type":"image\/jpeg"}],"twitter_card":"summary_large_image","twitter_misc":{"Est. tempo de leitura":"1 minuto"},"schema":{"@context":"https:\/\/schema.org","@graph":[{"@type":"WebPage","@id":"https:\/\/cdvr.com.br\/matsuri\/product\/bomba-pressurizadora-automatica-5-0-gpm-60-psi-12v\/","url":"https:\/\/cdvr.com.br\/matsuri\/product\/bomba-pressurizadora-automatica-5-0-gpm-60-psi-12v\/","name":"5.0 GPM 60 PSI 12V Bomba Pressurizadora Autom\u00e1tica - Matsuri","isPartOf":{"@id":"https:\/\/cdvr.com.br\/matsuri\/#website"},"primaryImageOfPage":{"@id":"https:\/\/cdvr.com.br\/matsuri\/product\/bomba-pressurizadora-automatica-5-0-gpm-60-psi-12v\/#primaryimage"},"image":{"@id":"https:\/\/cdvr.com.br\/matsuri\/product\/bomba-pressurizadora-automatica-5-0-gpm-60-psi-12v\/#primaryimage"},"thumbnailUrl":"https:\/\/cdvr.com.br\/matsuri\/wp-content\/uploads\/2026\/03\/produto-663.jpg","datePublished":"2022-11-20T10:48:17+00:00","dateModified":"2023-09-29T23:15:39+00:00","description":"A 5.0 GPM 60 PSI 12V Bomba Pressurizadora Autom\u00e1tica\u00a0\u00e9 ideal para aplica\u00e7\u00e3o n\u00e1utica, trailers, residencial e agr\u00edcola, possui tamanho compacto, alta efici\u00eancia, baixo consumo e confiabilidade de opera\u00e7\u00e3o.","breadcrumb":{"@id":"https:\/\/cdvr.com.br\/matsuri\/product\/bomba-pressurizadora-automatica-5-0-gpm-60-psi-12v\/#breadcrumb"},"inLanguage":"pt-BR","potentialAction":[{"@type":"ReadAction","target":["https:\/\/cdvr.com.br\/matsuri\/product\/bomba-pressurizadora-automatica-5-0-gpm-60-psi-12v\/"]}]},{"@type":"ImageObject","inLanguage":"pt-BR","@id":"https:\/\/cdvr.com.br\/matsuri\/product\/bomba-pressurizadora-automatica-5-0-gpm-60-psi-12v\/#primaryimage","url":"https:\/\/cdvr.com.br\/matsuri\/wp-content\/uploads\/2026\/03\/produto-663.jpg","contentUrl":"https:\/\/cdvr.com.br\/matsuri\/wp-content\/uploads\/2026\/03\/produto-663.jpg","width":300,"height":300},{"@type":"BreadcrumbList","@id":"https:\/\/cdvr.com.br\/matsuri\/product\/bomba-pressurizadora-automatica-5-0-gpm-60-psi-12v\/#breadcrumb","itemListElement":[{"@type":"ListItem","position":1,"name":"Home","item":"https:\/\/cdvr.com.br\/matsuri\/"},{"@type":"ListItem","position":2,"name":"Produtos","item":"https:\/\/cdvr.com.br\/matsuri\/produtos\/"},{"@type":"ListItem","position":3,"name":"5.0 GPM 60 PSI 12V Bomba Pressurizadora Autom\u00e1tica"}]},{"@type":"WebSite","@id":"https:\/\/cdvr.com.br\/matsuri\/#website","url":"https:\/\/cdvr.com.br\/matsuri\/","name":"Matsuri","description":"Tecnologia Japonesa","publisher":{"@id":"https:\/\/cdvr.com.br\/matsuri\/#organization"},"potentialAction":[{"@type":"SearchAction","target":{"@type":"EntryPoint","urlTemplate":"https:\/\/cdvr.com.br\/matsuri\/?s={search_term_string}"},"query-input":{"@type":"PropertyValueSpecification","valueRequired":true,"valueName":"search_term_string"}}],"inLanguage":"pt-BR"},{"@type":"Organization","@id":"https:\/\/cdvr.com.br\/matsuri\/#organization","name":"Matsuri","url":"https:\/\/cdvr.com.br\/matsuri\/","logo":{"@type":"ImageObject","inLanguage":"pt-BR","@id":"https:\/\/cdvr.com.br\/matsuri\/#\/schema\/logo\/image\/","url":"https:\/\/cdvr.com.br\/matsuri\/wp-content\/uploads\/2023\/02\/cropped-Logo-Matsuri-2-1-1.png","contentUrl":"https:\/\/cdvr.com.br\/matsuri\/wp-content\/uploads\/2023\/02\/cropped-Logo-Matsuri-2-1-1.png","width":195,"height":60,"caption":"Matsuri"},"image":{"@id":"https:\/\/cdvr.com.br\/matsuri\/#\/schema\/logo\/image\/"},"sameAs":["https:\/\/www.facebook.com\/matsuri.tecnologia\/"]}]}},"_links":{"self":[{"href":"https:\/\/cdvr.com.br\/matsuri\/wp-json\/wp\/v2\/product\/663","targetHints":{"allow":["GET"]}}],"collection":[{"href":"https:\/\/cdvr.com.br\/matsuri\/wp-json\/wp\/v2\/product"}],"about":[{"href":"https:\/\/cdvr.com.br\/matsuri\/wp-json\/wp\/v2\/types\/product"}],"replies":[{"embeddable":true,"href":"https:\/\/cdvr.com.br\/matsuri\/wp-json\/wp\/v2\/comments?post=663"}],"wp:featuredmedia":[{"embeddable":true,"href":"https:\/\/cdvr.com.br\/matsuri\/wp-json\/wp\/v2\/media\/1512"}],"wp:attachment":[{"href":"https:\/\/cdvr.com.br\/matsuri\/wp-json\/wp\/v2\/media?parent=663"}],"wp:term":[{"taxonomy":"product_brand","embeddable":true,"href":"https:\/\/cdvr.com.br\/matsuri\/wp-json\/wp\/v2\/product_brand?post=663"},{"taxonomy":"product_cat","embeddable":true,"href":"https:\/\/cdvr.com.br\/matsuri\/wp-json\/wp\/v2\/product_cat?post=663"},{"taxonomy":"product_tag","embeddable":true,"href":"https:\/\/cdvr.com.br\/matsuri\/wp-json\/wp\/v2\/product_tag?post=663"}],"curies":[{"name":"wp","href":"https:\/\/api.w.org\/{rel}","templated":true}]}}