{"id":852,"date":"2022-11-26T09:24:02","date_gmt":"2022-11-26T12:24:02","guid":{"rendered":"https:\/\/cdvr.com.br\/matsuri\/?post_type=product&#038;p=852"},"modified":"2025-05-26T21:08:05","modified_gmt":"2025-05-27T00:08:05","slug":"4-0-gpm-60-psi-12v-bomba-pressurizadora-automatica","status":"publish","type":"product","link":"https:\/\/cdvr.com.br\/matsuri\/product\/4-0-gpm-60-psi-12v-bomba-pressurizadora-automatica\/","title":{"rendered":"SERIE 75  Bomba Pressurizadora Autom\u00e1tica com Reciclo Interno"},"content":{"rendered":"<p style=\"text-align: justify;\"><span style=\"font-family: arial, helvetica, sans-serif; font-size: 16px;\">A Bomba Pressurizadora Autom\u00e1tico\u00a0<strong>MATSURI<\/strong><sup>\u00ae\u00a0\u00a0<\/sup>utilizada para o bombeamento de \u00e1gua em embarca\u00e7\u00f5es, motor homes, trailers, sistemas de pulveriza\u00e7\u00e3o agr\u00edcola e industrial.\u00a0O sistema autom\u00e1tico e feito por um i<a href=\"https:\/\/cdvr.com.br\/matsuri\/categorias\/acessorios\/micro-chave\/\">nterruptor<\/a><a href=\"https:\/\/cdvr.com.br\/matsuri\/categorias\/acessorios\/micro-chave\/\"> de press\u00e3o\u00a0<\/a>embutido, que liga e desliga automaticamente quando a torneira \u00e9 aberta e fechada. Pode ser utilizado com o\u00a0<a href=\"https:\/\/cdvr.com.br\/matsuri\/categorias\/acumulador-de-pressao\/\">acumulador de press\u00e3o\u00a0<strong>MATSURI<\/strong><sup>\u00ae.<\/sup><\/a>\u00a0<\/span><\/p>\n<p>&nbsp;<\/p>\n<table style=\"height: 300px; width: 99.0931%;\" border=\"1\" cellspacing=\"1\" cellpadding=\"1\">\n<tbody>\n<tr>\n<td style=\"text-align: center; width: 100%;\"><img fetchpriority=\"high\" decoding=\"async\" class=\"\" src=\"https:\/\/cdvr.com.br\/matsuri\/wp-content\/uploads\/2023\/06\/bomba_reciclo_medidas_MATSURI-1.png\" alt=\"\" width=\"760\" height=\"246\" \/><\/td>\n<\/tr>\n<\/tbody>\n<\/table>\n<p><span style=\"font-family: arial,helvetica,sans-serif;\"><strong>LOG\u00cdSTICA\u00a0NORTHEN<\/strong><\/span><\/p>\n<p><span style=\"font-family: arial,helvetica,sans-serif;\">Equipe treinada, agilidade no atendimento e assist\u00eancia p\u00f3s\u00a0 vendas.\u00a0<a href=\"https:\/\/www.youtube.com\/watch?v=BppJDv-SoWI\">Conhe\u00e7a a\u00a0<strong>MATSURI<\/strong><\/a><sup>\u00ae\u00a0<\/sup><\/span><\/p>\n<h2>\u00a0<\/h2>\n","protected":false},"excerpt":{"rendered":"<p>A Bomba Pressurizadora Autom\u00e1tico\u00a0MATSURI\u00ae\u00a0\u00a0utilizada para o bombeamento de \u00e1gua em embarca\u00e7\u00f5es, motor homes, trailers, sistemas de pulveriza\u00e7\u00e3o agr\u00edcola e industrial.\u00a0O sistema autom\u00e1tico e feito por um interruptor de press\u00e3o\u00a0embutido, que liga e desliga automaticamente quando a torneira \u00e9 aberta e fechada. Pode ser utilizado com o\u00a0acumulador de press\u00e3o\u00a0MATSURI\u00ae.\u00a0 &nbsp; LOG\u00cdSTICA\u00a0NORTHEN Equipe treinada, agilidade no atendimento [&hellip;]<\/p>\n","protected":false},"featured_media":1547,"comment_status":"closed","ping_status":"closed","template":"","meta":{"_joinchat":[]},"product_brand":[],"product_cat":[91],"product_tag":[],"class_list":{"0":"post-852","1":"product","2":"type-product","3":"status-publish","4":"has-post-thumbnail","6":"product_cat-bombas-pressurizadoras","8":"first","9":"instock","10":"shipping-taxable","11":"product-type-simple"},"yoast_head":"<!-- This site is optimized with the Yoast SEO plugin v27.5 - https:\/\/yoast.com\/product\/yoast-seo-wordpress\/ -->\n<title>Bomba Pressurizadora Autom\u00e1tica com Reciclo Interno<\/title>\n<meta name=\"description\" content=\"Pressurizadora Autom\u00e1tica\u00a0\u00e9 ideal para aplica\u00e7\u00e3o n\u00e1utica, trailers, residencial e agr\u00edcola, alta efici\u00eancia, baixo consumo e confiabilidade.\" \/>\n<meta name=\"robots\" content=\"index, follow, max-snippet:-1, max-image-preview:large, max-video-preview:-1\" \/>\n<link rel=\"canonical\" href=\"https:\/\/cdvr.com.br\/matsuri\/product\/4-0-gpm-60-psi-12v-bomba-pressurizadora-automatica\/\" \/>\n<meta property=\"og:locale\" content=\"pt_BR\" \/>\n<meta property=\"og:type\" content=\"article\" \/>\n<meta property=\"og:title\" content=\"Bomba Pressurizadora Autom\u00e1tica com Reciclo Interno\" \/>\n<meta property=\"og:description\" content=\"Pressurizadora Autom\u00e1tica\u00a0\u00e9 ideal para aplica\u00e7\u00e3o n\u00e1utica, trailers, residencial e agr\u00edcola, alta efici\u00eancia, baixo consumo e confiabilidade.\" \/>\n<meta property=\"og:url\" content=\"https:\/\/cdvr.com.br\/matsuri\/product\/4-0-gpm-60-psi-12v-bomba-pressurizadora-automatica\/\" \/>\n<meta property=\"og:site_name\" content=\"Matsuri\" \/>\n<meta property=\"article:publisher\" content=\"https:\/\/www.facebook.com\/matsuri.tecnologia\/\" \/>\n<meta property=\"article:modified_time\" content=\"2025-05-27T00:08:05+00:00\" \/>\n<meta property=\"og:image\" content=\"https:\/\/cdvr.com.br\/matsuri\/wp-content\/uploads\/2023\/06\/bomba_reciclo_medidas_MATSURI-1.png\" \/>\n<meta name=\"twitter:card\" content=\"summary_large_image\" \/>\n<meta name=\"twitter:label1\" content=\"Est. tempo de leitura\" \/>\n\t<meta name=\"twitter:data1\" content=\"1 minuto\" \/>\n<script type=\"application\/ld+json\" class=\"yoast-schema-graph\">{\"@context\":\"https:\\\/\\\/schema.org\",\"@graph\":[{\"@type\":\"WebPage\",\"@id\":\"https:\\\/\\\/cdvr.com.br\\\/matsuri\\\/product\\\/4-0-gpm-60-psi-12v-bomba-pressurizadora-automatica\\\/\",\"url\":\"https:\\\/\\\/cdvr.com.br\\\/matsuri\\\/product\\\/4-0-gpm-60-psi-12v-bomba-pressurizadora-automatica\\\/\",\"name\":\"Bomba Pressurizadora Autom\u00e1tica com Reciclo Interno\",\"isPartOf\":{\"@id\":\"https:\\\/\\\/cdvr.com.br\\\/matsuri\\\/#website\"},\"primaryImageOfPage\":{\"@id\":\"https:\\\/\\\/cdvr.com.br\\\/matsuri\\\/product\\\/4-0-gpm-60-psi-12v-bomba-pressurizadora-automatica\\\/#primaryimage\"},\"image\":{\"@id\":\"https:\\\/\\\/cdvr.com.br\\\/matsuri\\\/product\\\/4-0-gpm-60-psi-12v-bomba-pressurizadora-automatica\\\/#primaryimage\"},\"thumbnailUrl\":\"https:\\\/\\\/cdvr.com.br\\\/matsuri\\\/wp-content\\\/uploads\\\/matsuri-produtos\\\/bomba-pressurizadora-4gpm.jpg\",\"datePublished\":\"2022-11-26T12:24:02+00:00\",\"dateModified\":\"2025-05-27T00:08:05+00:00\",\"description\":\"Pressurizadora Autom\u00e1tica\u00a0\u00e9 ideal para aplica\u00e7\u00e3o n\u00e1utica, trailers, residencial e agr\u00edcola, alta efici\u00eancia, baixo consumo e confiabilidade.\",\"breadcrumb\":{\"@id\":\"https:\\\/\\\/cdvr.com.br\\\/matsuri\\\/product\\\/4-0-gpm-60-psi-12v-bomba-pressurizadora-automatica\\\/#breadcrumb\"},\"inLanguage\":\"pt-BR\",\"potentialAction\":[{\"@type\":\"ReadAction\",\"target\":[\"https:\\\/\\\/cdvr.com.br\\\/matsuri\\\/product\\\/4-0-gpm-60-psi-12v-bomba-pressurizadora-automatica\\\/\"]}]},{\"@type\":\"ImageObject\",\"inLanguage\":\"pt-BR\",\"@id\":\"https:\\\/\\\/cdvr.com.br\\\/matsuri\\\/product\\\/4-0-gpm-60-psi-12v-bomba-pressurizadora-automatica\\\/#primaryimage\",\"url\":\"https:\\\/\\\/cdvr.com.br\\\/matsuri\\\/wp-content\\\/uploads\\\/matsuri-produtos\\\/bomba-pressurizadora-4gpm.jpg\",\"contentUrl\":\"https:\\\/\\\/cdvr.com.br\\\/matsuri\\\/wp-content\\\/uploads\\\/matsuri-produtos\\\/bomba-pressurizadora-4gpm.jpg\",\"width\":600,\"height\":388},{\"@type\":\"BreadcrumbList\",\"@id\":\"https:\\\/\\\/cdvr.com.br\\\/matsuri\\\/product\\\/4-0-gpm-60-psi-12v-bomba-pressurizadora-automatica\\\/#breadcrumb\",\"itemListElement\":[{\"@type\":\"ListItem\",\"position\":1,\"name\":\"Home\",\"item\":\"https:\\\/\\\/cdvr.com.br\\\/matsuri\\\/\"},{\"@type\":\"ListItem\",\"position\":2,\"name\":\"Produtos\",\"item\":\"https:\\\/\\\/cdvr.com.br\\\/matsuri\\\/produtos\\\/\"},{\"@type\":\"ListItem\",\"position\":3,\"name\":\"SERIE 75 Bomba Pressurizadora Autom\u00e1tica com Reciclo Interno\"}]},{\"@type\":\"WebSite\",\"@id\":\"https:\\\/\\\/cdvr.com.br\\\/matsuri\\\/#website\",\"url\":\"https:\\\/\\\/cdvr.com.br\\\/matsuri\\\/\",\"name\":\"Matsuri\",\"description\":\"Tecnologia Japonesa\",\"publisher\":{\"@id\":\"https:\\\/\\\/cdvr.com.br\\\/matsuri\\\/#organization\"},\"potentialAction\":[{\"@type\":\"SearchAction\",\"target\":{\"@type\":\"EntryPoint\",\"urlTemplate\":\"https:\\\/\\\/cdvr.com.br\\\/matsuri\\\/?s={search_term_string}\"},\"query-input\":{\"@type\":\"PropertyValueSpecification\",\"valueRequired\":true,\"valueName\":\"search_term_string\"}}],\"inLanguage\":\"pt-BR\"},{\"@type\":\"Organization\",\"@id\":\"https:\\\/\\\/cdvr.com.br\\\/matsuri\\\/#organization\",\"name\":\"Matsuri\",\"url\":\"https:\\\/\\\/cdvr.com.br\\\/matsuri\\\/\",\"logo\":{\"@type\":\"ImageObject\",\"inLanguage\":\"pt-BR\",\"@id\":\"https:\\\/\\\/cdvr.com.br\\\/matsuri\\\/#\\\/schema\\\/logo\\\/image\\\/\",\"url\":\"https:\\\/\\\/cdvr.com.br\\\/matsuri\\\/wp-content\\\/uploads\\\/2023\\\/02\\\/cropped-Logo-Matsuri-2-1-1.png\",\"contentUrl\":\"https:\\\/\\\/cdvr.com.br\\\/matsuri\\\/wp-content\\\/uploads\\\/2023\\\/02\\\/cropped-Logo-Matsuri-2-1-1.png\",\"width\":195,\"height\":60,\"caption\":\"Matsuri\"},\"image\":{\"@id\":\"https:\\\/\\\/cdvr.com.br\\\/matsuri\\\/#\\\/schema\\\/logo\\\/image\\\/\"},\"sameAs\":[\"https:\\\/\\\/www.facebook.com\\\/matsuri.tecnologia\\\/\"]}]}<\/script>\n<!-- \/ Yoast SEO plugin. -->","yoast_head_json":{"title":"Bomba Pressurizadora Autom\u00e1tica com Reciclo Interno","description":"Pressurizadora Autom\u00e1tica\u00a0\u00e9 ideal para aplica\u00e7\u00e3o n\u00e1utica, trailers, residencial e agr\u00edcola, alta efici\u00eancia, baixo consumo e confiabilidade.","robots":{"index":"index","follow":"follow","max-snippet":"max-snippet:-1","max-image-preview":"max-image-preview:large","max-video-preview":"max-video-preview:-1"},"canonical":"https:\/\/cdvr.com.br\/matsuri\/product\/4-0-gpm-60-psi-12v-bomba-pressurizadora-automatica\/","og_locale":"pt_BR","og_type":"article","og_title":"Bomba Pressurizadora Autom\u00e1tica com Reciclo Interno","og_description":"Pressurizadora Autom\u00e1tica\u00a0\u00e9 ideal para aplica\u00e7\u00e3o n\u00e1utica, trailers, residencial e agr\u00edcola, alta efici\u00eancia, baixo consumo e confiabilidade.","og_url":"https:\/\/cdvr.com.br\/matsuri\/product\/4-0-gpm-60-psi-12v-bomba-pressurizadora-automatica\/","og_site_name":"Matsuri","article_publisher":"https:\/\/www.facebook.com\/matsuri.tecnologia\/","article_modified_time":"2025-05-27T00:08:05+00:00","og_image":[{"url":"https:\/\/cdvr.com.br\/matsuri\/wp-content\/uploads\/2023\/06\/bomba_reciclo_medidas_MATSURI-1.png","type":"","width":"","height":""}],"twitter_card":"summary_large_image","twitter_misc":{"Est. tempo de leitura":"1 minuto"},"schema":{"@context":"https:\/\/schema.org","@graph":[{"@type":"WebPage","@id":"https:\/\/cdvr.com.br\/matsuri\/product\/4-0-gpm-60-psi-12v-bomba-pressurizadora-automatica\/","url":"https:\/\/cdvr.com.br\/matsuri\/product\/4-0-gpm-60-psi-12v-bomba-pressurizadora-automatica\/","name":"Bomba Pressurizadora Autom\u00e1tica com Reciclo Interno","isPartOf":{"@id":"https:\/\/cdvr.com.br\/matsuri\/#website"},"primaryImageOfPage":{"@id":"https:\/\/cdvr.com.br\/matsuri\/product\/4-0-gpm-60-psi-12v-bomba-pressurizadora-automatica\/#primaryimage"},"image":{"@id":"https:\/\/cdvr.com.br\/matsuri\/product\/4-0-gpm-60-psi-12v-bomba-pressurizadora-automatica\/#primaryimage"},"thumbnailUrl":"https:\/\/cdvr.com.br\/matsuri\/wp-content\/uploads\/matsuri-produtos\/bomba-pressurizadora-4gpm.jpg","datePublished":"2022-11-26T12:24:02+00:00","dateModified":"2025-05-27T00:08:05+00:00","description":"Pressurizadora Autom\u00e1tica\u00a0\u00e9 ideal para aplica\u00e7\u00e3o n\u00e1utica, trailers, residencial e agr\u00edcola, alta efici\u00eancia, baixo consumo e confiabilidade.","breadcrumb":{"@id":"https:\/\/cdvr.com.br\/matsuri\/product\/4-0-gpm-60-psi-12v-bomba-pressurizadora-automatica\/#breadcrumb"},"inLanguage":"pt-BR","potentialAction":[{"@type":"ReadAction","target":["https:\/\/cdvr.com.br\/matsuri\/product\/4-0-gpm-60-psi-12v-bomba-pressurizadora-automatica\/"]}]},{"@type":"ImageObject","inLanguage":"pt-BR","@id":"https:\/\/cdvr.com.br\/matsuri\/product\/4-0-gpm-60-psi-12v-bomba-pressurizadora-automatica\/#primaryimage","url":"https:\/\/cdvr.com.br\/matsuri\/wp-content\/uploads\/matsuri-produtos\/bomba-pressurizadora-4gpm.jpg","contentUrl":"https:\/\/cdvr.com.br\/matsuri\/wp-content\/uploads\/matsuri-produtos\/bomba-pressurizadora-4gpm.jpg","width":600,"height":388},{"@type":"BreadcrumbList","@id":"https:\/\/cdvr.com.br\/matsuri\/product\/4-0-gpm-60-psi-12v-bomba-pressurizadora-automatica\/#breadcrumb","itemListElement":[{"@type":"ListItem","position":1,"name":"Home","item":"https:\/\/cdvr.com.br\/matsuri\/"},{"@type":"ListItem","position":2,"name":"Produtos","item":"https:\/\/cdvr.com.br\/matsuri\/produtos\/"},{"@type":"ListItem","position":3,"name":"SERIE 75 Bomba Pressurizadora Autom\u00e1tica com Reciclo Interno"}]},{"@type":"WebSite","@id":"https:\/\/cdvr.com.br\/matsuri\/#website","url":"https:\/\/cdvr.com.br\/matsuri\/","name":"Matsuri","description":"Tecnologia Japonesa","publisher":{"@id":"https:\/\/cdvr.com.br\/matsuri\/#organization"},"potentialAction":[{"@type":"SearchAction","target":{"@type":"EntryPoint","urlTemplate":"https:\/\/cdvr.com.br\/matsuri\/?s={search_term_string}"},"query-input":{"@type":"PropertyValueSpecification","valueRequired":true,"valueName":"search_term_string"}}],"inLanguage":"pt-BR"},{"@type":"Organization","@id":"https:\/\/cdvr.com.br\/matsuri\/#organization","name":"Matsuri","url":"https:\/\/cdvr.com.br\/matsuri\/","logo":{"@type":"ImageObject","inLanguage":"pt-BR","@id":"https:\/\/cdvr.com.br\/matsuri\/#\/schema\/logo\/image\/","url":"https:\/\/cdvr.com.br\/matsuri\/wp-content\/uploads\/2023\/02\/cropped-Logo-Matsuri-2-1-1.png","contentUrl":"https:\/\/cdvr.com.br\/matsuri\/wp-content\/uploads\/2023\/02\/cropped-Logo-Matsuri-2-1-1.png","width":195,"height":60,"caption":"Matsuri"},"image":{"@id":"https:\/\/cdvr.com.br\/matsuri\/#\/schema\/logo\/image\/"},"sameAs":["https:\/\/www.facebook.com\/matsuri.tecnologia\/"]}]}},"_links":{"self":[{"href":"https:\/\/cdvr.com.br\/matsuri\/wp-json\/wp\/v2\/product\/852","targetHints":{"allow":["GET"]}}],"collection":[{"href":"https:\/\/cdvr.com.br\/matsuri\/wp-json\/wp\/v2\/product"}],"about":[{"href":"https:\/\/cdvr.com.br\/matsuri\/wp-json\/wp\/v2\/types\/product"}],"replies":[{"embeddable":true,"href":"https:\/\/cdvr.com.br\/matsuri\/wp-json\/wp\/v2\/comments?post=852"}],"wp:featuredmedia":[{"embeddable":true,"href":"https:\/\/cdvr.com.br\/matsuri\/wp-json\/wp\/v2\/media\/1547"}],"wp:attachment":[{"href":"https:\/\/cdvr.com.br\/matsuri\/wp-json\/wp\/v2\/media?parent=852"}],"wp:term":[{"taxonomy":"product_brand","embeddable":true,"href":"https:\/\/cdvr.com.br\/matsuri\/wp-json\/wp\/v2\/product_brand?post=852"},{"taxonomy":"product_cat","embeddable":true,"href":"https:\/\/cdvr.com.br\/matsuri\/wp-json\/wp\/v2\/product_cat?post=852"},{"taxonomy":"product_tag","embeddable":true,"href":"https:\/\/cdvr.com.br\/matsuri\/wp-json\/wp\/v2\/product_tag?post=852"}],"curies":[{"name":"wp","href":"https:\/\/api.w.org\/{rel}","templated":true}]}}